{"id":67,"date":"2023-04-03T19:27:59","date_gmt":"2023-04-03T17:27:59","guid":{"rendered":"https:\/\/consolatozurigo.esteri.it\/?page_id=67"},"modified":"2026-04-02T14:06:57","modified_gmt":"2026-04-02T18:06:57","slug":"passaporti-e-carte-didentita","status":"publish","type":"page","link":"https:\/\/conscaracas.esteri.it\/it\/servizi-consolari-e-visti\/servizi-per-il-cittadino-italiano\/documenti-di-viaggio-e-didentita-2\/passaporti-e-carte-didentita\/","title":{"rendered":"Passaporti"},"content":{"rendered":"<h5><a href=\"https:\/\/conscaracas.esteri.it\/it\/news\/dal_consolato\/2023\/07\/innovazioni-nella-procedura-di-assenso-al-rilascio-del-passaporto-a-favore-di-genitori-di-figli-minori\/\"><strong>SI RICORDA:<\/strong> che per il rilascio del passaporto a favore di un adulto con figli minori NON occorre pi\u00f9 il consenso dell\u2019altro genitore<\/a><\/h5>\n<p>&nbsp;<\/p>\n<p><strong>Gli appuntamenti per l\u2019Ufficio passaporti sono completamente gratuiti e vengono gestiti esclusivamente tramite <a href=\"https:\/\/prenotami.esteri.it\/\">Prenot@Mi. <\/a><\/strong>Tuttavia, chi \u00e8 <strong>SOLO CITTADINO ITALIANO<\/strong>, potr\u00e0 chiedere appuntamento scrivendo una mail all&#8217;indirizzo passaporti.caracas@esteri.it. La preghiamo di mettere in oggetto: &#8220;appuntamento cittadino solo italiano&#8221; e di allegare copia della &#8220;cedula&#8221; o visto di residenza venezuelano.<\/p>\n<p>A\u00a0partire dal 03\/04\/2026 e per tutti i venerd\u00ec successivi, verranno resi disponibili settimanalmente 100 appuntamenti aggiuntivi sul portale Prenot@mi.\u00a0Una volta esauriti gli slot disponibili, sar\u00e0 necessario attendere la nuova apertura del venerd\u00ec seguente. Gli utenti sono pregati di usufruire di questa opportunit\u00e0 per richieste di emergenza.<\/p>\n<p>In caso di dubbi, La invitiamo a consultare la sezione delle domande frequenti dedicata ai passaporti: <a href=\"https:\/\/conscaracas.esteri.it\/it\/servizi-consolari-e-visti\/servizi-per-il-cittadino-italiano\/altri-servizi\/albo-consolare\/domande-frequenti-faq\/domande-su-passaporti\/\"><button type=\"button\" data-url=\"https:\/\/conscaracas.esteri.it\/es\/servizi-consolari-e-visti\/servizi-per-il-cittadino-italiano\/altri-servizi\/albo-consolare\/preguntas-frecuentes-faq\/preguntas-sobre-pasaportes-2\/.html\">Domande frequenti su passaporti<\/button><\/a><\/p>\n<p>&nbsp;<\/p>\n<table width=\"0\">\n<tbody>\n<tr>\n<td width=\"718\">&nbsp;<\/p>\n<p><strong>REQUISITI PER LA DOMANDA DI PASSAPORTO PER I CITTADINI DI ET\u00c0 SUPERIORE AI 18 ANNI<\/strong><\/p>\n<p><strong>\u00a0<\/strong><\/td>\n<\/tr>\n<\/tbody>\n<\/table>\n<ul>\n<li>Mail dell\u2019appuntamento stampata<\/li>\n<li>Copia della carta d&#8217;identit\u00e0 venezuelana o del documento d\u2019identit\u00e0 del paese d\u2019origine<\/li>\n<li>Attestato di residenza del richiedente rilasciato dal <strong>CNE, <\/strong>firmato e con il timbro del Comune. Altrimenti, nell&#8217;impossibilit\u00e0 di ottenere l&#8217;attestato da parte del CNE, sar\u00e0 possibile presentare: attestato di residenza rilasciato da (a) Consejo Comunal; (b) Alcald\u00eda; (c) bolletta d&#8217;utenza.<\/li>\n<li>La foto sar\u00e0 scattata presso la sede del Consolato<\/li>\n<li>In caso di smarrimento, furto o rapina, presentare la denuncia presso l\u2019organo di polizia<\/li>\n<li>Il giorno dell\u2019appuntamento va effettuato presso la nostra Sede il pagamento del passaporto per l&#8217;importo dell&#8217;art. 27A della <a href=\"https:\/\/conscaracas.esteri.it\/es\/servizi-consolari-e-visti\/servizi-per-il-cittadino-italiano\/altri-servizi\/albo-consolare\/risorse-informative\/\">tabella dei diritti consolari<\/a> in Bolivares, SOLO con carta di debito <u>venezuelana<\/u><\/li>\n<li>In caso di rinnovo, presentare il passaporto italiano precedente, assieme ai requisiti sopraindicati<\/li>\n<\/ul>\n<table width=\"0\">\n<tbody>\n<tr>\n<td width=\"737\">&nbsp;<\/p>\n<p><strong>REQUISITI PER LA DOMANDA DI PASSAPORTO PER I CITTADINI DI ET\u00c0 INFERIORE AI 18 ANNI<\/strong><\/p>\n<p><strong>\u00a0<\/strong><\/td>\n<\/tr>\n<\/tbody>\n<\/table>\n<ul>\n<li>Mail dell\u2019appuntamento stampata<\/li>\n<li>Copia della carta d&#8217;identit\u00e0 venezuelana o del passaporto venezuelano o del documento d\u2019identit\u00e0 del paese d\u2019origine del minore (non sar\u00e0 accettato l\u2019atto di nascita in sostituzione di questo requisito)<\/li>\n<li>Copia della carta d&#8217;identit\u00e0 venezuelana o del documento d\u2019identit\u00e0 del paese d\u2019origine di entrambi i genitori del minore o del suo rappresentante legale<\/li>\n<li>Attestato di residenza del richiedente rilasciato dal <strong>CNE, <\/strong>firmato e con il timbro del Comune del luogo di residenza del genitore con cui risiede il minorenne; se risiede con entrambi, quello del genitore italiano; e se fosse il caso, del rappresentante legale del minore Altrimenti, nell&#8217;impossibilit\u00e0 di ottenere l&#8217;attestato da parte del CNE, sar\u00e0 possibile presentare: attestato di residenza rilasciato da (a) Consejo Comunal; (b) Alcald\u00eda; (c) bolletta d&#8217;utenza.<\/li>\n<li>Se il passaporto \u00e8 per i minori di 6 anni, occorre portare una foto scattata in uno studio fotografico (foto a colori, tipo passaporto 3,5 x 4 cm, sfondo bianco)<\/li>\n<li>In caso di smarrimento, furto o rapina, occorre la denuncia presso l\u2019organo di polizia<\/li>\n<li>Il giorno dell\u2019appuntamento va effettuato presso la nostra Sede il pagamento del passaporto per l&#8217;importo dell&#8217;art. 27A della <a href=\"https:\/\/conscaracas.esteri.it\/es\/servizi-consolari-e-visti\/servizi-per-il-cittadino-italiano\/altri-servizi\/albo-consolare\/risorse-informative\/\">tabella dei diritti consolari<\/a> in Bolivares, SOLO con carta di debito <u>venezuelana<\/u><\/li>\n<li>In caso di rinnovo, presentare il passaporto italiano precedente, assieme ai requisiti sopraindicati<\/li>\n<li>\u00c8 necessaria la presenza del minore e di entrambi i genitori o del suo rappresentante legale, per la firma dell\u2019atto di assenso. Se uno dei genitori \u00e8 assente il giorno dell\u2019appuntamento per trovarsi all\u2019interno o all\u2019estero del paese, per l\u2019ottenimento del atto di assenso, si dovr\u00e0 procedere come segue:<\/li>\n<\/ul>\n<p>&nbsp;<\/p>\n<ol>\n<li><strong><u>Genitore cittadino dell\u2019Unione Europea<\/u><\/strong>: portare il modulo dell&#8217;atto di assenso, che dovr\u00e0 scaricare dal seguente <a href=\"https:\/\/conscaracas.esteri.it\/wp-content\/uploads\/2023\/11\/ATTO-ASSENSO-Minori.docx\">link<\/a>, compilato e firmato da quest&#8217;ultimo e munito di una copia del documento d\u2019 identit\u00e0 italiano o del paese della rispettiva cittadinanza europea, la quale sar\u00e0 consegnata il giorno dell&#8217;appuntamento dal genitore che accompagna il minore, unitamente agli altri requisiti.<\/li>\n<li><strong><u>Genitore NON cittadino dell\u2019Unione Europea<\/u><\/strong>: portare l&#8217;atto di assenso. La firma sul modulo dell&#8217;atto di assenso, scaricabile sul nostro <a href=\"https:\/\/conscaracas.esteri.it\/wp-content\/uploads\/2023\/11\/ATTO-ASSENSO-Minori.docx\">sito web<\/a>, dovr\u00e0 essere autenticata presso una Questura, per chi si trova in Italia; presso un Consolato Onorario, per chi si trova all&#8217;interno del paese o presso una Rappresentanza diplomatico-consolare del luogo di residenza, per chi si trova all&#8217;estero, munito in ogni caso dalla copia di un documento d&#8217;identit\u00e0.<\/li>\n<\/ol>\n<p><strong><u>IMPORTANTE<\/u><\/strong>: L&#8217;atto di assenso deve essere attuale, ovvero sottoscritto in una data vicina alla data dell&#8217;appuntamento per il rilascio del passaporto. Non verranno accettati atti di assenso con una data di sottoscrizione superiore a due mesi.<\/p>\n<p>&nbsp;<\/p>\n<p><strong><u>SI RICORDA<\/u><\/strong>:<\/p>\n<p>&nbsp;<\/p>\n<p>Per il rilascio del passaporto a favore di un <u>adulto con figli minori<\/u> NON ocorre pi\u00fa il consenso dell\u2019altro genitore.<\/p>\n<p>Il giorno dell\u2019appuntamento, in assenza di qualsiasi dei requisiti, NON verr\u00e0 accettata la richiesta del passaporto, senza eccezioni.<\/p>\n<p>Se l&#8217;appuntamento riguarda un gruppo familiare, ciascuno deve presentare i propri requisiti.<\/p>\n<p>&nbsp;<\/p>\n<p><strong>L&#8217;Ufficio Passaporti \u00e8 aperto dal luned\u00ec al venerd\u00ec dalle 8:00 alle 12:00.<\/strong><\/p>\n<p><strong><u>GLI APPUNTAMENTI ASSEGNATI DAL CONSOLATO GENERALE D\u2019ITALIA SONO GRATUITI<\/u><\/strong><\/p>\n<p style=\"text-align: center;\"><strong><u>D\u00cc NO ALLA FRODE<\/u><\/strong><\/p>\n","protected":false},"excerpt":{"rendered":"SI RICORDA: che per il rilascio del passaporto a favore di un adulto con figli minori NON occorre pi\u00f9 il consenso dell\u2019altro genitore &nbsp; Gli appuntamenti per l\u2019Ufficio passaporti sono completamente gratuiti e vengono gestiti esclusivamente tramite Prenot@Mi. Tuttavia, chi \u00e8 SOLO CITTADINO ITALIANO, potr\u00e0 chiedere appuntamento scrivendo una mail all&#8217;indirizzo passaporti.caracas@esteri.it. La preghiamo di [&hellip;]","protected":false},"author":1,"featured_media":0,"parent":3079,"menu_order":0,"comment_status":"closed","ping_status":"closed","template":"","meta":{"footnotes":""},"class_list":["post-67","page","type-page","status-publish","hentry"],"_links":{"self":[{"href":"https:\/\/conscaracas.esteri.it\/it\/wp-json\/wp\/v2\/pages\/67","targetHints":{"allow":["GET"]}}],"collection":[{"href":"https:\/\/conscaracas.esteri.it\/it\/wp-json\/wp\/v2\/pages"}],"about":[{"href":"https:\/\/conscaracas.esteri.it\/it\/wp-json\/wp\/v2\/types\/page"}],"author":[{"embeddable":true,"href":"https:\/\/conscaracas.esteri.it\/it\/wp-json\/wp\/v2\/users\/1"}],"replies":[{"embeddable":true,"href":"https:\/\/conscaracas.esteri.it\/it\/wp-json\/wp\/v2\/comments?post=67"}],"version-history":[{"count":6,"href":"https:\/\/conscaracas.esteri.it\/it\/wp-json\/wp\/v2\/pages\/67\/revisions"}],"predecessor-version":[{"id":4915,"href":"https:\/\/conscaracas.esteri.it\/it\/wp-json\/wp\/v2\/pages\/67\/revisions\/4915"}],"up":[{"embeddable":true,"href":"https:\/\/conscaracas.esteri.it\/it\/wp-json\/wp\/v2\/pages\/3079"}],"wp:attachment":[{"href":"https:\/\/conscaracas.esteri.it\/it\/wp-json\/wp\/v2\/media?parent=67"}],"curies":[{"name":"wp","href":"https:\/\/api.w.org\/{rel}","templated":true}]}}