{"id":459,"date":"2023-06-26T18:00:16","date_gmt":"2023-06-26T16:00:16","guid":{"rendered":"https:\/\/conscaracas.esteri.it\/?page_id=459"},"modified":"2025-12-16T10:01:55","modified_gmt":"2025-12-16T14:01:55","slug":"riacquisto-della-cittadinanza-italiana","status":"publish","type":"page","link":"https:\/\/conscaracas.esteri.it\/it\/servizi-consolari-e-visti\/servizi-per-il-cittadino-straniero\/cittadinanza\/riacquisto-della-cittadinanza-italiana\/","title":{"rendered":"Riacquisto della cittadinanza italiana"},"content":{"rendered":"<p>Riacquisto della cittadinanza<\/p>\n<p>a partire dal 01\/07\/2025 fino al 31\/12\/2027 sar\u00e0 possibile riacquistare la cittadinanza senza recarsi in Italia, bens\u00ec presentandosi presso questo Consolato generale.<\/p>\n<p>Per riacquistare la cittadinanza presso il Consolato generale occorre che si verifichino le due seguenti condizioni:<\/p>\n<ul>\n<li>Essere nati in Italia o averci risieduto per almeno due anni.<\/li>\n<li>Aver perduto la cittadinanza prima del 16 agosto 1992 a causa della propria naturalizzazione o della naturalizzazione del genitore.<\/li>\n<\/ul>\n<p>In assenza degli anzidetti presupposti NON sar\u00e0 possibile riacquistare la cittadinanza presso questo Consolato generale.<\/p>\n<p>In presenza degli anzidetti presupposti, per riacquistare la cittadinanza l\u2019interessato dovr\u00e0 presentare la seguente documentazione:<\/p>\n<ol>\n<li>Documento d\u2019identit\u00e0 del richiedente in corso di validit\u00e0.<\/li>\n<li>Scheda anagrafica, debitamente compilata e sottoscritta dal richiedente.<\/li>\n<li>Certificati di residenza intestati al richiedente, rilasciato dal CNE. Altrimenti, nell&#8217;impossibilit\u00e0 di ottenere l&#8217;attestato da parte del CNE, sar\u00e0 possibile presentare: attestato di residenza rilasciato da (a) Consejo Comunal o da (b) Alcald\u00eda. Inoltre sar\u00e0 necessario presentare una bolletta d&#8217;utenza e il RIF. Si ricorda che gli attestati hanno una validit\u00e0 di 6 mesi dalla data di emissione.<\/li>\n<li>Estratto dell\u2019atto di nascita del richiedente, rilasciato dal Comune competente.<\/li>\n<li>Datos filiatorios del richiedente, provvisto di Apostille e traduzione.<\/li>\n<li>Pagamento dell&#8217;importo che corrisponde all&#8217;art. 7c della tabella dei diritti consolari. \u00c8 possibile consultare la tabella nella sezione <a href=\"https:\/\/conscaracas.esteri.it\/it\/servizi-consolari-e-visti\/servizi-per-il-cittadino-italiano\/altri-servizi\/albo-consolare\/risorse-informative\/\">Albi e modulistica \u2013 Consolato Generale d&#8217;Italia Caracas<\/a>.<\/li>\n<\/ol>\n<p>NON sar\u00e0 possibile trasmettere la cittadinanza ai propri figli minori in virt\u00f9 del riacquisto.<\/p>\n","protected":false},"excerpt":{"rendered":"Riacquisto della cittadinanza a partire dal 01\/07\/2025 fino al 31\/12\/2027 sar\u00e0 possibile riacquistare la cittadinanza senza recarsi in Italia, bens\u00ec presentandosi presso questo Consolato generale. Per riacquistare la cittadinanza presso il Consolato generale occorre che si verifichino le due seguenti condizioni: Essere nati in Italia o averci risieduto per almeno due anni. Aver perduto la [&hellip;]","protected":false},"author":3,"featured_media":0,"parent":96,"menu_order":0,"comment_status":"closed","ping_status":"closed","template":"","meta":{"footnotes":""},"class_list":["post-459","page","type-page","status-publish","hentry"],"_links":{"self":[{"href":"https:\/\/conscaracas.esteri.it\/it\/wp-json\/wp\/v2\/pages\/459","targetHints":{"allow":["GET"]}}],"collection":[{"href":"https:\/\/conscaracas.esteri.it\/it\/wp-json\/wp\/v2\/pages"}],"about":[{"href":"https:\/\/conscaracas.esteri.it\/it\/wp-json\/wp\/v2\/types\/page"}],"author":[{"embeddable":true,"href":"https:\/\/conscaracas.esteri.it\/it\/wp-json\/wp\/v2\/users\/3"}],"replies":[{"embeddable":true,"href":"https:\/\/conscaracas.esteri.it\/it\/wp-json\/wp\/v2\/comments?post=459"}],"version-history":[{"count":7,"href":"https:\/\/conscaracas.esteri.it\/it\/wp-json\/wp\/v2\/pages\/459\/revisions"}],"predecessor-version":[{"id":4571,"href":"https:\/\/conscaracas.esteri.it\/it\/wp-json\/wp\/v2\/pages\/459\/revisions\/4571"}],"up":[{"embeddable":true,"href":"https:\/\/conscaracas.esteri.it\/it\/wp-json\/wp\/v2\/pages\/96"}],"wp:attachment":[{"href":"https:\/\/conscaracas.esteri.it\/it\/wp-json\/wp\/v2\/media?parent=459"}],"curies":[{"name":"wp","href":"https:\/\/api.w.org\/{rel}","templated":true}]}}