{"id":3831,"date":"2025-07-18T15:36:34","date_gmt":"2025-07-18T19:36:34","guid":{"rendered":"https:\/\/conscaracas.esteri.it\/?page_id=3831"},"modified":"2025-09-11T08:31:16","modified_gmt":"2025-09-11T12:31:16","slug":"domande-su-passaporti","status":"publish","type":"page","link":"https:\/\/conscaracas.esteri.it\/it\/servizi-consolari-e-visti\/servizi-per-il-cittadino-italiano\/altri-servizi\/albo-consolare\/domande-frequenti-faq\/domande-su-passaporti\/","title":{"rendered":"Domande su passaporti"},"content":{"rendered":"<h2><strong>REQUISITI E IDONEIT\u00c0<\/strong><\/h2>\n<ol>\n<li><strong>CHI PU\u00d2 RICHIEDERE IL PASSAPORTO? -&gt;\u00a0<\/strong><strong>SOLO<\/strong>\u00a0chi \u00e8 in possesso della cittadinanza italiana ed \u00e8 residente in questa Circoscrizione consolare. Se il richiedente ancora non ha la cittadinanza italiana, dovr\u00e0 fare prima la richiesta di cittadinanza.\u00a0<strong>In casi eccezionali<\/strong>, previa acquisizione del nulla osta e la delega del Consolato o questura competente per residenza, anche i cittadini non residenti il cui passaporto sia stato smarrito o derubato.<\/li>\n<li><strong>A partire da quando posso richiedere il rilascio di un nuovo passaporto? -&gt;<\/strong>Entro 6 mesi dalla scadenza.<\/li>\n<\/ol>\n<ol start=\"3\">\n<li><strong>Chi deve presentare una fototessera e chi no per il rilascio del passaporto?<\/strong><\/li>\n<\/ol>\n<p>Per i cittadini italiani di et\u00e0 superiore ai 6 anni: non \u00e8 necessario portare una foto, giacch\u00e9 viene fatta direttamente in Consolato.<\/p>\n<p>Per i minori di 6 anni: \u00e8 obbligatorio presentare una fototessera scattata in uno studio fotografico. La foto deve essere: a colori; formato 3,5 x 4 cm; con sfondo<\/p>\n<ol start=\"4\">\n<li><strong>Che documento devo presentare per dimostrare la residenza se il portale del CNE non funziona? -&gt;\u00a0<\/strong>RIF in corso di validit\u00e0, certificato di residenza rilasciato dal Consejo Comunal o Alcaldia e la ricevuta di pagamento di una bolletta di un servizio (luce, cellulare, internet, ecc.) a nome dell\u2019interessato o, se minorenne \/ maggiorenne convivente a carico, a nome dei genitori e\/o tutore.<\/li>\n<li><strong>Ho cambiato indirizzo\u2026 Devo aggiornare la mia residenza prima di richiedere il passaporto? -&gt;\u00a0<\/strong>S\u00ec, \u00e8 un requisito indispensabile. Questo aggiornamento deve essere effettuato tramite il portale FAST IT, seguendo le indicazioni del seguente link: <a href=\"https:\/\/conscaracas.esteri.it\/it\/servizi-consolari-e-visti\/servizi-per-il-cittadino-italiano\/anagrafe-degli-italiani-residenti-allestero-aire\/\"><button type=\"button\" data-url=\"https:\/\/conscaracas.esteri.it\/consolato_caracas\/it\/la_comunicazione\/dal_consolato\/anagrafe-degli-italiani-residenti-all.html\">Anagrafe degli Italiani residenti all\u2019estero (AIRE) \u2013 Consolato Generale d\u2019Italia Caracas<\/button><\/a><\/li>\n<\/ol>\n<p>&nbsp;<\/p>\n<h2><strong>VALIDIT\u00c0 E COSTI<\/strong><\/h2>\n<ol start=\"6\">\n<li><strong>Qual \u00e8 la validit\u00e0 del passaporto? -&gt;\u00a0<\/strong>3 anni per minori da 0 a 3 anni; 5 anni per minori da 4 a 17 anni; 10 anni per maggiorenni<\/li>\n<li><strong>Quanto costa il passaporto? -&gt;<\/strong>Vedere l\u2019art. 27A della tabella dei diritti consolari: <a href=\"https:\/\/conscaracas.esteri.it\/es\/servizi-consolari-e-visti\/servizi-per-il-cittadino-italiano\/altri-servizi\/albo-consolare\/planillas-y-registros\/\"><button type=\"button\" data-url=\"https:\/\/conscaracas.esteri.it\/consolato_caracas\/it\/informazioni_e_servizi\/modulistica\/\">Albi e modulistica \u2013 Consolato Generale d\u2019Italia Caracas<\/button><\/a><\/li>\n<\/ol>\n<h2><\/h2>\n<h2><strong>PROCEDURA DI RICHIESTA<\/strong><\/h2>\n<ol start=\"8\">\n<li><strong>Come si richiede\/rinnova il passaporto? -&gt;<\/strong>Tramite appuntamento sul portale\u00a0<a href=\"https:\/\/prenotami.esteri.it\/\">Prenot@mi<\/a>. \u00c8 obbligatorio presentarsi di persona.<\/li>\n<\/ol>\n<ol start=\"9\">\n<li><strong>Risiedo nell\u2019interno del Paese\u2026 posso chiedere il passaporto italiano senza recarmi a Caracas? -&gt;\u00a0<\/strong>S\u00ec, i cittadini italiani residenti all\u2019interno del Venezuela possono chiedere il \u00a0\u00a0 passaporto senza recarsi a Caracas. In questi casi, la richiesta pu\u00f2 essere presentata presso gli Uffici onorari di: Porlamar, Barquisimeto, Barinas, Maracay, Maturin, Puerto Ordaz, San Juan de Los Morros e Puerto La Cruz.<\/li>\n<\/ol>\n<p>Per fare un appuntamento presso un Ufficio onorario, consulti il seguente link per avere i dati di contatto: <a href=\"https:\/\/conscaracas.esteri.it\/it\/chi-siamo\/la-rete-consolare\/\"><button type=\"button\" data-url=\"https:\/\/conscaracas.esteri.it\/consolato_caracas\/it\/il_consolato\/la_rete_consolare\/\">La Rete Consolare \u2013 Consolato Generale d\u2019Italia Caracas<\/button><\/a><\/p>\n<p>&nbsp;<\/p>\n<h2><strong>MINORI E FAMIGLIA<\/strong><\/h2>\n<ol start=\"10\">\n<li><strong>Mio figlio minore deve avere passaporto venezuelano? -&gt;\u00a0<\/strong>Se suo figlio \u00e8 doppio cittadino e non avesse ancora una carta d\u2019identit\u00e0 venezuelana, dovr\u00e0 presentare in Consolato anche il passaporto del Paese di nascita.<\/li>\n<li><strong>Serve l\u2019assenso dell\u2019altro genitore per il rilascio del passaporto? -&gt;\u00a0<\/strong><a href=\"https:\/\/conscaracas.esteri.it\/it\/news\/dal_consolato\/2023\/07\/innovazioni-nella-procedura-di-assenso-al-rilascio-del-passaporto-a-favore-di-genitori-di-figli-minori\/\">Per s\u00e9 stessi: No, dal 14 giugno 2023 non \u00e8 pi\u00f9 richiesto<\/a>. Per i figli minori: S\u00ec, l\u2019assenso \u00e8 obbligatorio. \u00c8 obbligatoria la presenza del minore e di entrambi i genitori (o del rappresentante legale) presso il Consolato, al fine di firmare l\u2019atto di assenso.<\/li>\n<li><strong>Cosa devo fare se il genitore che deve dare l\u2019assenso \u00e8 assente? -&gt;\u00a0<\/strong>Se il genitore \u00e8 cittadino italiano ovvero dell\u2019Unione Europea: deve compilare e firmare il modulo dell\u2019atto di assenso\u00a0<a href=\"https:\/\/conscaracas.esteri.it\/wp-content\/uploads\/2023\/11\/ATTO-ASSENSO-Minori.docx\">(scaricabile dal sito del Consolato)<\/a>\u00a0e allegare una copia del documento d\u2019identit\u00e0. Il modulo e la copia devono essere consegnati dal genitore presente il giorno dell\u2019appuntamento. Se il genitore invece NON \u00e8 n\u00e9 cittadino italiano n\u00e9 dell\u2019Unione Europea: deve firmare il modulo dell\u2019atto di assenso con autentica della firma effettuata:<\/li>\n<\/ol>\n<ul>\n<li>presso una Questura (se si trova in Italia),<\/li>\n<li>presso un Consolato Onorario (se si trova in Venezuela),<\/li>\n<li>presso una Rappresentanza diplomatico-consolare italiana del Paese di residenza (se si trova all\u2019estero). Deve allegare una copia del documento d\u2019identit\u00e0.<\/li>\n<\/ul>\n<p>In questi casi, l\u2019Ufficio presso il quale sia stato sottoscritto l\u2019assenso dovr\u00e0 \u00a0 inviare il documento in via telematica.<\/p>\n<p>Si ricordi che l\u2019atto di assenso deve essere di recente data. Non verranno accettati atti di assenso con data di sottoscrizione superiore ai due mesi.<\/p>\n<p>&nbsp;<\/p>\n<h2><strong>SMARRIMENTO, FURTO E URGENZE<\/strong><\/h2>\n<ol start=\"13\">\n<li><strong>Cosa fare in caso di furto o smarrimento del passaporto? -&gt;<\/strong>Presentare denuncia alle autorit\u00e0 locali e richiedere un nuovo passaporto\/ETD. Tenga in considerazione che in questi casi SEMPRE dovr\u00e0 presentare al Consolato la denuncia effettuata.<\/li>\n<\/ol>\n<ol start=\"14\">\n<li><strong>Cos\u2019\u00e8 l\u2019ETD (Emergency Travel Document)? -&gt;\u00a0<\/strong>\u00c8 un documento provvisorio valido per il rientro in Italia o nel Paese di residenza, rilasciato in caso di furto\/smarrimento. Ha una validit\u00e0 limitata (es. 5 giorni) e non consente viaggi multipli.<\/li>\n<\/ol>\n<p>&nbsp;<\/p>\n<h2><strong>RICHIESTA DI APPUNTAMENTO PER IL RILASCIO\/RINNOVO DEL PASSAPORTO DEI CITTADINI SOLO ITALIANI<\/strong><\/h2>\n<ol>\n<li><strong>Ho solo la cittadinanza italiana, posso chiedere l&#8217;appuntamento via mail? -&gt; <\/strong>Si, per i soli cittadini italiani \u00e8 possibile chiedere l&#8217;appuntamento scrivendo una mail all&#8217;indirizzo passaporti.caracas@esteri.it. La preghiamo di mettere in oggetto: &#8220;appuntamento cittadino solo italiano&#8221; e di allegare copia della &#8220;cedula&#8221; o visto di residenza venezuelano.<\/li>\n<\/ol>\n<p>&nbsp;<\/p>\n<h2><strong>RICHIESTA DI APPUNTAMENTO TRAMITE PRENOT@MI<\/strong><\/h2>\n<ol start=\"15\">\n<li><strong>Quali sono le informazioni \/ documenti da compilare \/ caricare obbligatoriamente per programmare un appuntamento tramite Prenot@mi?\u00a0 -&gt;<\/strong>\u00a0I campi obbligatori sono quelli con l\u2019asterisco.<\/li>\n<li><strong>Dove il portale chiede di caricare il passaporto, cosa faccio se non ho un passaporto italiano precedente? -&gt;<\/strong>Questo capo non \u00e8 obbligatorio. Deve caricare il passaporto italiano solo se in possesso del medesimo.<\/li>\n<li><strong>Dove il portale chiede di caricare documento d\u2019identit\u00e0\/ viaggio, cosa devo caricare? -&gt;<\/strong>Deve caricare il documento d\u2019identit\u00e0 o passaporto venezuelano.<\/li>\n<\/ol>\n","protected":false},"excerpt":{"rendered":"REQUISITI E IDONEIT\u00c0 CHI PU\u00d2 RICHIEDERE IL PASSAPORTO? -&gt;\u00a0SOLO\u00a0chi \u00e8 in possesso della cittadinanza italiana ed \u00e8 residente in questa Circoscrizione consolare. Se il richiedente ancora non ha la cittadinanza italiana, dovr\u00e0 fare prima la richiesta di cittadinanza.\u00a0In casi eccezionali, previa acquisizione del nulla osta e la delega del Consolato o questura competente per residenza, [&hellip;]","protected":false},"author":3,"featured_media":0,"parent":978,"menu_order":0,"comment_status":"closed","ping_status":"closed","template":"","meta":{"footnotes":""},"class_list":["post-3831","page","type-page","status-publish","hentry"],"_links":{"self":[{"href":"https:\/\/conscaracas.esteri.it\/it\/wp-json\/wp\/v2\/pages\/3831","targetHints":{"allow":["GET"]}}],"collection":[{"href":"https:\/\/conscaracas.esteri.it\/it\/wp-json\/wp\/v2\/pages"}],"about":[{"href":"https:\/\/conscaracas.esteri.it\/it\/wp-json\/wp\/v2\/types\/page"}],"author":[{"embeddable":true,"href":"https:\/\/conscaracas.esteri.it\/it\/wp-json\/wp\/v2\/users\/3"}],"replies":[{"embeddable":true,"href":"https:\/\/conscaracas.esteri.it\/it\/wp-json\/wp\/v2\/comments?post=3831"}],"version-history":[{"count":7,"href":"https:\/\/conscaracas.esteri.it\/it\/wp-json\/wp\/v2\/pages\/3831\/revisions"}],"predecessor-version":[{"id":4367,"href":"https:\/\/conscaracas.esteri.it\/it\/wp-json\/wp\/v2\/pages\/3831\/revisions\/4367"}],"up":[{"embeddable":true,"href":"https:\/\/conscaracas.esteri.it\/it\/wp-json\/wp\/v2\/pages\/978"}],"wp:attachment":[{"href":"https:\/\/conscaracas.esteri.it\/it\/wp-json\/wp\/v2\/media?parent=3831"}],"curies":[{"name":"wp","href":"https:\/\/api.w.org\/{rel}","templated":true}]}}