{"id":373,"date":"2023-06-15T15:55:44","date_gmt":"2023-06-15T13:55:44","guid":{"rendered":"https:\/\/conscaracas.esteri.it\/?page_id=373"},"modified":"2025-12-18T09:56:44","modified_gmt":"2025-12-18T13:56:44","slug":"cittadinanza-iure-sanguinis","status":"publish","type":"page","link":"https:\/\/conscaracas.esteri.it\/it\/servizi-consolari-e-visti\/servizi-per-il-cittadino-straniero\/cittadinanza\/cittadinanza-iure-sanguinis\/","title":{"rendered":"Cittadinanza iure sanguinis"},"content":{"rendered":"<p><strong>CITTADINANZA IURE SANGUINIS<\/strong><\/p>\n<p><strong><u>PRIMA DI ESAMINARE I REQUISITI DI OGNI SINGOLA PRATICA SI PREGA DI LEGGERE CON ATTENZIONE LE SEGUENTI INFORMAZIONI<\/u><\/strong><\/p>\n<p><strong><u>Riferimenti principali<\/u><\/strong><\/p>\n<ul>\n<li>Legge 74\/25<\/li>\n<li>Legge 241\/90<\/li>\n<li>Legge 555\/12<\/li>\n<li>Legge 123\/83<\/li>\n<li>Legge 91\/92<\/li>\n<li>Circolare K28.1\/91 del Ministero dell\u2019Interno<\/li>\n<\/ul>\n<p><strong><u>Consulenze e richiesta di documenti<\/u><\/strong><\/p>\n<p><strong>Il Consolato generale NON fornisce consulenze sul diritto alla cittadinanza e non acquisisce n\u00e9 valuta preliminarmente la documentazione delle richieste, tantomeno via mail. L\u2019esame delle richieste avviene a seguito dell\u2019appuntamento ed \u00e8 subordinata al pagamento dei diritti consolari. Si ricorda che tale pagamento \u00e8 previsto per il solo controllo della documentazione e NON garantisce l\u2019esito positivo della richiesta.<\/strong><\/p>\n<p><strong><u>Condizioni preliminari per chiedere il riconoscimento della cittadinanza<\/u><\/strong><\/p>\n<p>La residenza nella <a href=\"https:\/\/conscaracas.esteri.it\/it\/chi-siamo\/la-rete-consolare\/\">circoscrizione consolare di questa Sede<\/a> \u00e8 un presupposto inderogabile per poter presentare la richiesta di cittadinanza a questo Consolato generale. In tal senso, la residenza si intende come il luogo dove abitualmente dimora una persona, ovvero il posto dove trascorre la maggior parte dell\u2019anno. <span style=\"color: #ff0000;\"><strong>Si ricorda che il Consolato generale ha l\u2019obbligo di segnalare alle competenti Autorit\u00e0 giudiziarie italiane la dichiarazione mendace di residenza.<\/strong><\/span><\/p>\n<p>Se l\u2019interessato risiede in un\u2019altra circoscrizione consolare, per presentare in modo agevolato la propria domanda di cittadinanza nel Paese di residenza potr\u00e0 consegnare alla Rappresentanza consolare competente copia conforme degli atti che risultino in possesso di questo Consolato generale. A tal fine, l\u2019interessato potr\u00e0 leggere le informazioni presenti nella sezione del Reparto Notarile.<\/p>\n<p><strong><u>Appuntamento<\/u><\/strong><\/p>\n<p>L\u2019appuntamento per presentare la domanda al Reparto Cittadinanza si richiede tramite il portale Prenotami. Si ricorda che <strong>il riconoscimento della cittadinanza italiana \u00e8 destinato ESCLUSIVAMENTE alle persone maggiorenni<\/strong>. Per la trascrizione dell\u2019atto di nascita di un minorenne occorre rivolgersi al Reparto Stato Civile.<\/p>\n<p><strong>Per maggiori informazioni sugli appuntamenti, consulti la sezione delle<\/strong>\u00a0<a href=\"https:\/\/conscaracas.esteri.it\/it\/servizi-consolari-e-visti\/servizi-per-il-cittadino-italiano\/altri-servizi\/albo-consolare\/domande-frequenti-faq\/domande-su-prenotmi\/\">domande frequenti su Prenot@Mi.<\/a><\/p>\n<p>Gli appuntamenti sono esclusivamente riservati per la presentazione della richiesta di cittadinanza. L&#8217;eventuale integrazione di documenti potr\u00e0 avvenire <strong>soltanto su formale<\/strong> <strong>richiesta<\/strong> del Consolato successiva alla presentazione della domanda, o ai sensi della legge 241\/90, entro 10 giorni dalla ricezione del preavviso di diniego.<\/p>\n<p><strong>Il Consolato generale dispone di 730 giorni per completare il procedimento. Stante l\u2019ingente volume di richieste, il Reparto Cittadinanza NON fornisce riscontro alle mail che chiedono informazioni sullo status delle pratiche per le quali non \u00e8 trascorso il predetto termine.<\/strong><\/p>\n<p><strong><u>Documentazione venezuelana<\/u><\/strong><\/p>\n<p>Tutti gli atti di stato civile formati in Venezuela, da presentare a questo Consolato Generale, devono essere copia fotostatica dell\u2019atto integrale (c.d. atto originale), ovvero recante le firme dei dichiaranti e dei testimoni, timbro e firma dell\u2019Autorit\u00e0 locale. Gli atti dovranno essere rilasciati dall&#8217;Ufficio o Unidad de Registro Civil, certificate dal CNE, debitamente postillate e tradotte. Le postille degli atti devono, inoltre, essere intestate al titolare del documento. Per ulteriori informazioni sar\u00e0 possibile rivolgersi agli enti venezuelani che rilasciano i documenti.<span style=\"color: #ff0000;\"><strong> Si ricorda che il Consolato generale ha l\u2019obbligo di segnalare alle competenti Autorit\u00e0 giudiziarie italiane e alle Autorit\u00e0 venezuelane la presentazione di documenti alterati o contraffatti.<\/strong><\/span><\/p>\n<p><strong><u>Documentazione italiana<\/u><\/strong><\/p>\n<p>Gli atti italiani vengono rilasciati dal Comune competente. Per gli atti che si formano quando non esistevano i predetti uffici, sar\u00e0 possibile consegnare atti ecclesiastici, debitamente legalizzati dalla Curia vescovile competente. I contatti degli uffici che rilasciano gli atti di stato civile sono disponibili nei relativi siti web istituzionali. Per ulteriori informazioni sar\u00e0 possibile rivolgersi agli enti che rilasciano i documenti.<\/p>\n<p>Si consiglia di conservare sempre una copia dei documenti che verranno consegnati a questa Sede.<\/p>\n<p><span style=\"text-decoration: underline;\"><strong>Documentazione americana<\/strong><\/span><\/p>\n<p>Poich\u00e9 non esiste negli Stati Uniti la figura del traduttore ufficiale, NON \u00e8 ammessa la legalizzazione della firma del notaio che certifica la conformit\u00e0 della traduzione. Quindi, gli atti rilasciati negli Stati Uniti dovranno recare la certificazione di conformit\u00e0 della traduzione apposta dall&#8217;Ufficio consolare italiano competente per luogo dove si forma l&#8217;atto. NON verranno ricevuti gli atti di stato civile in formato &#8220;short form&#8221;.<\/p>\n<p><strong><u>Requisiti per la richiesta di riconoscimento della cittadinanza<\/u><\/strong><\/p>\n<p>Per riconoscere la cittadinanza italiana il Consolato generale deve acquisire documentazione che dimostri la discendenza dall\u2019avo italiano e attestante l\u2019ininterrotta trasmissione della cittadinanza italiana. I requisiti sottoelencati costituiscono documenti essenziali, tuttavia potrebbero non essere sufficienti e il Consolato generale si riserva, dunque, il diritto di chiedere ulteriori atti necessari per dimostrare il diritto alla cittadinanza.<\/p>\n<p>La documentazione che risulti gi\u00e0 acquisita dal Consolato e che sia conforme alle vigenti disposizioni non verr\u00e0 richiesta. Si ricorda, tuttavia, che ai sensi del DPR 445\/2000 il richiedente ha l\u2019obbligo di indicare in modo chiaro elementi per reperire tale documentazione. NON si ritiene acquisita la documentazione di pratiche presentate ma non ancora esaminate.<\/p>\n<p><span style=\"color: #ff0000;\"><strong>Si ricorda che la presentazione di documenti contraffatti e le dichiarazioni mendaci sono reati perseguibili penalmente sia in Italia che in Venezuela.<\/strong><\/span><\/p>\n<p><span style=\"color: #ff0000;\"><strong>Per legge, il Consolato generale ha l\u2019obbligo di eseguire accertamenti e a tal fine si riserva il diritto di chiedere ulteriore documentazione. <\/strong><\/span><\/p>\n<p><strong>Documenti essenziali per il riconoscimento della cittadinanza iure sanguinis<\/strong><\/p>\n<p>Per avviare la procedura di riconoscimento della cittadinanza italiana a stranieri di ceppo italiano occorre consegnare la documentazione sottoelencata:<\/p>\n<p>1- Albero genealogico (<a href=\"https:\/\/conscaracas.esteri.it\/it\/servizi-consolari-e-visti\/servizi-per-il-cittadino-italiano\/altri-servizi\/albo-consolare\/risorse-informative\/\">scarica da modulistica<\/a>), recante nome, cognome, luogo di nascita, data di nascita dagli ascendenti fino al richiedente;<\/p>\n<p>2- Atto di nascita dell\u2019antenato (avo) nato in Italia. Se si trattasse di un certificato ecclesiastico dovr\u00e0 recare legalizzazione della Curia Vescovile e della Prefettura;<\/p>\n<p>3- Attestato di naturalizzazione o mancata naturalizzazione dell\u2019avo e degli ascendenti nati in Paesi diversi dal Venezuela, provvisto di Apostille e traduzione. Se il nome dell&#8217;avo fosse stato alterato in un atto di stato civile, occorre anche presentare l&#8217;attestato di mancata naturalizzazione recante il nome alterato;<\/p>\n<p>4- Atto di matrimonio dell\u2019avo, provvisto di postilla e traduzione (se formato all\u2019estero);<\/p>\n<p>5- Atto di morte dell\u2019avo, provvisto di postilla e traduzione;<\/p>\n<p>6- Atti di nascita e matrimonio, provvisti di postilla e traduzione, di tutti i discendenti dell\u2019avo;<\/p>\n<p>7- Atto di nascita del richiedente, provvisto di postilla e traduzione;<\/p>\n<p>8- Copia dei predetti atti, formato A4 (tama\u00f1o carta), ogni pagina su un solo foglio;<\/p>\n<p>9- Scheda di richiesta di riconoscimento della cittadinanza italiana (<a href=\"https:\/\/conscaracas.esteri.it\/it\/servizi-consolari-e-visti\/servizi-per-il-cittadino-italiano\/altri-servizi\/albo-consolare\/risorse-informative\/\">scarica da modulistica<\/a>), debitamente compilata e sottoscritta;<\/p>\n<p>10- Scheda anagrafica (<a href=\"https:\/\/conscaracas.esteri.it\/it\/servizi-consolari-e-visti\/servizi-per-il-cittadino-italiano\/altri-servizi\/albo-consolare\/risorse-informative\/\">scarica da modulistica<\/a>) del richiedente, debitamente compilata e sottoscritta;<\/p>\n<p>11- Copia del documento d\u2019identit\u00e0 del richiedente e passaporti originali (anche quelli scaduti);<\/p>\n<p>12- Certificati di residenza intestati al richiedente, rilasciato dal CNE. Altrimenti, nell\u2019impossibilit\u00e0 di ottenere l\u2019attestato da parte del CNE, sar\u00e0 possibile presentare: attestato di residenza rilasciato da (a) Consejo Comunal o da (b) Alcald\u00eda. Inoltre sar\u00e0 necessario presentare una bolletta d\u2019utenza e il RIF. Si ricorda che gli attestati hanno una validit\u00e0 di 6 mesi dalla data di emissione.<\/p>\n<p>13- Il giorno della consegna della suddetta documentazione, occorre eseguire in Consolato il pagamento che corrisponde all\u2019art. 7b della tabella dei diritti consolari (vedere nel link della <a href=\"https:\/\/conscaracas.esteri.it\/it\/servizi-consolari-e-visti\/servizi-per-il-cittadino-italiano\/altri-servizi\/albo-consolare\/risorse-informative\/\">modulistica<\/a>), con carta di debito, di BD. Non si accettano carte di credito, assegni, n\u00e9 valuta straniera (dollari, euro, ecc).<\/p>\n<p><strong>Si ricorda agli utenti che \u2013 ai sensi della normativa vigente \u2013 il Consolato generale dispone di 730 giorni, dalla data di presentazione dell\u2019istanza, per completare il procedimento amministrativo<\/strong>.<\/p>\n<p><span style=\"text-decoration: underline;\"><strong>Filiazione fuori dal matrimonio<\/strong><\/span><\/p>\n<p>Per eventualmente dimostrare la filiazione fuori dal matrimonio, nel caso in cui uno solo dei genitori avesse sottoscritto il certificato di nascita, sar\u00e0 necessario presentare <strong>l&#8217;atto di riconoscimento (o la sentenza di filiazione) munito di Apostille e traduzione<\/strong> e la relativa nota a margine dovr\u00e0 essere opportunamente riportata nell&#8217;atto di nascita.<\/p>\n<p><span style=\"text-decoration: underline;\"><strong>Elezione di cittadinanza<\/strong><\/span><\/p>\n<p>Il richiedente, riconosciuto durante la maggiore et\u00e0 dal genitore italiano, dispone di un anno di tempo per rendere la dichiarazione di elezione di cittadinanza. Per avviare tale pratica non occorre un appuntamento e sar\u00e0 necessario presentare &#8211; oltre al resto dei requisiti della pratica di riconoscimento della cittadinanza &#8211; una ricevuta del versamento di 250 euro sul conto corrente del Ministero dell&#8217;Interno.\u00a0 Nella causale il richiedente dovr\u00e0 riportare: &#8220;nome e cognome del richiedente &#8211; elezione di cittadinanza&#8221;. Es. Jos\u00e9 P\u00e9rez &#8211; elezione di cittadinanza.<br \/>\nCodice IBAN (di 27 caratteri): IT54D0760103200000000809020<br \/>\nCodice BIC\/SWIFT di Poste Italiane<br \/>\nPer bonifici esteri: BPPIITRRXXX<br \/>\nPer operazioni EUROGIRO: BIPPITRA<\/p>\n","protected":false},"excerpt":{"rendered":"CITTADINANZA IURE SANGUINIS PRIMA DI ESAMINARE I REQUISITI DI OGNI SINGOLA PRATICA SI PREGA DI LEGGERE CON ATTENZIONE LE SEGUENTI INFORMAZIONI Riferimenti principali Legge 74\/25 Legge 241\/90 Legge 555\/12 Legge 123\/83 Legge 91\/92 Circolare K28.1\/91 del Ministero dell\u2019Interno Consulenze e richiesta di documenti Il Consolato generale NON fornisce consulenze sul diritto alla cittadinanza e non [&hellip;]","protected":false},"author":3,"featured_media":0,"parent":96,"menu_order":0,"comment_status":"closed","ping_status":"closed","template":"","meta":{"footnotes":""},"class_list":["post-373","page","type-page","status-publish","hentry"],"_links":{"self":[{"href":"https:\/\/conscaracas.esteri.it\/it\/wp-json\/wp\/v2\/pages\/373","targetHints":{"allow":["GET"]}}],"collection":[{"href":"https:\/\/conscaracas.esteri.it\/it\/wp-json\/wp\/v2\/pages"}],"about":[{"href":"https:\/\/conscaracas.esteri.it\/it\/wp-json\/wp\/v2\/types\/page"}],"author":[{"embeddable":true,"href":"https:\/\/conscaracas.esteri.it\/it\/wp-json\/wp\/v2\/users\/3"}],"replies":[{"embeddable":true,"href":"https:\/\/conscaracas.esteri.it\/it\/wp-json\/wp\/v2\/comments?post=373"}],"version-history":[{"count":7,"href":"https:\/\/conscaracas.esteri.it\/it\/wp-json\/wp\/v2\/pages\/373\/revisions"}],"predecessor-version":[{"id":4577,"href":"https:\/\/conscaracas.esteri.it\/it\/wp-json\/wp\/v2\/pages\/373\/revisions\/4577"}],"up":[{"embeddable":true,"href":"https:\/\/conscaracas.esteri.it\/it\/wp-json\/wp\/v2\/pages\/96"}],"wp:attachment":[{"href":"https:\/\/conscaracas.esteri.it\/it\/wp-json\/wp\/v2\/media?parent=373"}],"curies":[{"name":"wp","href":"https:\/\/api.w.org\/{rel}","templated":true}]}}