{"id":3607,"date":"2025-07-08T09:53:45","date_gmt":"2025-07-08T13:53:45","guid":{"rendered":"https:\/\/conscaracas.esteri.it\/?page_id=3607"},"modified":"2026-01-23T09:40:43","modified_gmt":"2026-01-23T13:40:43","slug":"acquisto-della-cittadinanza-per-beneficio-di-legge-figli-minori-nati-allestero","status":"publish","type":"page","link":"https:\/\/conscaracas.esteri.it\/it\/servizi-consolari-e-visti\/servizi-per-il-cittadino-straniero\/cittadinanza\/acquisto-della-cittadinanza-per-beneficio-di-legge-figli-minori-nati-allestero\/","title":{"rendered":"Acquisto della Cittadinanza per \u201cbeneficio di legge\u201d (figli minori nati all\u2019estero)"},"content":{"rendered":"<p><strong>In due casi<\/strong> previsti per legge, i\u00a0<strong>figli minorenni nati all\u2019estero<\/strong>\u00a0da genitore cittadino italiano che non trasmette automaticamente la cittadinanza possono acquistare la cittadinanza italiana (anche se il\u00a0<strong>minore<\/strong>\u00a0che ne beneficia\u00a0<strong>non<\/strong>\u00a0sar\u00e0\u00a0<strong>cittadino per nascita<\/strong>\u00a0o\u00a0<em>iure sanguinis<\/em> e, in base all\u2019articolo 15 della legge n. 91\/1992, non acquister\u00e0 la cittadinanza dal giorno della nascita, ma dal giorno successivo in cui si saranno verificate le condizioni previste dalla legge).<\/p>\n<p><strong>Nel primo caso <\/strong>i seguenti presupposti devono essere posseduti\u00a0<strong>congiuntamente<\/strong>:<\/p>\n<ul>\n<li><strong>uno dei genitori \u00e8<\/strong>\u00a0<strong>cittadino\u00a0<u>per nascita<\/u>.\u00a0<\/strong>Si escludono quindi i casi di cittadini per naturalizzazione, \u201cper beneficio di legge\u201d, per matrimonio, per riacquisto ovvero\u00a0<em>iuris communicatione<\/em> (art. 14 della legge n. 91\/1992).<\/li>\n<li><strong><u>entrambi<\/u><\/strong>\u00a0i genitori (incluso il genitore straniero) o il tutore presentano una\u00a0<strong>dichiarazione di volont\u00e0 di acquisto della cittadinanza entro un anno dalla nascita<\/strong>\u00a0(o dalla data successiva in cui \u00e8 stabilita la filiazione da cittadino italiano o in cui \u00e8 decisa l\u2019adozione da parte di cittadino italiano durante la minore et\u00e0 del figlio). Se invece avviene prima il riconoscimento da parte di genitore straniero (o cittadino italiano non per nascita ma ad altro titolo), il termine di un anno sar\u00e0 computato a partire dal riconoscimento da parte del secondo genitore cittadino per nascita.<\/li>\n<\/ul>\n<p><strong>La dichiarazione di volont\u00e0 di acquisto della cittadinanza deve essere formale e avvenire di persona, alla presenza di dipendente delegato all\u2019esercizio delle funzioni di stato civile.<\/strong>\u00a0Se i genitori non rendono la dichiarazione contestualmente, il requisito di legge si considera soddisfatto alla data in cui \u00e8 presentata la dichiarazione del secondo genitore. Se la filiazione \u00e8 stabilita nei confronti di una sola persona (o se l\u2019altro genitore \u00e8 deceduto), sar\u00e0 sufficiente la dichiarazione di un solo genitore.<\/p>\n<p><strong>Nel caso di stabilimento della residenza legale del minore in Italia, la dichiarazione pu\u00f2 essere presentata anche successivamente al termine di un anno dalla nascita, ma la residenza deve perdurare per almeno due anni continuativi dopo la dichiarazione di volont\u00e0 di acquisto della cittadinanza presentata dai genitori.<\/strong><\/p>\n<p>Il\u00a0<strong>secondo caso<\/strong>\u00a0si applica quando sussistono\u00a0<strong>tutte\u00a0<\/strong>le condizioni seguenti:<\/p>\n<ul>\n<li>persone\u00a0<strong><u>minorenni alla data di entrata in vigore della legge di conversione<\/u><\/strong>,cio\u00e8 persone che non avevano compiuto il 18\u00b0 anno di et\u00e0 al\u00a0<strong>24 maggio 2025<\/strong>;<\/li>\n<li><strong>figli di cittadini\u00a0<u>per nascita<\/u><\/strong>, in altri termini, i genitori devono essere riconosciuti cittadini sulla base di domanda amministrativa o giudiziale presentata entro le 23:59 (ora di Roma) del 27 marzo 2025 o sulla base di domanda presentata sulla base di appuntamento comunicato dall\u2019Ufficio consolare o dal Comune entro la medesima data;<\/li>\n<li>la dichiarazione dei genitori o del tutore deve essere presentata all\u2019Ufficio consolare\u00a0<strong><u>entro il 31 maggio 2026<\/u><\/strong>.<\/li>\n<\/ul>\n<p>Se l\u2019interessato, minorenne alla data del 24 maggio 2025, diviene nel frattempo maggiorenne, la dichiarazione dovr\u00e0 essere presentata da lui personalmente entro il medesimo termine.<\/p>\n<p>Le\u00a0<strong>dichiarazioni dovranno essere rese presenzialmente presso l\u2019Ufficio consolare davanti a dipendenti delegati alle funzioni di Stato Civile<\/strong>.<\/p>\n<p><strong>REQUISITI<\/strong><\/p>\n<ol>\n<li>Albero genealogico, debitamente compilato, dall&#8217;avo fino al minore.<\/li>\n<li>Certificati di residenza intestati al richiedente, rilasciato dal CNE. Altrimenti, nell\u2019impossibilit\u00e0 di ottenere l\u2019attestato da parte del CNE, sar\u00e0 possibile presentare: attestato di residenza rilasciato da (a) Consejo Comunal o da (b) Alcald\u00eda. Inoltre sar\u00e0 necessario presentare una bolletta d\u2019utenza e il RIF. Si ricorda che gli attestati hanno una validit\u00e0 di 6 mesi dalla data di emissione.<\/li>\n<li>Scheda anagrafica.<\/li>\n<li>Certificato di cittadinanza del genitore italiano. Se il genitore italiano risulta regolarmente iscritto all&#8217;AIRE presso questa circoscrizione consolare, il certificato verr\u00e0 sostituito da una sua autocertificazione (tale pratica si completa allo sportello). Se il Consolato generale ha riconosciuto la cittadinanza al genitore italiano, agli atti del Consolato dovr\u00e0 essere presente la documentazione attestante il suo possesso della cittadinanza jure sanguinis. Qualora tale documentazione non fosse in possesso del Consolato, ne verr\u00e0 richiesta l&#8217;integrazione. Per ulteriori informazioni al riguardo \u00e8 possibile consultare la sezione di cittadinanza jure sanguinis.<\/li>\n<li>\u00a0Atto di nascita del minore, provvisto di Apostille e traduzione, e relativa copia in formato A4 (ogni pagina su ogni foglio).<\/li>\n<li>Eventuale riconoscimento (o sentenza di filiazione) formato all&#8217;estero, provvisto di Apostille e traduzione, e relativa copia in formato A4 (ogni pagina su ogni foglio).<\/li>\n<li>Copia dell&#8217;atto di nascita dell&#8217;eventuale genitore straniero o copia del suo passaporto.<\/li>\n<\/ol>\n<p>&nbsp;<\/p>\n","protected":false},"excerpt":{"rendered":"In due casi previsti per legge, i\u00a0figli minorenni nati all\u2019estero\u00a0da genitore cittadino italiano che non trasmette automaticamente la cittadinanza possono acquistare la cittadinanza italiana (anche se il\u00a0minore\u00a0che ne beneficia\u00a0non\u00a0sar\u00e0\u00a0cittadino per nascita\u00a0o\u00a0iure sanguinis e, in base all\u2019articolo 15 della legge n. 91\/1992, non acquister\u00e0 la cittadinanza dal giorno della nascita, ma dal giorno successivo in cui [&hellip;]","protected":false},"author":3,"featured_media":0,"parent":96,"menu_order":0,"comment_status":"closed","ping_status":"closed","template":"","meta":{"footnotes":""},"class_list":["post-3607","page","type-page","status-publish","hentry"],"_links":{"self":[{"href":"https:\/\/conscaracas.esteri.it\/it\/wp-json\/wp\/v2\/pages\/3607","targetHints":{"allow":["GET"]}}],"collection":[{"href":"https:\/\/conscaracas.esteri.it\/it\/wp-json\/wp\/v2\/pages"}],"about":[{"href":"https:\/\/conscaracas.esteri.it\/it\/wp-json\/wp\/v2\/types\/page"}],"author":[{"embeddable":true,"href":"https:\/\/conscaracas.esteri.it\/it\/wp-json\/wp\/v2\/users\/3"}],"replies":[{"embeddable":true,"href":"https:\/\/conscaracas.esteri.it\/it\/wp-json\/wp\/v2\/comments?post=3607"}],"version-history":[{"count":6,"href":"https:\/\/conscaracas.esteri.it\/it\/wp-json\/wp\/v2\/pages\/3607\/revisions"}],"predecessor-version":[{"id":4736,"href":"https:\/\/conscaracas.esteri.it\/it\/wp-json\/wp\/v2\/pages\/3607\/revisions\/4736"}],"up":[{"embeddable":true,"href":"https:\/\/conscaracas.esteri.it\/it\/wp-json\/wp\/v2\/pages\/96"}],"wp:attachment":[{"href":"https:\/\/conscaracas.esteri.it\/it\/wp-json\/wp\/v2\/media?parent=3607"}],"curies":[{"name":"wp","href":"https:\/\/api.w.org\/{rel}","templated":true}]}}