{"id":2684,"date":"2024-10-22T09:59:30","date_gmt":"2024-10-22T13:59:30","guid":{"rendered":"https:\/\/conscaracas.esteri.it\/?page_id=2684"},"modified":"2025-02-18T14:40:04","modified_gmt":"2025-02-18T18:40:04","slug":"domande-frequenti-sulle-carte-didentita","status":"publish","type":"page","link":"https:\/\/conscaracas.esteri.it\/it\/servizi-consolari-e-visti\/servizi-per-il-cittadino-italiano\/altri-servizi\/albo-consolare\/domande-frequenti-faq\/domande-frequenti-sulle-carte-didentita\/","title":{"rendered":"Domande frequenti sulle carte d&#8217;identit\u00e0"},"content":{"rendered":"<ol>\n<li><strong>Posso chiedere la C.I.E. se ho un viaggio programmato a breve?<\/strong><\/li>\n<\/ol>\n<p>Se avesse un viaggio programmato e non prevede di tornare, oppure non sa in quale data potr\u00e0 tornare in Venezuela, <span style=\"text-decoration: underline;\"><strong>si astenga dal richiedere la CIE<\/strong><\/span>, visto che \u00e8 impossibile prevedere una tempistica per l\u2019arrivo delle CIE in Consolato.\u00a0<strong>Si fa presente che NON \u00e8 possibile\u00a0in nessun caso\u00a0spedire il documento ad un altro Consolato ovvero autorizzare un terzo al suo <\/strong>ritiro.<\/p>\n<p><strong>2. Ho richiesto la carta d&#8217;identit\u00e0 e attualmente non mi trovo in Venezuela, potete spedirla al Consolato d&#8217;Italia del Paese in cui ora mi trovo?<\/strong><\/p>\n<p><strong>NO<\/strong>, non \u00e8 possibile in nessun caso spedire il documento ad un altro Consolato. Quindi, dovr\u00e0 ritrarlo quando sar\u00e0 tornato nel Paese. Per evitare queste situazioni, si rinvia alla prima domanda.<\/p>\n<p><strong>3. Come posso sapere se la mia C.I.E. \u00e8 arrivata in Consolato?<\/strong><\/p>\n<p>Si prega di astenersi dal porre questa domanda via e-mail, in quanto il documento \u00e8 prodotto in Italia dall&#8217;Istituto Poligrafico e Zecca dello Stato e successivamente inviato per posta tramite Poste Italiane alla sede del Consolato Generale d&#8217;Italia a Caracas. Il cittadino potr\u00e0 tracciare la spedizione online utilizzando il codice di tracciamento.<\/p>\n<p><strong>4. Ho visto che la mia C.I.E. \u00e8 gi\u00e0 arrivata in Consolato, cosa devo fare adesso?<\/strong><\/p>\n<p>Quando il Consolato avr\u00e0 ricevuto il documento, proceder\u00e0 a contattare i richiedenti via email per effettuarne il ritiro. Si ricorda che gli utenti potrebbero <strong>non<\/strong> essere contattati per ritirare la C.I.E. appena essa arrivi in Consolato, visto che le convocazioni vengono effettuate in modo sistematico in base alla capienza della Sede Consolare.<\/p>\n<p>Tenga in considerazione che l&#8217;ingresso in Consolato non sar\u00e0 consentito alle persone che ancora non siano state convocate per ritirare la C.I.E.<\/p>\n<p><strong>5. Come posso sapere se il mio atto di nascita \u00e8 gi\u00e0 stato trascritto dal Comune in Italia? <\/strong><\/p>\n<p>Deve contattare direttamente il proprio Comune per richiedere l&#8217;estratto dell&#8217;atto di nascita. Gli indirizzi di posta elettronica del Comune sono pubblicati sui loro rispettivi siti istituzionali.<\/p>\n<p>&nbsp;<\/p>\n<p><strong>6. Non mi arriva il messaggio con il codice di attivazione della CIE<\/strong><\/p>\n<p><span class=\"jCAhz ChMk0b\"><span class=\"ryNqvb\">Purtroppo, il meccanismo di attivazione della carta d&#8217;identit\u00e0 non dipende dal nostro Consolato Generale. Pertanto, tutto ci\u00f2 che riguarda questa procedura \u00e8 al di fuori del nostro controllo.<\/span><\/span> <span class=\"jCAhz ChMk0b\"><span class=\"ryNqvb\">Abbiamo ricevuto diverse segnalazioni secondo le quali alcuni sistemi di invio di OTP o TOKEN non funzionano bene con i numeri di telefono venezuelani, impedendo a questi ultimi di ricevere i messaggi. <\/span><\/span><span class=\"jCAhz ChMk0b\"><span class=\"ryNqvb\">In ogni caso, la CIE \u00e8 un documento completamente valido, anche se non \u00e8 stato completato il processo di attivazione. Si ricorda all&#8217;utenza che l&#8217;attivazione solo \u00e8 necessaria per quelle procedure che richiedono l&#8217;identit\u00e0 digitale.<\/span><\/span><\/p>\n<p>&nbsp;<\/p>\n","protected":false},"excerpt":{"rendered":"Posso chiedere la C.I.E. se ho un viaggio programmato a breve? Se avesse un viaggio programmato e non prevede di tornare, oppure non sa in quale data potr\u00e0 tornare in Venezuela, si astenga dal richiedere la CIE, visto che \u00e8 impossibile prevedere una tempistica per l\u2019arrivo delle CIE in Consolato.\u00a0Si fa presente che NON \u00e8 [&hellip;]","protected":false},"author":3,"featured_media":0,"parent":978,"menu_order":0,"comment_status":"closed","ping_status":"closed","template":"","meta":{"footnotes":""},"class_list":["post-2684","page","type-page","status-publish","hentry"],"_links":{"self":[{"href":"https:\/\/conscaracas.esteri.it\/it\/wp-json\/wp\/v2\/pages\/2684","targetHints":{"allow":["GET"]}}],"collection":[{"href":"https:\/\/conscaracas.esteri.it\/it\/wp-json\/wp\/v2\/pages"}],"about":[{"href":"https:\/\/conscaracas.esteri.it\/it\/wp-json\/wp\/v2\/types\/page"}],"author":[{"embeddable":true,"href":"https:\/\/conscaracas.esteri.it\/it\/wp-json\/wp\/v2\/users\/3"}],"replies":[{"embeddable":true,"href":"https:\/\/conscaracas.esteri.it\/it\/wp-json\/wp\/v2\/comments?post=2684"}],"version-history":[{"count":6,"href":"https:\/\/conscaracas.esteri.it\/it\/wp-json\/wp\/v2\/pages\/2684\/revisions"}],"predecessor-version":[{"id":3048,"href":"https:\/\/conscaracas.esteri.it\/it\/wp-json\/wp\/v2\/pages\/2684\/revisions\/3048"}],"up":[{"embeddable":true,"href":"https:\/\/conscaracas.esteri.it\/it\/wp-json\/wp\/v2\/pages\/978"}],"wp:attachment":[{"href":"https:\/\/conscaracas.esteri.it\/it\/wp-json\/wp\/v2\/media?parent=2684"}],"curies":[{"name":"wp","href":"https:\/\/api.w.org\/{rel}","templated":true}]}}