{"id":2010,"date":"2024-06-27T15:15:59","date_gmt":"2024-06-27T19:15:59","guid":{"rendered":"https:\/\/conscaracas.esteri.it\/?page_id=2010"},"modified":"2025-07-18T11:01:56","modified_gmt":"2025-07-18T15:01:56","slug":"carta-didentita-elettronica-c-i-e","status":"publish","type":"page","link":"https:\/\/conscaracas.esteri.it\/it\/servizi-consolari-e-visti\/servizi-per-il-cittadino-italiano\/documenti-di-viaggio-e-didentita-2\/carta-didentita-elettronica-c-i-e\/","title":{"rendered":"Carta d&#8217;Identit\u00e0 Elettronica &#8211; C.I.E."},"content":{"rendered":"<p class=\"null\" style=\"margin: 0cm; margin-bottom: .0001pt;\">Gentile utente, si fa presente , sin d&#8217;ora, che non verranno risposte mail di richieste d&#8217;informazioni che siano gi\u00e0 presenti sul sito web. Se dopo aver letto le <a href=\"https:\/\/conscaracas.esteri.it\/es\/servizi-consolari-e-visti\/servizi-per-il-cittadino-italiano\/altri-servizi\/albo-consolare\/preguntas-frecuentes-faq\/preguntas-frecuentes-sobre-las-cedulas-de-indentidad-c-i-e\/\">domande frequenti<\/a> e la presente sezione avesse ancora dubbi, pu\u00f2 scrivere al seguente indirizzo: <a href=\"mailto:caracas.cie@esteri.it\">caracas.cie@esteri.it<\/a>.<\/p>\n<p>&nbsp;<\/p>\n<p class=\"null\" style=\"margin: 0cm; margin-bottom: .0001pt;\"><b>Che cos\u2019\u00e8 la carta d\u2019identit\u00e0 elettronica (C.I.E.)?<\/b><\/p>\n<p class=\"null\" style=\"margin: 0cm; margin-bottom: .0001pt;\">La C.I.E. \u00e8 un documento personale di riconoscimento valido per identificarsi e circolare nell\u2019Unione Europea, in alcuni Stati aderenti all\u2019accordo di Schengen (ad es. Islanda, Norvegia e Svizzera) e in altri Stati con cui sono stati raggiunti accordi bilaterali (vedasi le singole \u201cschede Paese\u201d sul sito <a href=\"http:\/\/www.viaggiaresicuri.it\" target=\"_BLANK\" rel=\"noopener\">www.viaggiaresicuri.it<\/a>).<\/p>\n<p class=\"null\" style=\"margin: 0cm; margin-bottom: .0001pt;\">La C.I.E. <b>NON<\/b> pu\u00f2 essere utilizzata per uscire dal Venezuela.<\/p>\n<p>&nbsp;<\/p>\n<p class=\"null\" style=\"margin: 0cm; margin-bottom: .0001pt;\"><b>A chi pu\u00f2 essere rilasciata la carta d\u2019identit\u00e0 elettronica?<\/b><\/p>\n<p class=\"null\" style=\"margin: 0cm; margin-bottom: .0001pt;\">Ai fini dell\u2019emissione della CIE \u00e8 indispensabile che il richiedente:<\/p>\n<p class=\"null\" style=\"margin: 0cm; margin-bottom: .0001pt;\">\u2022\u00a0\u00a0\u00a0\u00a0\u00a0\u00a0\u00a0\u00a0\u00a0\u00a0\u00a0\u00a0 sia cittadino italiano regolarmente residente nella circoscrizione consolare di Caracas;<\/p>\n<p class=\"null\" style=\"margin: 0cm; margin-bottom: .0001pt;\">\u2022\u00a0\u00a0\u00a0\u00a0\u00a0\u00a0\u00a0\u00a0\u00a0\u00a0\u00a0\u00a0 sia debitamente iscritto all\u2019AIRE dal suo Comune.<\/p>\n<p class=\"null\" style=\"margin: 0cm; margin-bottom: .0001pt;\">\u2022\u00a0\u00a0\u00a0\u00a0\u00a0\u00a0\u00a0\u00a0\u00a0\u00a0\u00a0\u00a0 abbia l\u2019atto di nascita trascritto in Italia, in quanto gli estremi della trascrizione devono essere riportati sulla CIE;<\/p>\n<p class=\"null\" style=\"margin: 0cm; margin-bottom: .0001pt;\">\u2022\u00a0\u00a0\u00a0\u00a0\u00a0\u00a0\u00a0\u00a0\u00a0\u00a0\u00a0\u00a0 abbia aggiornato il suo indirizzo nel caso di aver cambiato residenza.<\/p>\n<p class=\"null\" style=\"margin: 0cm; margin-bottom: .0001pt;\">Nel caso non sia in possesso di almeno uno dei succitati requisiti, il richiedente dovr\u00e0 contattare l\u2019Ufficio Servizi Demografici, prima di fare la richiesta della Carta d\u2019Identit\u00e0.<\/p>\n<p class=\"null\" style=\"margin: 0cm; margin-bottom: .0001pt;\"><span class=\"null1\"><span style=\"color: red;\">\u00a0<\/span><\/span><\/p>\n<p class=\"null\" style=\"margin: 0cm; margin-bottom: .0001pt;\"><b>Come posso iscrivermi all\u2019AIRE o aggiornare il mio indirizzo?<\/b><\/p>\n<p class=\"null\" style=\"margin: 0cm; margin-bottom: .0001pt;\">L\u2019iscrizione e l&#8217;aggiornamento dell\u2019A.I.R.E. deve essere effettuata <strong>unicamente<\/strong> attraverso il portale <a href=\"https:\/\/conscaracas.esteri.it\/it\/servizi-consolari-e-visti\/servizi-per-il-cittadino-italiano\/anagrafe-degli-italiani-residenti-allestero-aire\/\">Fast It<\/a>.<\/p>\n<p class=\"null\" style=\"margin: 0cm; margin-bottom: .0001pt;\"><span class=\"null1\"><span style=\"color: red;\">\u00a0<\/span><\/span><\/p>\n<p class=\"null\" style=\"margin: 0cm; margin-bottom: .0001pt;\"><b>Come si richiede la carta d\u2019identit\u00e0 elettronica (C.I.E.)?<\/b><\/p>\n<p class=\"null\" style=\"margin: 0cm; margin-bottom: .0001pt;\">La richiesta dell&#8217;appuntamento per il rilascio della carta d\u2019identit\u00e0 elettronica deve essere presentata utilizzando esclusivamente il portale<strong> <a href=\"https:\/\/prenotami.esteri.it\">Prenot@Mi<\/a>.<\/strong> Successivamente, la richiesta verr\u00e0 presa in carico da un operatore consolare per appurare l\u2019effettivo possesso dei succitati requisiti. Nel caso in cui il connazionale abbia tutti i requisiti in regola, l&#8217;appuntamento verr\u00e0 confermato.<\/p>\n<p class=\"null\" style=\"margin: 0cm; margin-bottom: .0001pt;\">Se invece, a seguito delle verifiche, emergesse l\u2019impossibilit\u00e0 di procedere al rilascio della C.I.E., <span style=\"text-decoration: underline;\"><strong>l&#8217;appuntamento verr\u00e0 annullato<\/strong><\/span>. In questo caso, il connazionale verr\u00e0 informato via mail sulle motivazioni del rigetto e dovr\u00e0 ripetere la procedura una volta regolarizzata la propria posizione, in base a quanto comunicato dal Consolato Generale.<\/p>\n<p>&nbsp;<\/p>\n<p class=\"null\" style=\"margin: 0cm; margin-bottom: .0001pt;\"><b>\u00c8 possibile chiedere il rilascio della C.I.E. per figli minori?<\/b><\/p>\n<p class=\"null\" style=\"margin: 0cm; margin-bottom: .0001pt;\">S\u00ec. In fase di prenotazione, l&#8217;utente deve scegliere l&#8217;opzione &#8220;prenotazione multipla&#8221; , includendo come accompagnatori i propri figli minori per cui si voglia chiedere il rilascio della C.I.E.<\/p>\n<p>Il giorno dell&#8217;appuntamento \u00e8 necessaria la presenza sia del minore che dei genitori.<\/p>\n<p class=\"null\" style=\"margin: 0cm; margin-bottom: .0001pt;\">Nota: si ricorda che, a norma del D.L. 69\/2023, a partire dal 14 giugno 2023, i connazionali, genitori di figli minori, non devono pi\u00f9 presentare l\u2019atto di assenso dell\u2019altro genitore ai fini del rilascio del proprio documento d\u2019identit\u00e0 (passaporto e CIE).<\/p>\n<p class=\"null\" style=\"margin: 0cm; margin-bottom: .0001pt;\">Nello specifico il novellato articolo 3-bis della L. 1185\/1967 indica che, quando vi \u00e8 concreto e attuale pericolo che a causa del trasferimento all\u2019estero questo possa sottrarsi all\u2019adempimento dei suoi obblighi verso i figli, sar\u00e0 possibile per l\u2019altro genitore richiedere una inibitoria al rilascio del documento. L\u2019istanza potr\u00e0 essere presentata presso il giudice competente presso il Tribunale ordinario in cui il minore ha la residenza abituale ovvero, se il minore \u00e8 residente all\u2019estero, il Tribunale nel cui circondario si trova il suo Comune di iscrizione AIRE.<\/p>\n<p class=\"null\" style=\"margin: 0cm; margin-bottom: .0001pt;\"><u>Ai fini del rilascio dei documenti per i minori, invece, resta l\u2019obbligo dell\u2019assenso firmato da entrambi i genitori o da chi esercita la responsabilit\u00e0 genitoriale.<\/u><\/p>\n<p class=\"null\" style=\"margin: 0cm; margin-bottom: .0001pt;\">L\u2019assenso al rilascio della C.I.E. di un minore pu\u00f2 essere manifestato in una delle seguenti forme:<\/p>\n<p class=\"null\" style=\"margin: 0cm; margin-bottom: .0001pt;\">\u2022\u00a0\u00a0\u00a0\u00a0\u00a0\u00a0\u00a0\u00a0\u00a0\u00a0\u00a0\u00a0 personalmente presso questo Consolato il giorno del appuntamento (si ricorda che chi d\u00e0 l\u2019assenso deve essere munito di un documento di identit\u00e0, in corso di validit\u00e0, in originale e fotocopia semplice).<\/p>\n<p class=\"null\" style=\"margin: 0cm; margin-bottom: .0001pt;\">\u2022\u00a0\u00a0\u00a0\u00a0\u00a0\u00a0\u00a0\u00a0\u00a0\u00a0\u00a0\u00a0 personalmente presso un qualsiasi Ufficio della Pubblica Amministrazione Italiana (abilitato ad autenticare firme: es. Questura o altri rappresentanze diplomatico-consolari).<\/p>\n<p class=\"null\" style=\"margin: 0cm; margin-bottom: .0001pt;\">\u2022\u00a0\u00a0\u00a0\u00a0\u00a0\u00a0\u00a0\u00a0\u00a0\u00a0\u00a0\u00a0 con una procura (\u201cpoder\u201d) effettuata da un notaio, munita di Apostille e traduzione in lingua italiana.<\/p>\n<p>&nbsp;<\/p>\n<p class=\"null\" style=\"margin: 0cm; margin-bottom: .0001pt;\">I cittadini dell\u2019Unione Europea possono, anche, manifestare l\u2019assenso compilando e firmando <a href=\"https:\/\/conscaracas.esteri.it\/wp-content\/uploads\/2024\/07\/atto-di-assenso-nuovo.docx\">l\u2019apposito modulo<\/a> e allegando copia di un documento di riconoscimento rilasciato da un Paese dell\u2019Unione Europea ove appaia la firma del dichiarante.<\/p>\n<p>&nbsp;<\/p>\n<p class=\"null\" style=\"margin: 0cm; margin-bottom: .0001pt;\"><b>Qual \u00e8 la documentazione necessaria da portare con s\u00e9 al momento dell\u2019appuntamento per richiedere la C.IE.?<\/b><\/p>\n<p class=\"null\" style=\"margin: 0cm; margin-bottom: .0001pt;\">All\u2019appuntamento il cittadino dovr\u00e0 presentarsi con i seguenti documenti:<\/p>\n<ol>\n<li><a href=\"https:\/\/conscaracas.esteri.it\/es\/servizi-consolari-e-visti\/servizi-per-il-cittadino-italiano\/altri-servizi\/albo-consolare\/planillas-y-registros\/\">Modulo di richiesta della C.I.E.<\/a><\/li>\n<li class=\"null\" style=\"line-height: 105%;\"><a href=\"https:\/\/conscaracas.esteri.it\/it\/servizi-consolari-e-visti\/servizi-per-il-cittadino-italiano\/altri-servizi\/albo-consolare\/risorse-informative\/\">Modulo di autocertificazione per rilascio della C.I.E. debitamente firmato e compilato<\/a>.<\/li>\n<li>Attestato di residenza del richiedente rilasciato dal CNE (non pu\u00f2 essere formato in base al RIF). Altrimenti, \u00e8 possibile presentare l\u2019attestato di residenza rilasciato dal Comune (Alcald\u00eda) assieme a una bolletta d\u2019utenza intestata al richiedente.<\/li>\n<li class=\"null\" style=\"line-height: 105%;\">Se la C.I.E. \u00e8 per i minori di 6 anni, occorre portare una foto scattata in uno studio fotografico (foto a colori, tipo passaporto 3,5 x 4 cm, sfondo bianco).<\/li>\n<li class=\"null\" style=\"line-height: 105%;\">Carta di identit\u00e0 precedente (se si tratta di rinnovo).<\/li>\n<li class=\"null\" style=\"line-height: 105%;\">Dichiarazione di smarrimento\/furto precedente carta, se del caso.<\/li>\n<li class=\"null\" style=\"line-height: 105%;\">Documento di riconoscimento in corso di validit\u00e0 (passaporto italiano, \u201cc\u00e9dula de identidad\u201d venezuelana o passaporto venezuelano <b><u>(in corso di validit\u00e0)<\/u><\/b> e una fotocopia dello stesso.<\/li>\n<li class=\"null\" style=\"line-height: 105%;\"><a href=\"https:\/\/conscaracas.esteri.it\/it\/servizi-consolari-e-visti\/servizi-per-il-cittadino-italiano\/altri-servizi\/albo-consolare\/risorse-informative\/\"><span style=\"color: #000000;\">I<\/span>n caso di richiesta per minori di 18 anni, atto di assenso di entrambi genitori e modulo di domanda per il rilascio della C.I.E. a m<span style=\"text-decoration: underline;\">inorenn<\/span><\/a><span style=\"text-decoration: underline;\">i<\/span><\/li>\n<\/ol>\n<p>&nbsp;<\/p>\n<p class=\"null\" style=\"margin: 0cm; margin-bottom: .0001pt;\"><b>Quali sono le operazioni che saranno effettuate il giorno dell\u2019appuntamento?<\/b><\/p>\n<p class=\"null\" style=\"margin: 0cm; margin-bottom: .0001pt;\">Il giorno dell\u2019appuntamento, l\u2019operatore consolare ricever\u00e0 la documentazione sopraindicata, provveder\u00e0 a rilevare le impronte digitali, a fare la fotografia (se corrisponde) e ad acquisire la firma.<\/p>\n<p class=\"null\" style=\"margin: 0cm; margin-bottom: .0001pt;\">Tenga in considerazione che, il giorno dell\u2019appuntamento, verr\u00e0 annullata la carta di identit\u00e0 cartacea o elettronica precedente (anche se in corso di validit\u00e0). L\u2019annullamento verr\u00e0 fatto anche nel caso il richiedente non fosse in possesso di altri documenti di identit\u00e0. Pertanto, in caso di non avere un altro documento di identit\u00e0, si consiglia vivamente di comunicarlo all\u2019operatore consolare.<\/p>\n<p>&nbsp;<\/p>\n<p class=\"null\" style=\"margin: 0cm; margin-bottom: .0001pt;\"><b>Come si riceve la CIE?<\/b><\/p>\n<p class=\"null\" style=\"margin: 0cm; margin-bottom: .0001pt;\">Il documento non \u00e8 rilasciato a vista il giorno dell\u2019appuntamento, in quanto prodotto dall\u2019Istituto Poligrafico e Zecca dello Stato e successivamente spedito, a mezzo raccomandata a carico di Poste Italiane, all\u2019indirizzo del Consolato Generale a Caracas. Successivamente, il richiedente verr\u00e0 convocato alla Sede del Consolato per ritirare la C.I.E.<\/p>\n<p class=\"null\" style=\"margin: 0cm; margin-bottom: .0001pt;\">Il connazionale potr\u00e0 seguire la spedizione autonomamente online, attraverso il codice di tracciamento.<\/p>\n<p>&nbsp;<\/p>\n<p class=\"null\" style=\"margin: 0cm; margin-bottom: .0001pt;\"><b>Qual \u00e8 la durata della C.I.E.?<\/b><\/p>\n<p class=\"null\" style=\"margin: 0cm; margin-bottom: .0001pt;\">La validit\u00e0 della C.I.E varia a seconda dell\u2019et\u00e0 del titolare ed \u00e8 di:<\/p>\n<p class=\"null\" style=\"margin: 0cm; margin-bottom: .0001pt;\">\u2013 3 anni per i minori di et\u00e0 compresa tra 0 e 3 anni.<\/p>\n<p class=\"null\" style=\"margin: 0cm; margin-bottom: .0001pt;\">\u2013 5 anni per i minori di et\u00e0 compresa tra 4 e 18 anni.<\/p>\n<p class=\"null\" style=\"margin: 0cm; margin-bottom: .0001pt;\">\u2013 10 anni per persone di et\u00e0 superiore ai 18 anni.<\/p>\n<p>&nbsp;<\/p>\n<p class=\"null\" style=\"margin: 0cm; margin-bottom: .0001pt;\"><b>Quale \u00e8 il costo della C.I.E.?<\/b><\/p>\n<p class=\"null\" style=\"margin: 0cm; margin-bottom: .0001pt;\">Si prega di vedere<strong> l&#8217;art. 28C<\/strong> della tabella dei diritti consolari. Si ricorda, infine, che il pagamento deve essere fatto in Bolivares, SOLO con carta di debito venezuelana.<\/p>\n<p>&nbsp;<\/p>\n<p class=\"null\" style=\"margin: 0cm; margin-bottom: .0001pt;\"><b>Devo chiedere una nuova CIE se cambio indirizzo?<\/b><\/p>\n<p class=\"null\" style=\"margin: 0cm; margin-bottom: .0001pt;\">No.<\/p>\n<p>&nbsp;<\/p>\n<p><strong>Ho pi\u00f9 di 65 anni. Posso andare in Consolato senza appuntamento per richiedere la C.I.E?<\/strong><\/p>\n<p><span style=\"text-decoration: underline;\"><strong>No<\/strong><\/span>, la richiesta della C.I.E. deve essere effettuata seguendo la procedura sopraindicata, a prescindere dall&#8217;et\u00e0 del richiedente.<\/p>\n<p>&nbsp;<\/p>\n<p class=\"null\" style=\"margin: 0cm; margin-bottom: .0001pt;\"><b>Considerazioni finali<\/b><\/p>\n<p class=\"null\" style=\"text-xdent: -18.0pt;\"><span class=\"null1\">1.<\/span><span class=\"null1\"><span style=\"font-size: 7.0pt;\">\u00a0\u00a0\u00a0\u00a0\u00a0\u00a0 <\/span><\/span>Nel caso in cui avesse ottenuto recentemente il riconoscimento della sua cittadinanza italiana, cio\u00e8 da meno di sei mesi, si <span style=\"text-decoration: underline;\">sconsiglia di chiedere il rilascio della C.I.E., in quanto l\u2019atto di nascita potrebbe non essere stato ancora trascritto dal Comune italiano.<\/span><\/p>\n<p class=\"null\" style=\"text-xdent: -18.0pt;\">2. Se avesse un viaggio programmato e non prevede di tornare, oppure non sa in quale data potr\u00e0 tornare in Venezuela, si astenga dal richiedere la CIE, visto che \u00e8 impossibile prevedere una tempistica per l&#8217;arrivo delle CIE in Consolato. <strong>Si fa presente che NON \u00e8 possibile <span style=\"text-decoration: underline;\">in nessun caso<\/span> spedire il documento ad un altro Consolato ovvero autorizzare un terzo al suo ritiro<\/strong>.<\/p>\n","protected":false},"excerpt":{"rendered":"Gentile utente, si fa presente , sin d&#8217;ora, che non verranno risposte mail di richieste d&#8217;informazioni che siano gi\u00e0 presenti sul sito web. Se dopo aver letto le domande frequenti e la presente sezione avesse ancora dubbi, pu\u00f2 scrivere al seguente indirizzo: caracas.cie@esteri.it. &nbsp; Che cos\u2019\u00e8 la carta d\u2019identit\u00e0 elettronica (C.I.E.)? La C.I.E. \u00e8 un [&hellip;]","protected":false},"author":3,"featured_media":0,"parent":3079,"menu_order":0,"comment_status":"closed","ping_status":"closed","template":"","meta":{"footnotes":""},"class_list":["post-2010","page","type-page","status-publish","hentry"],"_links":{"self":[{"href":"https:\/\/conscaracas.esteri.it\/it\/wp-json\/wp\/v2\/pages\/2010","targetHints":{"allow":["GET"]}}],"collection":[{"href":"https:\/\/conscaracas.esteri.it\/it\/wp-json\/wp\/v2\/pages"}],"about":[{"href":"https:\/\/conscaracas.esteri.it\/it\/wp-json\/wp\/v2\/types\/page"}],"author":[{"embeddable":true,"href":"https:\/\/conscaracas.esteri.it\/it\/wp-json\/wp\/v2\/users\/3"}],"replies":[{"embeddable":true,"href":"https:\/\/conscaracas.esteri.it\/it\/wp-json\/wp\/v2\/comments?post=2010"}],"version-history":[{"count":6,"href":"https:\/\/conscaracas.esteri.it\/it\/wp-json\/wp\/v2\/pages\/2010\/revisions"}],"predecessor-version":[{"id":3763,"href":"https:\/\/conscaracas.esteri.it\/it\/wp-json\/wp\/v2\/pages\/2010\/revisions\/3763"}],"up":[{"embeddable":true,"href":"https:\/\/conscaracas.esteri.it\/it\/wp-json\/wp\/v2\/pages\/3079"}],"wp:attachment":[{"href":"https:\/\/conscaracas.esteri.it\/it\/wp-json\/wp\/v2\/media?parent=2010"}],"curies":[{"name":"wp","href":"https:\/\/api.w.org\/{rel}","templated":true}]}}