{"id":1350,"date":"2023-10-06T21:15:00","date_gmt":"2023-10-06T19:15:00","guid":{"rendered":"https:\/\/conscaracas.esteri.it\/?page_id=1350"},"modified":"2023-10-06T21:16:13","modified_gmt":"2023-10-06T19:16:13","slug":"consulenti-e-collaboratori-art-15-c-1-2","status":"publish","type":"page","link":"https:\/\/conscaracas.esteri.it\/it\/servizi-consolari-e-visti\/servizi-per-il-cittadino-italiano\/altri-servizi\/albo-consolare\/risorse-informative\/consulenti-e-collaboratori-art-15-c-1-2\/","title":{"rendered":"Consulenti e collaboratori (art. 15, c. 1, 2)"},"content":{"rendered":"<ul>\n<li>2021: per l&#8217;anno 2021 il Consolato Generale non si \u00e8 avvalso di consulenze<\/li>\n<li>2022: per l&#8217;anno 2022 il Consolato Generale non si \u00e8 avvalso di consulenze<\/li>\n<li>2023: per l&#8217;anno 2023 il Consolato Generale non si \u00e8 avvalso di consulenze<\/li>\n<\/ul>\n","protected":false},"excerpt":{"rendered":"2021: per l&#8217;anno 2021 il Consolato Generale non si \u00e8 avvalso di consulenze 2022: per l&#8217;anno 2022 il Consolato Generale non si \u00e8 avvalso di consulenze 2023: per l&#8217;anno 2023 il Consolato Generale non si \u00e8 avvalso di consulenze","protected":false},"author":3,"featured_media":0,"parent":532,"menu_order":0,"comment_status":"closed","ping_status":"closed","template":"","meta":{"footnotes":""},"class_list":["post-1350","page","type-page","status-publish","hentry"],"_links":{"self":[{"href":"https:\/\/conscaracas.esteri.it\/it\/wp-json\/wp\/v2\/pages\/1350","targetHints":{"allow":["GET"]}}],"collection":[{"href":"https:\/\/conscaracas.esteri.it\/it\/wp-json\/wp\/v2\/pages"}],"about":[{"href":"https:\/\/conscaracas.esteri.it\/it\/wp-json\/wp\/v2\/types\/page"}],"author":[{"embeddable":true,"href":"https:\/\/conscaracas.esteri.it\/it\/wp-json\/wp\/v2\/users\/3"}],"replies":[{"embeddable":true,"href":"https:\/\/conscaracas.esteri.it\/it\/wp-json\/wp\/v2\/comments?post=1350"}],"version-history":[{"count":2,"href":"https:\/\/conscaracas.esteri.it\/it\/wp-json\/wp\/v2\/pages\/1350\/revisions"}],"predecessor-version":[{"id":1353,"href":"https:\/\/conscaracas.esteri.it\/it\/wp-json\/wp\/v2\/pages\/1350\/revisions\/1353"}],"up":[{"embeddable":true,"href":"https:\/\/conscaracas.esteri.it\/it\/wp-json\/wp\/v2\/pages\/532"}],"wp:attachment":[{"href":"https:\/\/conscaracas.esteri.it\/it\/wp-json\/wp\/v2\/media?parent=1350"}],"curies":[{"name":"wp","href":"https:\/\/api.w.org\/{rel}","templated":true}]}}