{"id":1108,"date":"2023-08-01T19:55:47","date_gmt":"2023-08-01T17:55:47","guid":{"rendered":"https:\/\/conscaracas.esteri.it\/?page_id=1108"},"modified":"2023-08-01T19:55:47","modified_gmt":"2023-08-01T17:55:47","slug":"autentica-di-firma","status":"publish","type":"page","link":"https:\/\/conscaracas.esteri.it\/it\/servizi-consolari-e-visti\/servizi-per-il-cittadino-italiano\/servizi-notarili\/autentica-di-firma\/","title":{"rendered":"Autentica di Firma"},"content":{"rendered":"<p>Requisiti:<\/p>\n<p>Servizio disponibile anche per cittadini venezuelani in certi casi particolari.<\/p>\n<ul>\n<li>Documento originale senza data n\u00e9 firma.<\/li>\n<li>Originale e copia del documento d\u2019identit\u00e0 italiano in corso di validit\u00e0 del firmante.<\/li>\n<\/ul>\n<p>\u00c8 necessario richiedere appuntamento all\u2019indirizzo <a href=\"mailto:caracas.notarile@esteri.it\">caracas.notarile@esteri.it<\/a><\/p>\n<p>Il costo viene specificato nell\u2019e-mail con l\u2019appuntamento.<\/p>\n","protected":false},"excerpt":{"rendered":"Requisiti: Servizio disponibile anche per cittadini venezuelani in certi casi particolari. Documento originale senza data n\u00e9 firma. Originale e copia del documento d\u2019identit\u00e0 italiano in corso di validit\u00e0 del firmante. \u00c8 necessario richiedere appuntamento all\u2019indirizzo caracas.notarile@esteri.it Il costo viene specificato nell\u2019e-mail con l\u2019appuntamento.","protected":false},"author":8,"featured_media":0,"parent":89,"menu_order":0,"comment_status":"closed","ping_status":"closed","template":"","meta":{"footnotes":""},"class_list":["post-1108","page","type-page","status-publish","hentry"],"_links":{"self":[{"href":"https:\/\/conscaracas.esteri.it\/it\/wp-json\/wp\/v2\/pages\/1108","targetHints":{"allow":["GET"]}}],"collection":[{"href":"https:\/\/conscaracas.esteri.it\/it\/wp-json\/wp\/v2\/pages"}],"about":[{"href":"https:\/\/conscaracas.esteri.it\/it\/wp-json\/wp\/v2\/types\/page"}],"author":[{"embeddable":true,"href":"https:\/\/conscaracas.esteri.it\/it\/wp-json\/wp\/v2\/users\/8"}],"replies":[{"embeddable":true,"href":"https:\/\/conscaracas.esteri.it\/it\/wp-json\/wp\/v2\/comments?post=1108"}],"version-history":[{"count":0,"href":"https:\/\/conscaracas.esteri.it\/it\/wp-json\/wp\/v2\/pages\/1108\/revisions"}],"up":[{"embeddable":true,"href":"https:\/\/conscaracas.esteri.it\/it\/wp-json\/wp\/v2\/pages\/89"}],"wp:attachment":[{"href":"https:\/\/conscaracas.esteri.it\/it\/wp-json\/wp\/v2\/media?parent=1108"}],"curies":[{"name":"wp","href":"https:\/\/api.w.org\/{rel}","templated":true}]}}