{"id":1035,"date":"2023-07-13T16:32:14","date_gmt":"2023-07-13T14:32:14","guid":{"rendered":"https:\/\/conscaracas.esteri.it\/?page_id=1035"},"modified":"2023-07-13T16:32:38","modified_gmt":"2023-07-13T14:32:38","slug":"domande-su-aire","status":"publish","type":"page","link":"https:\/\/conscaracas.esteri.it\/it\/servizi-consolari-e-visti\/servizi-per-il-cittadino-italiano\/altri-servizi\/albo-consolare\/domande-frequenti-faq\/domande-su-aire\/","title":{"rendered":"Domande su AIRE"},"content":{"rendered":"<p><strong>1) Che cosa si intende per residenza?<\/strong><\/p>\n<p>La residenza \u00e8 il luogo dove una persona ha la propria dimora abituale, cio\u00e8 quello in cui trascorre la maggior parte del proprio tempo.<\/p>\n<p><strong>2)<\/strong> <strong>Chi si deve iscrivere all\u2019A.I.R.E.?<\/strong><\/p>\n<p>Tutti i cittadini italiani &#8211; ovunque siano nati \u2013 che risiedono fuori dall&#8217;Italia. Ricordate che l\u2019iscrizione all\u2019A.I.R.E. \u00e8 obbligatoria. I cittadini hanno l&#8217;obbligo di comunicare le variazioni di residenza entro 90 giorni dal trasferimento.<\/p>\n<p>Nel caso di un discendente di Italiani, la documentazione necessaria per il riconoscimento della cittadinanza italiana deve essere gi\u00e0 stata presentata in Consolato e trasmessa al Comune italiano competente. In caso contrario, il Comune stesso rigetter\u00e0 la richiesta di iscrizione all&#8217;A.I.R.E, in quanto il richiedente risulter\u00e0 sconosciuto.<\/p>\n","protected":false},"excerpt":{"rendered":"1) Che cosa si intende per residenza? La residenza \u00e8 il luogo dove una persona ha la propria dimora abituale, cio\u00e8 quello in cui trascorre la maggior parte del proprio tempo. 2) Chi si deve iscrivere all\u2019A.I.R.E.? Tutti i cittadini italiani &#8211; ovunque siano nati \u2013 che risiedono fuori dall&#8217;Italia. Ricordate che l\u2019iscrizione all\u2019A.I.R.E. \u00e8 [&hellip;]","protected":false},"author":3,"featured_media":0,"parent":978,"menu_order":0,"comment_status":"closed","ping_status":"closed","template":"","meta":{"footnotes":""},"class_list":["post-1035","page","type-page","status-publish","hentry"],"_links":{"self":[{"href":"https:\/\/conscaracas.esteri.it\/it\/wp-json\/wp\/v2\/pages\/1035","targetHints":{"allow":["GET"]}}],"collection":[{"href":"https:\/\/conscaracas.esteri.it\/it\/wp-json\/wp\/v2\/pages"}],"about":[{"href":"https:\/\/conscaracas.esteri.it\/it\/wp-json\/wp\/v2\/types\/page"}],"author":[{"embeddable":true,"href":"https:\/\/conscaracas.esteri.it\/it\/wp-json\/wp\/v2\/users\/3"}],"replies":[{"embeddable":true,"href":"https:\/\/conscaracas.esteri.it\/it\/wp-json\/wp\/v2\/comments?post=1035"}],"version-history":[{"count":0,"href":"https:\/\/conscaracas.esteri.it\/it\/wp-json\/wp\/v2\/pages\/1035\/revisions"}],"up":[{"embeddable":true,"href":"https:\/\/conscaracas.esteri.it\/it\/wp-json\/wp\/v2\/pages\/978"}],"wp:attachment":[{"href":"https:\/\/conscaracas.esteri.it\/it\/wp-json\/wp\/v2\/media?parent=1035"}],"curies":[{"name":"wp","href":"https:\/\/api.w.org\/{rel}","templated":true}]}}