{"id":461,"date":"2023-06-26T18:00:16","date_gmt":"2023-06-26T22:00:16","guid":{"rendered":"https:\/\/conscaracas.esteri.it\/?page_id=461"},"modified":"2025-12-16T10:06:20","modified_gmt":"2025-12-16T14:06:20","slug":"riacquisto-della-cittadinanza-italiana","status":"publish","type":"page","link":"https:\/\/conscaracas.esteri.it\/es\/servizi-consolari-e-visti\/servizi-per-il-cittadino-straniero\/cittadinanza\/riacquisto-della-cittadinanza-italiana\/","title":{"rendered":"Readquisici\u00f3n de la ciudadan\u00eda italiana"},"content":{"rendered":"<p>Readquisici\u00f3n de la ciudadan\u00eda<\/p>\n<p>Desde el 01\/07\/2025 hasta el 31\/12\/2027 ser\u00e1 posible readquirir la ciudadan\u00eda sin establecer residencia en Italia, sino present\u00e1ndose en este Consulado general.<\/p>\n<p>Para readquirir la ciudadan\u00eda en el Consulado general, se deben verificar las siguientes dos condiciones:<\/p>\n<ul>\n<li>Haber nacido en Italia o haber establecido residencia en Italia por al menos dos a\u00f1os antes de perder la ciudadan\u00eda.<\/li>\n<li>Haber perdido la ciudadan\u00eda antes del 16 de agosto de 1992 a consecuencia de su propia naturalizaci\u00f3n o la de su progenitor.<\/li>\n<\/ul>\n<p>De no cumplirse dichas condiciones, NO ser\u00e1 posible readquirir la ciudadan\u00eda en el Consulado general.<\/p>\n<p>Si se cumplen las condiciones antes mencionadas, para readquirir la ciudadan\u00eda el interesado deber\u00e1 consignar la siguiente documentaci\u00f3n:<\/p>\n<ol>\n<li>Documento de identidad vigente del solicitante.<\/li>\n<li>Planilla anagrafica, debidamente llenada y firmada por el solicitante.<\/li>\n<li>Constancia de residencia a nombre del solicitante, emitida por el CNE. De lo contrario, en caso de no poder obtener el certificado por parte del CNE, ser\u00e1 posible presentar: constancia de residencia emitida por (a) Consejo Comunal o por la (b) Alcald\u00eda. Adicionalmente, ser\u00e1 necesario presentar la factura de un servicio y el RIF. Se recuerda que los certificados tienen validez de 6 meses a partir de la fecha de su emisi\u00f3n.<\/li>\n<li><em>Estratto dell\u2019atto di nascita<\/em> del solicitante, emitido por el Comune competente.<\/li>\n<li>Datos filiatorios del solicitante, con Apostilla y traducci\u00f3n.<\/li>\n<li>Pago del art. 7c de la tabla de los aranceles consulares. La tabla se encuentra disponible en la siguiente secci\u00f3n de la p\u00e1gina web <a href=\"https:\/\/conscaracas.esteri.it\/es\/servizi-consolari-e-visti\/servizi-per-il-cittadino-italiano\/altri-servizi\/albo-consolare\/planillas-y-registros\/\">Planillas y registros \u2013 Consolato Generale d&#8217;Italia Caracas<\/a>.<\/li>\n<\/ol>\n<p>NO ser\u00e1 posible transmitir la ciudadan\u00eda a los hijos menores de edad en virtud de la readquisici\u00f3n.<\/p>\n","protected":false},"excerpt":{"rendered":"Readquisici\u00f3n de la ciudadan\u00eda Desde el 01\/07\/2025 hasta el 31\/12\/2027 ser\u00e1 posible readquirir la ciudadan\u00eda sin establecer residencia en Italia, sino present\u00e1ndose en este Consulado general. Para readquirir la ciudadan\u00eda en el Consulado general, se deben verificar las siguientes dos condiciones: Haber nacido en Italia o haber establecido residencia en Italia por al menos dos [&hellip;]","protected":false},"author":3,"featured_media":0,"parent":214,"menu_order":0,"comment_status":"closed","ping_status":"closed","template":"","meta":{"footnotes":""},"class_list":["post-461","page","type-page","status-publish","hentry"],"_links":{"self":[{"href":"https:\/\/conscaracas.esteri.it\/es\/wp-json\/wp\/v2\/pages\/461","targetHints":{"allow":["GET"]}}],"collection":[{"href":"https:\/\/conscaracas.esteri.it\/es\/wp-json\/wp\/v2\/pages"}],"about":[{"href":"https:\/\/conscaracas.esteri.it\/es\/wp-json\/wp\/v2\/types\/page"}],"author":[{"embeddable":true,"href":"https:\/\/conscaracas.esteri.it\/es\/wp-json\/wp\/v2\/users\/3"}],"replies":[{"embeddable":true,"href":"https:\/\/conscaracas.esteri.it\/es\/wp-json\/wp\/v2\/comments?post=461"}],"version-history":[{"count":6,"href":"https:\/\/conscaracas.esteri.it\/es\/wp-json\/wp\/v2\/pages\/461\/revisions"}],"predecessor-version":[{"id":4574,"href":"https:\/\/conscaracas.esteri.it\/es\/wp-json\/wp\/v2\/pages\/461\/revisions\/4574"}],"up":[{"embeddable":true,"href":"https:\/\/conscaracas.esteri.it\/es\/wp-json\/wp\/v2\/pages\/214"}],"wp:attachment":[{"href":"https:\/\/conscaracas.esteri.it\/es\/wp-json\/wp\/v2\/media?parent=461"}],"curies":[{"name":"wp","href":"https:\/\/api.w.org\/{rel}","templated":true}]}}