{"id":457,"date":"2023-06-26T17:49:44","date_gmt":"2023-06-26T21:49:44","guid":{"rendered":"https:\/\/conscaracas.esteri.it\/?page_id=457"},"modified":"2025-10-01T09:28:54","modified_gmt":"2025-10-01T13:28:54","slug":"cittadinanza-per-matrimonio-2","status":"publish","type":"page","link":"https:\/\/conscaracas.esteri.it\/es\/servizi-consolari-e-visti\/servizi-per-il-cittadino-straniero\/cittadinanza\/cittadinanza-per-matrimonio-2\/","title":{"rendered":"Cittadinanza per matrimonio"},"content":{"rendered":"<p><strong>Cittadinanza per matrimonio<\/strong><\/p>\n<ul>\n<li><strong>Istanza di cittadinanza per matrimonio\u00a0<\/strong><\/li>\n<li><strong>Giuramento<\/strong><\/li>\n<\/ul>\n<p>&nbsp;<\/p>\n<p><strong>ATTENZIONE: La consegna dell\u2019atto di matrimonio presso un Ufficio consolare NON avvia la richiesta di concessione della cittadinanza.<\/strong><\/p>\n<p><strong>NOTA BENE: Tutti gli atti di stato civile formati in Venezuela, da presentare a questo Consolato Generale, devono essere copia fotostatica dell\u2019atto originale, recante le firme dei dichiaranti e dei testimoni, timbro e firma dell\u2019Autorit\u00e0 locale e <span style=\"text-decoration: underline;\">rilasciati dal CNE<\/span>. Gli atti devono, inoltre, essere provvisti di Apostille <u>a nome del titolare del documento<\/u>, nonch\u00e9 tradotti dalla lingua originale all\u2019italiano. Se l\u2019atto di stato civile reca errori sar\u00e0 necessario rettificare il documento, tramite apposizione di nota a margine come previsto dalla Ley Org\u00e1nica de Registro Civil.<\/strong><\/p>\n<p><strong>Istanza di cittadinanza per matrimonio\u00a0<\/strong><\/p>\n<p><strong>Cenni normativi<\/strong><\/p>\n<p>L\u2019acquisto della cittadinanza italiana da parte del coniuge straniero o apolide che abbia contratto matrimonio con cittadino italiano a partire dal 27 aprile 1983 \u00e8 attualmente regolato dalla Legge 5 febbraio 1992 n. 91 (artt. 5, 6, 7 e 8) e successive modifiche.<\/p>\n<p>Le richieste di cittadinanza italiana possono essere presentate anche da parte del cittadino o della cittadina stranieri che hanno costituito un\u2019unione civile con cittadino\/a italiano\/a trascritta nei registri dello stato civile del Comune italiano (D. Lgs. 5, 6 e 7\/ 2017).<\/p>\n<p>Il coniuge\/parte dell\u2019unione civile straniero pu\u00f2 acquistare la cittadinanza italiana su domanda, in presenza dei requisiti stabiliti dalla normativa vigente, come spiegato nelle sezioni successive.<\/p>\n<p>Riferimenti normativi:<\/p>\n<ul>\n<li>Legge N.123 del 21 aprile 1983<\/li>\n<li>Legge N. 91 del 5 febbraio 1992<\/li>\n<li>Decreti legislativi N. 5, 6 e 7 del 19 gennaio 2017<\/li>\n<li>Decreto Legge N. 113 del 4 ottobre 2018 (decreto sicurezza), convertito dalla Legge N.132 del 1 dicembre 2018<\/li>\n<li>Decreto Legge N. 130 del 21 ottobre 2020, convertito dalla Legge N. 173 del 18 dicembre 2020<\/li>\n<li>D.L. n. 36\/2025 e Legge di conversione n. 74\/2025<\/li>\n<\/ul>\n<p><strong>Requisiti per la richiesta della cittadinanza<\/strong><\/p>\n<ul>\n<li><strong>Residenza nella circoscrizione consolare:<\/strong>\n<ul>\n<li>Il richiedente dovr\u00e0 indirizzare la domanda alla Rappresentanza diplomatico-consolare competente per la sua residenza, esclusivamente attraverso l&#8217;apposito applicativo informatico;<\/li>\n<li>Il coniuge\/parte dell\u2019unione civile di nazionalit\u00e0 italiana deve essere residente e regolarmente iscritto all\u2019anagrafe degli italiani residenti all\u2019estero (A.I.R.E.) della circoscrizione consolare di competenza e convivente allo stesso indirizzo del richiedente la cittadinanza. In caso contrario, dovr\u00e0 fornire documentazione comprovante la motivazione (es. lavoro, scolarit\u00e0 dei figli, cure mediche o altro), che determina o ha determinato la necessit\u00e0 di domicilio disgiunto;<\/li>\n<\/ul>\n<\/li>\n<li><strong>Termini di presentazione<\/strong>: la domanda pu\u00f2 essere presentata tre anni dopo il matrimonio\/unione civile se il coniuge \u00e8 cittadino italiano iure sanguinis (cio\u00e8 dalla nascita). Se il coniuge italiano ha acquistato la cittadinanza successivamente al matrimonio, in caso di naturalizzazione avvenuta dopo il matrimonio, i tre anni decorrono dalla data della naturalizzazione del coniuge. I tre anni vengono ridotti a un anno e mezzo in presenza di figli minori nati o adottati dai coniugi;<\/li>\n<li><strong>Trascrizione del matrimonio\/unione civile:<\/strong>\n<ul>\n<li>Se avvenuti all\u2019estero, devono essere stati trascritti presso il Comune in Italia;<\/li>\n<li>Il vincolo di coniugio\/unione civile deve rimanere valido e stabile fino all\u2019adozione del provvedimento di concessione della cittadinanza. Al fine del conferimento della cittadinanza italiana, alla data di adozione del decreto non devono essere intervenuti lo scioglimento, l\u2019annullamento o la cessazione degli effetti civili del matrimonio\/unione civile (separazione personale e divorzio dal coniuge o parte dell\u2019unione civile). Invece, il decesso del coniuge dopo la presentazione della domanda di cittadinanza non comporta la decadenza del beneficio;<\/li>\n<\/ul>\n<\/li>\n<li><strong>Situazione penale:<\/strong>\n<ul>\n<li>Assenza di sentenze di condanna da parte delle Autorit\u00e0 giudiziarie italiane per reati per i quali sia prevista una pena superiore a tre anni di reclusione;<\/li>\n<li>Assenza\u00a0di sentenze di condanna da parte delle Autorit\u00e0 giudiziarie straniere ad una pena superiore ad un anno per reati non politici;<\/li>\n<li>Assenza di condanne per delitti contro la personalit\u00e0 dello Stato e di motivi ostativi per la sicurezza della Repubblica;<\/li>\n<\/ul>\n<\/li>\n<li><strong>Conoscenza della\u00a0lingua italiana non inferiore a livello B1 del Quadro Comune Europeo di Riferimento (QCER)<\/strong><\/li>\n<li><strong>Pagamento delle tasse e percezioni indicate nella sezione documenti e costi<\/strong><\/li>\n<\/ul>\n<p><strong><br \/>\nRequisiti<\/strong><\/p>\n<p>Per richiedere la cittadinanza per matrimonio, l\u2019interessato dovr\u00e0 presentare la seguente documentazione:<\/p>\n<ol>\n<li><strong>Copia dell&#8217;atto di matrimonio o estratto per riassunto del registro dei matrimoni<\/strong> emesso dal competente Comune italiano di trascrizione, possibilmente rilasciato da non oltre sei (6) mesi.<\/li>\n<li><strong>Atto di nascita debitamente apostillato e tradotto<\/strong>. L\u2019atto deve essere rilasciato dal CNE e deve riportare le firme di: colui o colei che registra la nascita, dei testimoni e dell\u2019ufficiale di stato civile, possibilmente rilasciato da non oltre sei (6) mesi. NON verranno accettati certificati carenti dei requisiti essenziali.<\/li>\n<li><strong>Certificato di conoscenza della lingua italiana <\/strong>non inferiore al livello B1 del Quadro Comune Europeo di Riferimento (QCER) o titolo di studio rilasciato da un istituto di istruzione pubblico o paritario riconosciuto dal Ministero dell\u2019Istruzione, dell\u2019Universit\u00e0 e della Ricerca e dal Ministero degli Affari Esteri e della Cooperazione internazionale.<br \/>\nGli enti certificatori CLIQ (Certificazione Lingua Italiana di Qualit\u00e0) \u2013 eventualmente in regime di collaborazione con i locali istituti italiani di cultura \u2013 sono esclusivamente\u00a0<strong>l\u2019Universit\u00e0 per stranieri di Siena (CILS), l\u2019Universit\u00e0 per stranieri di Perugia (CELI), l\u2019Universit\u00e0 Roma Tre (Certit), la Societ\u00e0 Dante Alighieri (PLIDA) e l\u2019Universit\u00e0 per stranieri di Reggio Calabria (Ce.Co.L). Altre certificazioni provenienti dai suddetti Enti o da altre istituzioni non sono idonee e non potranno essere accettate.<br \/>\n<\/strong><strong>Non sono, invece, tenuti alla presentazione del titolo di conoscenza della lingua italiana coloro che hanno conseguito un titolo di studio emesso da un istituto di istruzione pubblico o paritario riconosciuto dal Ministero dell&#8217;Istruzione, dell&#8217;Universit\u00e0 e della Ricerca e\/o dal Ministero degli Affari Esteri e della Cooperazione Internazionale. Il corso di studio dovr\u00e0 essersi svolto in lingua italiana.\u00a0<\/strong><\/li>\n<li><strong>Precedenti penali del paese di origine<\/strong> e degli eventuali paesi di residenza, debitamente legalizzati e tradotti.\u00a0<strong>Si consiglia di\u00a0richiedere tale documento per ultimo, in quanto\u00a0\u00e8 l\u2019unico che scade: ha una validit\u00e0 di 6 mesi<\/strong>. Il richiedente \u00e8 esonerato dal presentare il certificato penale del Paese di origine solo se lo ha lasciato prima del compimento dei 14 anni e non ne ha conservato la cittadinanza.<span style=\"text-decoration: underline;\"><strong>Documentazione americana<\/strong><\/span>I richiedenti che abbiano vissuto negli Stati Uniti dovranno presentare i precedenti penali Statali e i precedenti penali Federali (rilasciati dal FBI). Poich\u00e9 non esiste negli Stati Uniti la figura del traduttore ufficiale, NON \u00e8 ammessa la legalizzazione della firma del notaio che certifica la conformit\u00e0 della traduzione. Quindi, gli atti rilasciati negli Stati Uniti (compresi i precedenti penali) dovranno recare la certificazione di conformit\u00e0 della traduzione apposta dall\u2019Ufficio consolare italiano competente per luogo dove si forma l\u2019atto.<\/li>\n<li><strong>Copia del passaporto<\/strong>, in corso di validit\u00e0, del richiedente. Inoltre, entrambi i coniugi dovranno presentare il passaporto venezuelano originale.<\/li>\n<li><strong>Ricevuta del versamento di 250<\/strong> (duecentocinquanta) euro effettuato nel conto corrente della banca\u00a0<em>Poste Italiane <\/em>intestato al Ministero dell\u2019Interno D.L.C.I. \u2013 Cittadinanza.<br \/>\nNel campo \u201ccausale\u201d l\u2019interessato dovr\u00e0 indicare: nome e cognome del richiedente \u2013 Istanza cittadinanza per matrimonio.\u00a0<em>\u00a0Jose P\u00e9rez \u2013 Istanza cittadinanza per matrimonio.<\/em><br \/>\nCodice IBAN (di 27 caratteri): IT54D0760103200000000809020<br \/>\nCodice BIC\/SWIFT di Poste Italiane:<br \/>\nPer bonifici esteri: BPPIITRRXXX<br \/>\nPer operazioni EUROGIRO: BIPPITRA<\/li>\n<\/ol>\n<p>&nbsp;<\/p>\n<p><strong>NB:\u00a0 Si ricorda che la legalizzazione della traduzione dell\u2019atto di nascita e di ogni precedente penale viene effettuata dall\u2019Ufficio Demografici (per appuntamento scrivere a caracas.demografici@esteri.it). Il richiedente dovr\u00e0 pagare con carta di debito, per ciascun documento legalizzato, la percezione consolare vigente che corrisponde all\u2019Art. 69. Si prega pertanto di voler provvedere a quanto necessario per effettuare il pagamento. Per il passaporto occorre acquisirne una copia conforme, per la quale si paga la percezione consolare vigente che corrisponde all\u2019art. 71.<\/strong><\/p>\n<p><strong>\u00a0<\/strong><\/p>\n<p><strong>PROCEDURA<\/strong><\/p>\n<p><strong>FASE 1 &#8211; REGISTRAZIONE E INSERIMENTO ISTANZA<\/strong><\/p>\n<p><strong>Il richiedente dovr\u00e0 effettuare la registrazione sul portale del Ministero dell\u2019Interno<\/strong>\u00a0(<a href=\"https:\/\/www.interno.gov.it\/it\/temi\/cittadinanza-e-altri-diritti-civili\/cittadinanza\/cittadinanza-invia-tua-domanda\">https:\/\/www.interno.gov.it\/it\/temi\/cittadinanza-e-altri-diritti-civili\/cittadinanza\/cittadinanza-invia-tua-domanda<\/a>) tramite l&#8217;identit\u00e0 digitale SPID o la carta d&#8217;identit\u00e0 elettronica CIE. I richiedenti che non sono in possesso di tali strumenti dovranno effettuare la registrazione sul portale con il proprio indirizzo mail e attivare la verifica in due fattori (TOTP) che prevede l&#8217;istallazione di un&#8217;app di autenticazione (come google authenticator o microsoft authenticator) direttamente sul proprio smartphone e la configurazione dell&#8217;account al suo interno. La suddetta procedura va effettuata una sola volta al primo accesso. Per tutti gli accessi successivi, sar\u00e0 sufficiente aprire l&#8217;app di autenticazione e utilizzare il codice TOTP (generato automaticamente) per completare il login. Il servizio di Help Desk del Ministero dell&#8217;Interno \u00e8 disponibile per il supporto ai richiedenti la cittadinanza ed \u00e8 raggiungibile tramite il link presente in tutte le pagine del portale.<\/p>\n<p>Si precisa che l\u2019indirizzo email dichiarato sul portale in fase di inoltro della domanda on line costituisce domicilio eletto (art. 47 c.c.), si rende pertanto necessaria una frequente consultazione della propria email in quanto tutte le comunicazioni relative alla domanda di cittadinanza, ivi comprese richieste di integrazione documentale, convocazioni, notifiche di provvedimenti, ecc. avverranno UNICAMENTE tramite canale informatico.<\/p>\n<p>Il richiedente \u00e8 tenuto a registrare i propri dati con la massima attenzione, in quanto questi non potranno essere modificati e, <strong>in caso di errore si dovr\u00e0 procedere ad una nuova registrazione con altro indirizzo mail<\/strong>. In particolare, andranno riportate le generalit\u00e0 indicate nell&#8217;atto di nascita (incluse eventuali annotazioni) e\/o in altri documenti formati all&#8217;estero dalle competenti Autorit\u00e0 straniere. In caso di discordanze, il richiedente \u00e8 tenuto a fornire opportuna documentazione giustificativa.<\/p>\n<p>Nella domanda dovr\u00e0 essere dichiarata l&#8217;eventuale convivenza di figli minori del\/della richiedente nati da una precedente relazione.<\/p>\n<p>Si dovranno dichiarare <strong>TUTTE<\/strong> le residenze dal quattordicesimo anno e <strong>NON<\/strong> lasciare periodo di tempo non dichiarati.<\/p>\n<p>Non andranno riportati caratteri o segni speciali (per es. la cediglia, accenti acuti o gravi all&#8217;interno della parola, accenti circonflessi, ecc.). Sar\u00e0 possibile inserire solo l&#8217;accento sull&#8217;ultima lettera utilizzando l&#8217;apostrofo, qualora ci sia anche nella lingua di origine.<\/p>\n<p>Una volta registrato, il richiedente potr\u00e0 procedere alla compilazione della domanda \u201conline\u201d e all\u2019inserimento di tutti i documenti richiesti (la cui traduzione italiana deve essere stata precedentemente legalizzata da questo Consolato Generale <strong>vedasi NB precedente<\/strong>) sull\u2019apposito portale del Ministero dell\u2019Interno: <a href=\"https:\/\/portaleservizi.dlci.interno.it\/AliCittadinanza\/ali\/home.htm\">https:\/\/portaleservizi.dlci.interno.it\/AliCittadinanza\/ali\/home.htm<\/a><\/p>\n<p><strong>NOTA BENE:<\/strong>\u00a0Per evitare che la domanda venga rigettata si prega di scansionare e caricare la documentazione in modo corretto e completo.<\/p>\n<p><strong>FASE 2 \u2013 VERIFICA CONSOLARE<\/strong><\/p>\n<p>L\u2019Ufficio Consolare sar\u00e0 automaticamente informato della presentazione della domanda e proceder\u00e0 alle necessarie VERIFICHE.<\/p>\n<p>Il richiedente ricever\u00e0 quindi, in modalit\u00e0 telematica tramite il portale del Ministero dell\u2019Interno, una comunicazione relativa all\u2019accettazione o al motivo dell\u2019inammissibilit\u00e0.<\/p>\n<p>In caso di accettazione della domanda, il richiedente sar\u00e0 convocato, per via telematica, presso la Rappresentanza diplomatico-consolare per l\u2019autentica della firma apposta sulla domanda di cittadinanza, per la consegna di tutta la documentazione cartacea IN ORIGINALE, ivi compresa quella gi\u00e0 trasmessa per via telematica tramite il Portale, per la riscossione o verifica dell\u2019avvenuto pagamento delle percezioni consolari previste.<\/p>\n<p>In caso di rifiuto della domanda, si potr\u00e0 ripresentare la domanda avendo cura di sanare gli errori indicati nel rifiuto stesso e si potranno riutilizzare i pagamenti gi\u00e0 effettuati, se si ripresenta la domanda entro un anno.<\/p>\n<p>Tutta la documentazione di cui sopra sar\u00e0 conservata in originale dalla Rappresentanza diplomatico-consolare, ad eccezione del passaporto e del certificato linguistico, per i quali verr\u00e0 effettuata una copia conforme con relativi pagamenti.<\/p>\n<p>&nbsp;<\/p>\n<p><strong>FASE 3 \u2013 VALUTAZIONE E TERMINI DEL PROCEDIMENTO<\/strong><\/p>\n<p>La valutazione della domanda e la definizione del procedimento sono di esclusiva competenza del Ministero dell\u2019Interno, entro 24 mesi dalla data di presentazione della domanda, prorogabili fino al massimo di 36 mesi. Qualora al termine della valutazione della pratica il procedimento si concluda positivamente, il Ministero dell\u2019Interno invier\u00e0 il Decreto di conferimento di cittadinanza italiana alla Rappresentanza diplomatico-consolare competente per residenza dell\u2019interessato\/a.<\/p>\n<p><strong>FASE 4 \u2013 DECRETO, NOTIFICA E GIURAMENTO<\/strong><\/p>\n<p>Il Decreto di conferimento della cittadinanza italiana verr\u00e0 notificato \u2013 tramite portale \u2013 con comunicazione indirizzata all\u2019email indicata dal richiedente in fase di registrazione. All\u2019atto della notifica verranno altres\u00ec richiesti documenti \u2013 previsti dalla normativa nazionale \u2013 volti a verificare la permanenza del vincolo coniugale. Tali documenti devono avere data successiva all\u2019adozione del decreto:<\/p>\n<p>Entro e non oltre 6 mesi dalla notifica, l&#8217;interessato verr\u00e0 convocato presso l&#8217;Ufficio consolare per presentare giuramento di fedelt\u00e0 alla Repubblica e alle sue leggi. Il termine di 6 mesi \u00e8 tassativo, decorso il quale si perder\u00e0 il diritto al conseguimento della cittadinanza italiana.<\/p>\n<p><strong>Giuramento<\/strong><br \/>\nIl giorno del giuramento il richiedente dovr\u00e0 presentarsi, presso questo Consolato generale, e consegnare la seguente documentazione:<\/p>\n<p>\u2013 Copia del documento d\u2019identit\u00e0 di entrambi coniugi \u2013 recante lo stato civile \u201ccasado\u201d;<\/p>\n<p>&#8211; Certificato di residenza in corso di validit\u00e0;<\/p>\n<p>&#8211; Scheda AIRE (<a href=\"https:\/\/conscaracas.esteri.it\/it\/servizi-consolari-e-visti\/servizi-per-il-cittadino-italiano\/altri-servizi\/albo-consolare\/risorse-informative\/\">scarica dalla sezione<\/a>).<br \/>\n\u2013 Copia integrale del matrimonio aggiornato (NON estratto) emesso dal Comune competente;<br \/>\n\u2013 Atto di matrimonio provvisto di Apostille e traduzione, emesso dalle autorit\u00e0 locali in data successiva all&#8217;emissione del Decreto;<br \/>\n\u2013 Certificato penale in corso di validit\u00e0 apostillato e tradotto;<br \/>\n\u2013 Passaporto originale di entrambi i coniugi.<\/p>\n<p>Lo stesso giorno dovr\u00e0 essere effettuato, presso la nostra Sede, il pagamento con \u201ctarjeta de debito\u201d dell&#8217;importo che corrisponde all&#8217;art. 8 della tabella dei diritti consolari (dovr\u00e0 verificare il giorno prima del suo appuntamento l&#8217;importo corrispondente nella \u201ctabella di diritti consolari\u201d sul nostro sito web).<\/p>\n<p>La persona interessata prester\u00e0 giuramento di fedelt\u00e0 alla Repubblica italiana pronunciando le parole:<\/p>\n<p>\u201cGIURO DI ESSERE FEDELE ALLA REPUBBLICA E DI OSSERVARE LA COSTITUZIONE E LE LEGGI DELLO STATO\u201d<\/p>\n<p>Gli effetti del giuramento, ovvero l\u2019acquisto della cittadinanza italiana, saranno efficaci a partire dal giorno successivo a quello del giuramento.<\/p>\n<p>Il certificato di nascita originale sar\u00e0 inviato per la trascrizione al Comune italiano di riferimento insieme alla richiesta di iscrizione all\u2019AIRE e al verbale dell\u2019avvenuto giuramento.<\/p>\n","protected":false},"excerpt":{"rendered":"Cittadinanza per matrimonio Istanza di cittadinanza per matrimonio\u00a0 Giuramento &nbsp; ATTENZIONE: La consegna dell\u2019atto di matrimonio presso un Ufficio consolare NON avvia la richiesta di concessione della cittadinanza. NOTA BENE: Tutti gli atti di stato civile formati in Venezuela, da presentare a questo Consolato Generale, devono essere copia fotostatica dell\u2019atto originale, recante le firme dei [&hellip;]","protected":false},"author":3,"featured_media":0,"parent":214,"menu_order":0,"comment_status":"closed","ping_status":"closed","template":"","meta":{"footnotes":""},"class_list":["post-457","page","type-page","status-publish","hentry"],"_links":{"self":[{"href":"https:\/\/conscaracas.esteri.it\/es\/wp-json\/wp\/v2\/pages\/457","targetHints":{"allow":["GET"]}}],"collection":[{"href":"https:\/\/conscaracas.esteri.it\/es\/wp-json\/wp\/v2\/pages"}],"about":[{"href":"https:\/\/conscaracas.esteri.it\/es\/wp-json\/wp\/v2\/types\/page"}],"author":[{"embeddable":true,"href":"https:\/\/conscaracas.esteri.it\/es\/wp-json\/wp\/v2\/users\/3"}],"replies":[{"embeddable":true,"href":"https:\/\/conscaracas.esteri.it\/es\/wp-json\/wp\/v2\/comments?post=457"}],"version-history":[{"count":7,"href":"https:\/\/conscaracas.esteri.it\/es\/wp-json\/wp\/v2\/pages\/457\/revisions"}],"predecessor-version":[{"id":4490,"href":"https:\/\/conscaracas.esteri.it\/es\/wp-json\/wp\/v2\/pages\/457\/revisions\/4490"}],"up":[{"embeddable":true,"href":"https:\/\/conscaracas.esteri.it\/es\/wp-json\/wp\/v2\/pages\/214"}],"wp:attachment":[{"href":"https:\/\/conscaracas.esteri.it\/es\/wp-json\/wp\/v2\/media?parent=457"}],"curies":[{"name":"wp","href":"https:\/\/api.w.org\/{rel}","templated":true}]}}