{"id":426,"date":"2023-06-23T18:26:03","date_gmt":"2023-06-23T16:26:03","guid":{"rendered":"https:\/\/conscaracas.esteri.it\/?page_id=426"},"modified":"2024-06-27T13:34:13","modified_gmt":"2024-06-27T17:34:13","slug":"poderes-amplio-especial","status":"publish","type":"page","link":"https:\/\/conscaracas.esteri.it\/es\/servizi-consolari-e-visti\/servizi-per-il-cittadino-italiano\/servicios-de-notaria\/poderes-amplio-especial\/","title":{"rendered":"Poderes (Amplio\/Especial)"},"content":{"rendered":"<p>Puesto que los poderes constituyen actas complejas y requieren una minuciosa preparaci\u00f3n y redacci\u00f3n antes de la firma, se le ruega al usuario que especifique, al momento de solicitar la cita, la raz\u00f3n exacta de la solicitud y, en el caso particular del poder, el objeto del mismo. La firma de los poderes est\u00e1 limitada \u00fanicamente a ciudadanos italianos que se encuentren en el territorio venezolano de manera permanente (inscritos en el AIRE) o temporal.<\/p>\n<p>Se trata de actas formadas en lengua italiana y es necesaria la presencia f\u00edsica del delegante en la Oficina Notarial del Consulado con su pasaporte italiano vigente.<\/p>\n<p>Para la preparaci\u00f3n de la documentaci\u00f3n, vista la complejidad de la materia, se sugiere consultar previamente con un abogado o notario, para recibir indicaciones generales acerca de eventuales contenidos espec\u00edficos que deba presentar el poder.<\/p>\n<p>Para firmar un poder, es necesario solicitar cita a trav\u00e9s del correo <a href=\"mailto:caracas.notarile@esteri.it\">caracas.notarile@esteri.it<\/a> adjuntando todos los requisitos mencionados a continuaci\u00f3n.<\/p>\n<p><strong>PODER AMPLIO<\/strong><br \/>\nEste modelo otorga un amplio poder al mandatario, por ende debe ser empleado con <strong>EXTREMA CAUTELA<\/strong>.<\/p>\n<p>Requisitos que se debe enviar por correo para firmar un<strong> poder amplio:<\/strong><\/p>\n<ul>\n<li>Modelo del poder en italiano en formato<strong> Word<\/strong>.<\/li>\n<li>Copia del pasaporte italiano vigente del mandante o delegante en formato <strong>PDF<\/strong>.<\/li>\n<li><em>Codice fiscale<\/em> italiano del mandante en formato <strong>PDF<\/strong>.<\/li>\n<li>Certificado de residencia emitida por el CNE o Rif venezolano del mandante en formato <strong>PDF<\/strong>.<\/li>\n<li>Copia del documento de identidad italiano del apoderado o delegado en formato <strong>PDF<\/strong>.<\/li>\n<li>Codice fiscale del apoderado o delegado en formato <strong>PDF<\/strong>.<\/li>\n<\/ul>\n<p><strong>PODER ESPECIAL<\/strong><br \/>\nOtorga un poder limitado y puede ser de distintos tipos.<\/p>\n<p><strong>&#8211; Poder especial para compra o venta de bienes inmuebles o de terrenos<\/strong><\/p>\n<p>Requisitos que se debe enviar por correo para firmar un<strong> poder especial para compra o venta de bienes inmuebles o de terrenos:<\/strong><\/p>\n<ul>\n<li>Modelo del poder en italiano en formato<strong> Word<\/strong>.<\/li>\n<li>Copia del pasaporte italiano vigente del mandante o delegante en formato <strong>PDF<\/strong>.<\/li>\n<li><em>Codice fiscale<\/em> italiano del mandante en formato <strong>PDF<\/strong>.<\/li>\n<li>Certificado de residencia emitida por el CNE o Rif venezolano del mandante en formato <strong>PDF<\/strong>.<\/li>\n<li>Copia del documento de identidad italiano del apoderado o delegado en formato <strong>PDF<\/strong>.<\/li>\n<li>Codice fiscale del apoderado o delegado en formato <strong>PDF<\/strong>.<\/li>\n<li>Copia del catastro actualizado (visura catastale) en formato <strong>PDF<\/strong>.<\/li>\n<\/ul>\n<p><strong>&#8211; Poder especial para Compra\/Venta de veh\u00edculos<\/strong><\/p>\n<p>Requisitos que se debe enviar por correo para firmar un<strong> poder especial para Compra\/Venta de veh\u00edculos :<\/strong><\/p>\n<ul>\n<li>Modelo del poder en italiano en formato<strong> Word<\/strong>.<\/li>\n<li>Copia del pasaporte italiano vigente del mandante o delegante en formato <strong>PDF<\/strong>.<\/li>\n<li><em>Codice fiscale<\/em> italiano del mandante en formato <strong>PDF<\/strong>.<\/li>\n<li>Certificado de residencia emitida por el CNE o Rif venezolano del mandante en formato <strong>PDF<\/strong>.<\/li>\n<li>Copia del documento de identidad italiano del apoderado o delegado en formato <strong>PDF<\/strong>.<\/li>\n<li>Codice fiscale del apoderado o delegado en formato <strong>PDF<\/strong>.<\/li>\n<li>Certificado de circulaci\u00f3n del veh\u00edculo en formato <strong>PDF<\/strong>.<\/li>\n<\/ul>\n<p><strong>&#8211; Poder especial para litigar:<\/strong><\/p>\n<p>Requisitos que se debe enviar por correo para firmar un<strong> poder especial para litigar:<\/strong><\/p>\n<ul>\n<li>Modelo del poder en italiano en formato <strong>Word<\/strong>.<\/li>\n<li>Copia del pasaporte italiano vigente del mandante o delegante en formato <strong>PDF<\/strong>.<\/li>\n<li><em>Codice fiscale<\/em> italiano del mandante en formato <strong>PDF<\/strong>.<\/li>\n<li>Certificado de residencia emitida por el CNE o Rif venezolano del mandante en formato <strong>PDF<\/strong>.<\/li>\n<li>Copia del documento de identidad italiano del apoderado o delegado en formato <strong>PDF<\/strong>.<\/li>\n<li>Codice fiscale del apoderado o delegado en formato <strong>PDF<\/strong>.<\/li>\n<li>Datos de la Sede del Estudio legal, datos completos de la persona o sociedad en contra de la cual se quiere actuar en formato <strong>PDF<\/strong>.<\/li>\n<\/ul>\n<p><strong>&#8211; Poder especial para compra\/venta o disoluci\u00f3n de una sociedad:<\/strong><\/p>\n<ul>\n<li>Modelo del poder en italiano en formato<strong> Word<\/strong>.<\/li>\n<li>Copia del pasaporte italiano vigente del mandante o delegante en formato <strong>PDF<\/strong>.<\/li>\n<li><em>Codice fiscale<\/em> italiano del mandante en formato <strong>PDF<\/strong>.<\/li>\n<li>Certificado de residencia emitida por el CNE o Rif venezolano del mandante en formato <strong>PDF<\/strong>.<\/li>\n<li>Copia del documento de identidad italiano del apoderado o delegado en formato <strong>PDF.<\/strong><\/li>\n<li>Codice fiscale del apoderado o delegado en formato <strong>PD<\/strong>F.<\/li>\n<li>Descripci\u00f3n de la Sociedad en formato <strong>PDF<\/strong>.<\/li>\n<\/ul>\n<p><strong>&#8211; Poderes Especiales para tr\u00e1mites de Sucesi\u00f3n:<\/strong><\/p>\n<ul>\n<li>Modelo del poder en italiano en formato <strong>Word<\/strong>.<\/li>\n<li>Copia del pasaporte italiano vigente del mandante o delegante en formato <strong>PDF<\/strong>.<\/li>\n<li><em>Codice fiscale<\/em> italiano del mandante en formato <strong>PDF<\/strong>.<\/li>\n<li>Certificado de residencia emitida por el CNE o Rif venezolano del mandante en formato <strong>PDF<\/strong>.<\/li>\n<li>Copia del documento de identidad italiano del apoderado o delegado en formato <strong>PDF<\/strong>.<\/li>\n<li>Codice fiscale del apoderado o delegado en formato <strong>PDF<\/strong>.<\/li>\n<li>Datos del difunto, incluidos lugar y fecha de nacimiento y fallecimiento (acta de defunci\u00f3n) en formato <strong>PDF<\/strong>.<\/li>\n<\/ul>\n<p><strong>-Poder especial para Donaci\u00f3n\/Aceptaci\u00f3n de Donaci\u00f3n:<\/strong><\/p>\n<ul>\n<li>Modelo del poder en italiano en formato <strong>Word<\/strong>.<\/li>\n<li>Copia del pasaporte italiano vigente del mandante o delegante en formato <strong>PDF<\/strong>.<\/li>\n<li><em>Codice fiscale<\/em> italiano del mandante en formato <strong>PDF<\/strong>.<\/li>\n<li>Certificado de residencia emitida por el CNE o Rif venezolano del mandante en formato <strong>PDF<\/strong>.<\/li>\n<li>Copia del documento de identidad italiano del apoderado o delegado en formato <strong>PDF<\/strong>.<\/li>\n<li>Codice fiscale del apoderado o delegado en formato <strong>PDF<\/strong>.<\/li>\n<li>Descripci\u00f3n detallada de los bienes objeto de la donaci\u00f3n, 2 testigos ciudadanos italianos (en caso de no tenerlos el Consulado General se los puede asignar), con un documento de identidad v\u00e1lido en formato <strong>PDF<\/strong>.<\/li>\n<\/ul>\n<p><strong>IMPORTANTE:\u00a0<\/strong>Los usuarios que no posean la ciudadan\u00eda italiana deber\u00e1n dirigirse a una Notar\u00eda P\u00fablica Venezolana, apostillar el documento y traducirlo al italiano; despu\u00e9s la Oficina Notarial del Consulado General legalizar\u00e1, previa cita, la traducci\u00f3n al italiano.<\/p>\n","protected":false},"excerpt":{"rendered":"Puesto que los poderes constituyen actas complejas y requieren una minuciosa preparaci\u00f3n y redacci\u00f3n antes de la firma, se le ruega al usuario que especifique, al momento de solicitar la cita, la raz\u00f3n exacta de la solicitud y, en el caso particular del poder, el objeto del mismo. La firma de los poderes est\u00e1 limitada [&hellip;]","protected":false},"author":8,"featured_media":0,"parent":386,"menu_order":0,"comment_status":"closed","ping_status":"closed","template":"","meta":{"footnotes":""},"class_list":["post-426","page","type-page","status-publish","hentry"],"_links":{"self":[{"href":"https:\/\/conscaracas.esteri.it\/es\/wp-json\/wp\/v2\/pages\/426","targetHints":{"allow":["GET"]}}],"collection":[{"href":"https:\/\/conscaracas.esteri.it\/es\/wp-json\/wp\/v2\/pages"}],"about":[{"href":"https:\/\/conscaracas.esteri.it\/es\/wp-json\/wp\/v2\/types\/page"}],"author":[{"embeddable":true,"href":"https:\/\/conscaracas.esteri.it\/es\/wp-json\/wp\/v2\/users\/8"}],"replies":[{"embeddable":true,"href":"https:\/\/conscaracas.esteri.it\/es\/wp-json\/wp\/v2\/comments?post=426"}],"version-history":[{"count":3,"href":"https:\/\/conscaracas.esteri.it\/es\/wp-json\/wp\/v2\/pages\/426\/revisions"}],"predecessor-version":[{"id":2200,"href":"https:\/\/conscaracas.esteri.it\/es\/wp-json\/wp\/v2\/pages\/426\/revisions\/2200"}],"up":[{"embeddable":true,"href":"https:\/\/conscaracas.esteri.it\/es\/wp-json\/wp\/v2\/pages\/386"}],"wp:attachment":[{"href":"https:\/\/conscaracas.esteri.it\/es\/wp-json\/wp\/v2\/media?parent=426"}],"curies":[{"name":"wp","href":"https:\/\/api.w.org\/{rel}","templated":true}]}}