{"id":423,"date":"2023-06-23T18:12:30","date_gmt":"2023-06-23T16:12:30","guid":{"rendered":"https:\/\/conscaracas.esteri.it\/?page_id=423"},"modified":"2024-06-27T13:45:18","modified_gmt":"2024-06-27T17:45:18","slug":"estudios","status":"publish","type":"page","link":"https:\/\/conscaracas.esteri.it\/es\/servizi-consolari-e-visti\/servizi-per-il-cittadino-italiano\/servicios-de-notaria\/estudios\/","title":{"rendered":"Estudios"},"content":{"rendered":"<p><strong>DECLARACI\u00d3N DE VALOR<\/strong><\/p>\n<p>La oficina de estudios del Consulado General realiza, previa cita, Declaraciones de Valor de cada t\u00edtulo de estudios realizados en escuelas y\/o universidades venezolanas que hacen parte de\u00a0 la <a href=\"https:\/\/conscaracas.esteri.it\/consolato_caracas\/es\/il_consolato\/il-consolato.html\">circunscripci\u00f3n consular del Consulado General de Italia en Caracas<\/a><\/p>\n<p>Para solicitar cita para emisi\u00f3n de Declaraci\u00f3n de Valor, es necesario escribir a <a href=\"mailto:caracas.studi@esteri.it\">caracas.studi@esteri.it<\/a><\/p>\n<p>La Declaraci\u00f3n de Valor se puede requerir para:<\/p>\n<ul>\n<li>Inscripci\u00f3n en escuelas primarias, secundarias y\/o universitarias en Italia<\/li>\n<li>El reconocimiento en Italia de los estudios universitarios parciales o totales realizados en Venezuela para continuar en Italia.<\/li>\n<li>El reconocimiento profesional en Italia de los t\u00edtulos universitarios.<\/li>\n<\/ul>\n<p><strong>Los documentos de estudios que vaya a legalizar deben estar:<\/strong><\/p>\n<ol>\n<li>Legalizados por el ente venezolano.<\/li>\n<li>Apostillados por el Ministerio de Relaciones Exteriores de Venezuela.<\/li>\n<li>Traducidos al italiano, traducci\u00f3n integral del documento realizada preferiblemente por un traductor oficial registrado en nuestro Consulado.<\/li>\n<\/ol>\n<p>Consulte aqu\u00ed el listado de los traductores oficiales registrados en este Consulado General.<\/p>\n<p><a href=\"https:\/\/conscaracas.esteri.it\/wp-content\/uploads\/2023\/06\/Elenco-Traduttori.pdf\">Elenco oficial de Traductores del Consulado.PDF<\/a><\/p>\n<p><strong>El d\u00eda de la cita debe traer:<\/strong><\/p>\n<ol>\n<li>Copia del pasaporte vigente, si los documentos son de personales.<\/li>\n<li>Autorizaci\u00f3n simple debidamente firmada por el titular del documento, copia del pasaporte vigente del titular y copia vigente del documento de identidad del delegado;\u00a0 en caso que el documento sea de otra persona.<\/li>\n<\/ol>\n<p><strong>Documentos que debe consignar para realizar Declaraci\u00f3n de Valor del colegio\u00a0<\/strong><\/p>\n<ol>\n<li>Diploma de Bachiller, original y copia.<\/li>\n<li>Notas certificadas (ciclo b\u00e1sico y diversificado), original y copia.<\/li>\n<li>Certificado de participaci\u00f3n de la\u00a0<strong>OPSU\u00a0<\/strong>(original sin traducci\u00f3n ni legalizaziones)<\/li>\n<\/ol>\n<p><strong>Documentos que debe consignar para realizar Declaraci\u00f3n de Valor de los estudios Universitarios\u00a0<\/strong><\/p>\n<ol>\n<li>Pergamino del t\u00edtulo universitario, original y copia.<\/li>\n<li>Copia del t\u00edtulo universitario, original y copia.<\/li>\n<li>Notas certificadas, original y copia.<\/li>\n<li>Pensum, carga horaria y\/o crediticia, original y copia.<\/li>\n<li>Programa de estudio (libro emitido por la Universidad que est\u00e9 sellado y firmado, este requisito\u00a0<strong>NO<\/strong> debe apostillarlo ni traducirlo ni hacerle copia)<\/li>\n<li>Certificaci\u00f3n de programa, original y copia.<\/li>\n<li>Acta de grado, original y copia.<\/li>\n<li>Inscripci\u00f3n en el colegio profesional de su carrera (de ser el caso), original y copia.<\/li>\n<li>Solvencia del Colegio Profesional (todo el a\u00f1o), original y copia.<\/li>\n<li>Carta Deontol\u00f3gica (debe tener m\u00ednimo 6 meses de vencimiento desde la fecha de emisi\u00f3n), original y copia.<\/li>\n<\/ol>\n<p><strong>Para realizar Declaraci\u00f3n de Valor del t\u00edtulo Universitario <u>es necesario<\/u>\u00a0consignar los documentos del Colegio mencionados anteriormente.<\/strong><\/p>\n<p>&nbsp;<\/p>\n","protected":false},"excerpt":{"rendered":"DECLARACI\u00d3N DE VALOR La oficina de estudios del Consulado General realiza, previa cita, Declaraciones de Valor de cada t\u00edtulo de estudios realizados en escuelas y\/o universidades venezolanas que hacen parte de\u00a0 la circunscripci\u00f3n consular del Consulado General de Italia en Caracas Para solicitar cita para emisi\u00f3n de Declaraci\u00f3n de Valor, es necesario escribir a caracas.studi@esteri.it [&hellip;]","protected":false},"author":8,"featured_media":0,"parent":386,"menu_order":0,"comment_status":"closed","ping_status":"closed","template":"","meta":{"footnotes":""},"class_list":["post-423","page","type-page","status-publish","hentry"],"_links":{"self":[{"href":"https:\/\/conscaracas.esteri.it\/es\/wp-json\/wp\/v2\/pages\/423","targetHints":{"allow":["GET"]}}],"collection":[{"href":"https:\/\/conscaracas.esteri.it\/es\/wp-json\/wp\/v2\/pages"}],"about":[{"href":"https:\/\/conscaracas.esteri.it\/es\/wp-json\/wp\/v2\/types\/page"}],"author":[{"embeddable":true,"href":"https:\/\/conscaracas.esteri.it\/es\/wp-json\/wp\/v2\/users\/8"}],"replies":[{"embeddable":true,"href":"https:\/\/conscaracas.esteri.it\/es\/wp-json\/wp\/v2\/comments?post=423"}],"version-history":[{"count":1,"href":"https:\/\/conscaracas.esteri.it\/es\/wp-json\/wp\/v2\/pages\/423\/revisions"}],"predecessor-version":[{"id":2203,"href":"https:\/\/conscaracas.esteri.it\/es\/wp-json\/wp\/v2\/pages\/423\/revisions\/2203"}],"up":[{"embeddable":true,"href":"https:\/\/conscaracas.esteri.it\/es\/wp-json\/wp\/v2\/pages\/386"}],"wp:attachment":[{"href":"https:\/\/conscaracas.esteri.it\/es\/wp-json\/wp\/v2\/media?parent=423"}],"curies":[{"name":"wp","href":"https:\/\/api.w.org\/{rel}","templated":true}]}}