{"id":386,"date":"2023-06-15T19:38:51","date_gmt":"2023-06-15T17:38:51","guid":{"rendered":"https:\/\/conscaracas.esteri.it\/?page_id=386"},"modified":"2023-08-01T20:55:17","modified_gmt":"2023-08-01T18:55:17","slug":"servicios-de-notaria","status":"publish","type":"page","link":"https:\/\/conscaracas.esteri.it\/es\/servizi-consolari-e-visti\/servizi-per-il-cittadino-italiano\/servicios-de-notaria\/","title":{"rendered":"Servicios de Notar\u00eda"},"content":{"rendered":"<p><strong>CITAS<\/strong><br \/>\nLas citas para la Oficina Notarial son completamente gratuitas y se solicitan \u00fanicamente a trav\u00e9s del correo electr\u00f3nico: <a href=\"mailto:caracas.notarile@esteri.it\">caracas.notarile@esteri.it<\/a>.<\/p>\n<p><strong>SERVICIOS QUE SE PRESTAN EN EL \u00c1REA NOTARIAL:<\/strong><\/p>\n<ul>\n<li><a href=\"https:\/\/conscaracas.esteri.it\/es\/servizi-consolari-e-visti\/servizi-per-il-cittadino-italiano\/servicios-de-notaria\/poderes-amplio-especial\/\" target=\"_blank\" rel=\"noopener\">Poderes generales y especiales<\/a> (\u00fanicamente para ciudadanos italianos).<\/li>\n<li><a href=\"https:\/\/conscaracas.esteri.it\/es\/servizi-consolari-e-visti\/servizi-per-il-cittadino-italiano\/servicios-de-notaria\/codice-fiscale\/\" target=\"_blank\" rel=\"noopener\">C\u00f3digo Fiscal<\/a>.<\/li>\n<li><a href=\"https:\/\/conscaracas.esteri.it\/es\/servizi-consolari-e-visti\/servizi-per-il-cittadino-italiano\/servicios-de-notaria\/autenticaciones-de-firmas\/\" target=\"_blank\" rel=\"noopener\">Autenticaciones de firmas<\/a>.<\/li>\n<li><a href=\"https:\/\/conscaracas.esteri.it\/es\/servizi-consolari-e-visti\/servizi-per-il-cittadino-italiano\/servicios-de-notaria\/autenticaciones-de-firmas\/copia-integral-de-expediente\/\" target=\"_blank\" rel=\"noopener\">Copia integral de expediente familiar<\/a>.<\/li>\n<li><a href=\"https:\/\/conscaracas.esteri.it\/es\/servizi-consolari-e-visti\/servizi-per-il-cittadino-italiano\/servicios-de-notaria\/traduzione-e-legalizzazione-dei-documenti\/\" target=\"_blank\" rel=\"noopener\">Legalizaci\u00f3n de traducci\u00f3n y firma de traductor<\/a>.<\/li>\n<li><a href=\"https:\/\/conscaracas.esteri.it\/es\/servizi-consolari-e-visti\/servizi-per-il-cittadino-italiano\/servicios-de-notaria\/copia-conforme-de-pasaportes\/\" target=\"_blank\" rel=\"noopener\">Copia conforme de pasaportes<\/a> (\u00fanicamente para ciudadanos italianos).<\/li>\n<li><a href=\"https:\/\/conscaracas.esteri.it\/es\/servizi-consolari-e-visti\/servizi-per-il-cittadino-italiano\/servicios-de-notaria\/autoveicoli-e-patenti-di-guida\/\" target=\"_blank\" rel=\"noopener\">Renovaci\u00f3n de licencias<\/a> (\u00fanicamente para ciudadanos italianos).<\/li>\n<li><a href=\"https:\/\/conscaracas.esteri.it\/es\/servizi-consolari-e-visti\/servizi-per-il-cittadino-italiano\/servicios-de-notaria\/declaracion-de-herederos-universales\/\" target=\"_blank\" rel=\"noopener\">Declaraci\u00f3n de Herederos Universales<\/a> (s\u00f3lo para ciudadanos italianos)<\/li>\n<\/ul>\n<p>Las documentos notariales elaborados en este Consulado General son v\u00e1lidos \u00fanicamente en el territorio de la Rep\u00fablica Italiana y en las Representaciones diplom\u00e1tico-consulares italianas.<\/p>\n","protected":false},"excerpt":{"rendered":"CITAS Las citas para la Oficina Notarial son completamente gratuitas y se solicitan \u00fanicamente a trav\u00e9s del correo electr\u00f3nico: caracas.notarile@esteri.it. SERVICIOS QUE SE PRESTAN EN EL \u00c1REA NOTARIAL: Poderes generales y especiales (\u00fanicamente para ciudadanos italianos). C\u00f3digo Fiscal. Autenticaciones de firmas. Copia integral de expediente familiar. Legalizaci\u00f3n de traducci\u00f3n y firma de traductor. Copia conforme [&hellip;]","protected":false},"author":8,"featured_media":0,"parent":200,"menu_order":0,"comment_status":"closed","ping_status":"closed","template":"","meta":{"footnotes":""},"class_list":["post-386","page","type-page","status-publish","hentry"],"_links":{"self":[{"href":"https:\/\/conscaracas.esteri.it\/es\/wp-json\/wp\/v2\/pages\/386","targetHints":{"allow":["GET"]}}],"collection":[{"href":"https:\/\/conscaracas.esteri.it\/es\/wp-json\/wp\/v2\/pages"}],"about":[{"href":"https:\/\/conscaracas.esteri.it\/es\/wp-json\/wp\/v2\/types\/page"}],"author":[{"embeddable":true,"href":"https:\/\/conscaracas.esteri.it\/es\/wp-json\/wp\/v2\/users\/8"}],"replies":[{"embeddable":true,"href":"https:\/\/conscaracas.esteri.it\/es\/wp-json\/wp\/v2\/comments?post=386"}],"version-history":[{"count":0,"href":"https:\/\/conscaracas.esteri.it\/es\/wp-json\/wp\/v2\/pages\/386\/revisions"}],"up":[{"embeddable":true,"href":"https:\/\/conscaracas.esteri.it\/es\/wp-json\/wp\/v2\/pages\/200"}],"wp:attachment":[{"href":"https:\/\/conscaracas.esteri.it\/es\/wp-json\/wp\/v2\/media?parent=386"}],"curies":[{"name":"wp","href":"https:\/\/api.w.org\/{rel}","templated":true}]}}