{"id":3836,"date":"2025-07-18T15:36:34","date_gmt":"2025-07-18T19:36:34","guid":{"rendered":"https:\/\/conscaracas.esteri.it\/?page_id=3836"},"modified":"2025-09-11T08:30:54","modified_gmt":"2025-09-11T12:30:54","slug":"preguntas-sobre-pasaportes-2","status":"publish","type":"page","link":"https:\/\/conscaracas.esteri.it\/es\/servizi-consolari-e-visti\/servizi-per-il-cittadino-italiano\/altri-servizi\/albo-consolare\/preguntas-frecuentes-faq\/preguntas-sobre-pasaportes-2\/","title":{"rendered":"Preguntas sobre pasaportes"},"content":{"rendered":"<h2>REQUISITOS PARA LA EMISI\u00d3N DEL PASAPORTE<\/h2>\n<ol>\n<li><strong>\u00bfQui\u00e9n puede solicitar un pasaporte?<\/strong>\u00a0\u2192 SOLO quien tenga una ciudadan\u00eda italiana y sea residente en esta circunscripci\u00f3n consular. Si el solicitante a\u00fan no tiene la ciudadan\u00eda italiana, tendr\u00e1 que hacer antes la solicitud de ciudadan\u00eda. En casos excepcionales, tambi\u00e9n los ciudadanos que hayan extraviado el pasaporte o haya sido robado, previa la llegada del\u00a0<em>nulla osta<\/em>\u00a0y la\u00a0<em>delega<\/em>\u00a0del consulado o jefatura de polic\u00eda correspondiente de residencia.<\/li>\n<li><strong>\u00bfDesde cu\u00e1ndo puedo solicitar la emisi\u00f3n de un nuevo pasaporte?<\/strong>\u00a0\u2192 Seis meses antes de vencerse.<\/li>\n<li><strong>\u00bfQui\u00e9n debe presentar una foto carnet y qui\u00e9n no para la emisi\u00f3n del pasaporte?<\/strong>\u00a0\u2192 Para los ciudadanos italianos con edad superior a los seis (6) a\u00f1os de edad no es necesario presentar una foto ya que se toma directamente en el Consulado. Para aquellos menores de (6) a\u00f1os de edad es obligatorio presentar una foto carnet tomada en un estudio fotogr\u00e1fico. La foto debe ser a color en formato 3,5 x 4 cm con fondo.<\/li>\n<li><strong>\u00bfQu\u00e9 documento debo presentar para demostrar el lugar de residencia si la p\u00e1gina del CNE no funciona?<\/strong>\u00a0\u2192 RIF vigente, constancia de residencia emitida por el Consejo Comunal o Alcald\u00eda, y el recibo de pago de un servicio (luz, celular, internet, etc.) a nombre del interesado o, en caso de ser menor de edad, conviviente a cargo, a nombre de los padres y\/o tutor.<\/li>\n<li><strong>Cambi\u00e9 de direcci\u00f3n. \u00bfDebo actualizar mi lugar de residencia antes de solicitar el pasaporte?<\/strong>\u00a0\u2192 S\u00ed, es un requisito indispensable. Esta actualizaci\u00f3n se debe realizar a trav\u00e9s del portal FAST IT, siguiendo las indicaciones del siguiente enlace:\u00a0<a href=\"https:\/\/conscaracas.esteri.it\/es\/servizi-consolari-e-visti\/servizi-per-il-cittadino-italiano\/anagrafe-degli-italiani-residenti-allestero-aire\/\"><button type=\"button\" data-url=\"https:\/\/conscaracas.esteri.it\/consolato_caracas\/it\/la_comunicazione\/dal_consolato\/anagrafe-degli-italiani-residenti-all.html\">Anagrafe degli Italiani residenti all\u2019estero (AIRE) \u2013 Consolato Generale d\u2019Italia Caracas<\/button><\/a><\/li>\n<\/ol>\n<p>&nbsp;<\/p>\n<h2>VALIDEZ Y PRECIOS<\/h2>\n<ol>\n<li><strong>\u00bfCu\u00e1l es la validez del pasaporte?<\/strong>\u00a0\u2192 Tres a\u00f1os para menores de 0 a 3 a\u00f1os. Cinco a\u00f1os para menores de 4 a 17 a\u00f1os. Diez a\u00f1os para mayores de edad.<\/li>\n<li><strong>\u00bfCu\u00e1nto cuesta el pasaporte?<\/strong>\u00a0\u2192 Ver el art\u00edculo 27A de la tabla derechos consulares:\u00a0<a href=\"https:\/\/conscaracas.esteri.it\/es\/servizi-consolari-e-visti\/servizi-per-il-cittadino-italiano\/altri-servizi\/albo-consolare\/planillas-y-registros\/\"><button type=\"button\" data-url=\"https:\/\/conscaracas.esteri.it\/consolato_caracas\/it\/informazioni_e_servizi\/modulistica\/\">Albi e modulistica \u2013 Consolato Generale d\u2019Italia Caracas<\/button><\/a><\/li>\n<\/ol>\n<div><\/div>\n<h2>PROCEDIMIENTO PARA LA EMISI\u00d3N<\/h2>\n<ol>\n<li><strong>\u00bfC\u00f3mo se emite o renueva el pasaporte?<\/strong>\u00a0\u2192 A trav\u00e9s del portal Prenot@mi. Es obligatorio presentarse en persona.<\/li>\n<li><strong>Vivo en el interior del pa\u00eds. \u00bfPuedo pedir el pasaporte italiano sin dirigirme a Caracas?<\/strong>\u00a0\u2192 S\u00ed, los ciudadanos italianos residentes en el interior del pa\u00eds pueden solicitar el pasaporte sin dirigirse a Caracas. En estos casos, se puede presentar la solicitud en las oficinas honorarias de: Porlamar, Barquisimeto, Barinas, Maracay, Matur\u00edn, Puerto Ordaz, San Juan de los Morros y Puerto La Cruz. Para tomar una cita en una oficina honoraria, por favor consultar el siguiente enlace para los datos de contacto:\u00a0<a href=\"https:\/\/conscaracas.esteri.it\/es\/chi-siamo\/la-rete-consolare\/\"><button type=\"button\" data-url=\"https:\/\/conscaracas.esteri.it\/consolato_caracas\/it\/il_consolato\/la_rete_consolare\/\">La Rete Consolare \u2013 Consolato Generale d\u2019Italia Caracas<\/button><\/a><\/li>\n<\/ol>\n<div><\/div>\n<h2>MENORES Y FAMILIA<\/h2>\n<ol>\n<li><strong>\u00bfMi hijo menor debe tener pasaporte venezolano?<\/strong>\u00a0\u2192 Si su hijo es doble ciudadano y a\u00fan no tiene una c\u00e9dula de identidad venezolana, tendr\u00e1 que presentar en el Consulado el pasaporte del pa\u00eds de nacimiento.<\/li>\n<li><strong>\u00bfSirve el consenso del otro progenitor para la emisi\u00f3n del pasaporte?<\/strong>\u00a0\u2192 Para s\u00ed mismo no. Desde el 14 de junio de 2023 ya no es un requisito. Para los hijos menores, s\u00ed. El consenso es obligatorio. Es obligatoria la presencia del menor y de ambos padres (o del representante legal) en el Consulado con el fin de firmar el consenso.<\/li>\n<li><strong>\u00bfQu\u00e9 debo hacer si el padre que debe firmar el consenso no est\u00e1 presente?<\/strong>\u00a0\u2192 Si el padre es ciudadano italiano en la Uni\u00f3n Europea: debe llenar y firmar una planilla de consenso (se descarga en la\u00a0<a href=\"https:\/\/conscaracas.esteri.it\/es\/servizi-consolari-e-visti\/servizi-per-il-cittadino-italiano\/altri-servizi\/albo-consolare\/planillas-y-registros\/\">p\u00e1gina web del Consulado<\/a>) y adjuntar una copia del documento de identidad. La planilla debe ser entregada por el padre presente el d\u00eda de la cita.<\/li>\n<li>Si, en cambio, el padre no es ciudadano italiano ni de la Uni\u00f3n Europea, debe firmar la planilla de consenso con una autenticaci\u00f3n de la firma en: a) una jefatura policial (si se encuentra en Italia). b) un Consulado Honorario (si se encuentra en Venezuela). c) en una representaci\u00f3n diplom\u00e1tica-consular italiana del pa\u00eds de residencia (si se encuentra en el exterior). Se debe adjuntar una copia del documento de identidad. En estos casos, la oficina donde se firm\u00f3 el consenso deber\u00e1 enviar el documento a trav\u00e9s de medios telem\u00e1ticos. Se recuerda que el consenso debe tener una fecha reciente. No se aceptar\u00e1n autorizaciones con fecha superior a dos meses.<\/li>\n<\/ol>\n<h2><\/h2>\n<h2>P\u00c9RDIDA, ROBO Y URGENCIAS<\/h2>\n<ol>\n<li><strong>\u00bfQu\u00e9 hacer en caso de robo o extrav\u00edo?<\/strong>\u00a0\u2192 Presentar la denuncia ante la autoridad local y solicitar un nuevo pasaporte \/ ETD. Tenga en consideraci\u00f3n que, en estos casos, SIEMPRE tendr\u00e1 que presentar en el Consulado la denuncia efectuada.<\/li>\n<li><strong>\u00bfQu\u00e9 es el ETD (Emergency Travel Document)?<\/strong>\u00a0\u2192 Es un documento provisorio v\u00e1lido para reingresar a Italia o al pa\u00eds de residencia. Se emite SOLO en caso de robo \/ extrav\u00edo. Tiene una validez limitada (cinco d\u00edas) y no se permite para viajes m\u00faltiples.<\/li>\n<\/ol>\n<p>&nbsp;<\/p>\n<h2>SOLICITUD DE CITAS PARA PASAPORTE POR CORREO<\/h2>\n<ol>\n<li><strong>Soy solo ciudadano italiano, \u00bfpuedo pedir mi cita por correo? \u2192\u00a0<\/strong>S\u00ed, si usted solo es ciudadano italiano, puede pedir su cita escribiendo un correo a passaporti.caracas@esteri.it. Le rogamos escribir en el asunto del correo \u00abcita para ciudadano solo italiano\u00bb y adjuntar copia de la c\u00e9dula o de la visa de residencia venezolana.<\/li>\n<\/ol>\n<div><\/div>\n<h2>SOLICITUD DE CITAS A TRAV\u00c9S DE PRENOT@MI<\/h2>\n<ol>\n<li><strong>\u00bfCu\u00e1l es la informaci\u00f3n \/ documentos a entregar o cargar obligatoriamente para programar una cita a trav\u00e9s de Prenot@mi?<\/strong>\u00a0\u2192 Los campos con asterisco SON obligatorios.<\/li>\n<li><strong>Cuando el portal pide cargar el pasaporte, \u00bfqu\u00e9 hago si no tengo un pasaporte italiano anterior?<\/strong>\u00a0\u2192 Este campo no es obligatorio. Debe cargar el pasaporte italiano solo si ya tiene el mismo.<\/li>\n<li><strong>Cuando el portal pide cargar documento de identidad \/ viaje, \u00bfqu\u00e9 debo cargar?<\/strong>\u00a0\u2192 Debe cargar el documento de identidad o pasaporte venezolano.<\/li>\n<\/ol>\n","protected":false},"excerpt":{"rendered":"REQUISITOS PARA LA EMISI\u00d3N DEL PASAPORTE \u00bfQui\u00e9n puede solicitar un pasaporte?\u00a0\u2192 SOLO quien tenga una ciudadan\u00eda italiana y sea residente en esta circunscripci\u00f3n consular. Si el solicitante a\u00fan no tiene la ciudadan\u00eda italiana, tendr\u00e1 que hacer antes la solicitud de ciudadan\u00eda. En casos excepcionales, tambi\u00e9n los ciudadanos que hayan extraviado el pasaporte o haya sido [&hellip;]","protected":false},"author":3,"featured_media":0,"parent":1007,"menu_order":0,"comment_status":"closed","ping_status":"closed","template":"","meta":{"footnotes":""},"class_list":["post-3836","page","type-page","status-publish","hentry"],"_links":{"self":[{"href":"https:\/\/conscaracas.esteri.it\/es\/wp-json\/wp\/v2\/pages\/3836","targetHints":{"allow":["GET"]}}],"collection":[{"href":"https:\/\/conscaracas.esteri.it\/es\/wp-json\/wp\/v2\/pages"}],"about":[{"href":"https:\/\/conscaracas.esteri.it\/es\/wp-json\/wp\/v2\/types\/page"}],"author":[{"embeddable":true,"href":"https:\/\/conscaracas.esteri.it\/es\/wp-json\/wp\/v2\/users\/3"}],"replies":[{"embeddable":true,"href":"https:\/\/conscaracas.esteri.it\/es\/wp-json\/wp\/v2\/comments?post=3836"}],"version-history":[{"count":3,"href":"https:\/\/conscaracas.esteri.it\/es\/wp-json\/wp\/v2\/pages\/3836\/revisions"}],"predecessor-version":[{"id":4362,"href":"https:\/\/conscaracas.esteri.it\/es\/wp-json\/wp\/v2\/pages\/3836\/revisions\/4362"}],"up":[{"embeddable":true,"href":"https:\/\/conscaracas.esteri.it\/es\/wp-json\/wp\/v2\/pages\/1007"}],"wp:attachment":[{"href":"https:\/\/conscaracas.esteri.it\/es\/wp-json\/wp\/v2\/media?parent=3836"}],"curies":[{"name":"wp","href":"https:\/\/api.w.org\/{rel}","templated":true}]}}