{"id":3432,"date":"2025-05-23T15:18:55","date_gmt":"2025-05-23T19:18:55","guid":{"rendered":"https:\/\/conscaracas.esteri.it\/?page_id=3432"},"modified":"2025-05-23T15:24:39","modified_gmt":"2025-05-23T19:24:39","slug":"newsletter-diplomacia-economica","status":"publish","type":"page","link":"https:\/\/conscaracas.esteri.it\/es\/italia-e-venezuela\/diplomazia-economica\/newsletter-diplomacia-economica\/","title":{"rendered":"Newsletter: Diplomacia Economica"},"content":{"rendered":"<p>La newsletter online Diplomacia Econ\u00f3mica Italiana es el bolet\u00edn mensual de informaci\u00f3n sobre la actividad de la Diplomacia Econ\u00f3mica. Realizada por Internationalia en coordinaci\u00f3n con la Direcci\u00f3n General para la Promoci\u00f3n del Sistema Pa\u00eds \u2013 Oficina de Internacionalizaci\u00f3n \u2013 del Ministerio de Asuntos Exteriores y de la Cooperaci\u00f3n Internacional. Las Embajadas italianas son las antenas del Sistema Italia en cada rinc\u00f3n del mundo; bien arraigadas en la realidad pol\u00edtica, econ\u00f3mica y social de cada pa\u00eds, recogen diariamente informaci\u00f3n \u00fatil para las empresas, apoyan a las compa\u00f1\u00edas en sus inversiones y coordinan el Sistema Pa\u00eds en el extranjero.<\/p>\n<p>Es posible recibir el bolet\u00edn directamente en su bandeja de entrada activando<a href=\"https:\/\/www.esteri.it\/it\/mailinglist\/?task=registrati\"> el servicio de suscripci\u00f3n<\/a>.<\/p>\n<p>&nbsp;<\/p>\n<p>En caso de que ya se haya registrado, podr\u00e1 acceder a su perfil de usuario en la secci\u00f3n de<a href=\"https:\/\/www.esteri.it\/it\/mailinglist\/\"> modificar datos personales.<\/a><\/p>\n<p>&nbsp;<\/p>\n<p><a href=\"https:\/\/www.esteri.it\/it\/diplomazia-economica-e-politica-commerciale\/diplomaziaeconomica\/newsletter\/dipl_eco\/\">Ver todas las ediciones<\/a><\/p>\n","protected":false},"excerpt":{"rendered":"La newsletter online Diplomacia Econ\u00f3mica Italiana es el bolet\u00edn mensual de informaci\u00f3n sobre la actividad de la Diplomacia Econ\u00f3mica. Realizada por Internationalia en coordinaci\u00f3n con la Direcci\u00f3n General para la Promoci\u00f3n del Sistema Pa\u00eds \u2013 Oficina de Internacionalizaci\u00f3n \u2013 del Ministerio de Asuntos Exteriores y de la Cooperaci\u00f3n Internacional. Las Embajadas italianas son las antenas [&hellip;]","protected":false},"author":3,"featured_media":0,"parent":166,"menu_order":0,"comment_status":"closed","ping_status":"closed","template":"","meta":{"footnotes":""},"class_list":["post-3432","page","type-page","status-publish","hentry"],"_links":{"self":[{"href":"https:\/\/conscaracas.esteri.it\/es\/wp-json\/wp\/v2\/pages\/3432","targetHints":{"allow":["GET"]}}],"collection":[{"href":"https:\/\/conscaracas.esteri.it\/es\/wp-json\/wp\/v2\/pages"}],"about":[{"href":"https:\/\/conscaracas.esteri.it\/es\/wp-json\/wp\/v2\/types\/page"}],"author":[{"embeddable":true,"href":"https:\/\/conscaracas.esteri.it\/es\/wp-json\/wp\/v2\/users\/3"}],"replies":[{"embeddable":true,"href":"https:\/\/conscaracas.esteri.it\/es\/wp-json\/wp\/v2\/comments?post=3432"}],"version-history":[{"count":2,"href":"https:\/\/conscaracas.esteri.it\/es\/wp-json\/wp\/v2\/pages\/3432\/revisions"}],"predecessor-version":[{"id":3437,"href":"https:\/\/conscaracas.esteri.it\/es\/wp-json\/wp\/v2\/pages\/3432\/revisions\/3437"}],"up":[{"embeddable":true,"href":"https:\/\/conscaracas.esteri.it\/es\/wp-json\/wp\/v2\/pages\/166"}],"wp:attachment":[{"href":"https:\/\/conscaracas.esteri.it\/es\/wp-json\/wp\/v2\/media?parent=3432"}],"curies":[{"name":"wp","href":"https:\/\/api.w.org\/{rel}","templated":true}]}}