{"id":3260,"date":"2025-04-01T09:30:48","date_gmt":"2025-04-01T13:30:48","guid":{"rendered":"https:\/\/conscaracas.esteri.it\/?page_id=3260"},"modified":"2025-04-01T11:26:26","modified_gmt":"2025-04-01T15:26:26","slug":"opcion-para-votar-en-italia","status":"publish","type":"page","link":"https:\/\/conscaracas.esteri.it\/es\/servizi-consolari-e-visti\/servizi-per-il-cittadino-italiano\/servizi-elettorali\/opcion-para-votar-en-italia\/","title":{"rendered":"Opci\u00f3n para votar en Italia"},"content":{"rendered":"<p>Se recuerda que el VOTO es un derecho tutelado por la Constituci\u00f3n italiana y que, en virtud de la Ley 459\/2001, los ciudadanos italianos residentes en el extranjero, inscritos en las listas electorales, pueden VOTAR POR CORRESPONDENCIA, recibiendo el material electoral en el propio domicilio de residencia. Para ello, se recomienda revisar y actualizar la propia direcci\u00f3n y datos en el Consulado, utilizando el portal online de servicios consulares <a href=\"https:\/\/serviziconsolari.esteri.it\/ScoFE\/index.sco\"><strong>Fast It<\/strong><\/a>.<\/p>\n<p>Como alternativa al voto por correspondencia, los electores inscritos en el AIRE pueden DECIDIR VOTAR EN ITALIA ANTE EL PROPIO COMUNE DE INSCRIPCI\u00d3N ELECTORAL, comunicando por escrito la propia decisi\u00f3n<strong>\u00a0(<a href=\"https:\/\/conscaracas.esteri.it\/wp-content\/uploads\/2025\/04\/Modulo_di_opzione_Referendum_2025.pdf\">OPZIONE<\/a><\/strong>)<strong> al Consulado a m\u00e1s tardar el\u00a0<\/strong><strong>10\u00b0 d\u00eda despu\u00e9s de la convocatoria de las votaciones. <\/strong>Los electores que decidan votar en Italia recibir\u00e1n del respectivo Comune su tarjet\u00f3n-aviso para votar ante la mesa electoral en Italia. La opci\u00f3n de votar en Italia vale s\u00f3lo para la consulta referendaria para la cual se solicita.<\/p>\n<p>En todo caso, se reitera que <strong>la opci\u00f3n DEBE LLEGAR al Consulado\u00a0 A M\u00c1S TARDAR EL D\u00c9CIMO D\u00cdA DESDE LA CONVOCATORIA DE LAS VOTACIONES, ES DECIR EL D\u00cdA 10\/04\/2025<\/strong>. Dicha comunicaci\u00f3n puede redactarse en una hoja simple y, para que tenga valor, debe contener el nombre, apellido, lugar y fecha de nacimiento, lugar de residencia y <strong>firma del elector<\/strong>. Adem\u00e1s, la carta deber\u00e1 estar acompa\u00f1ada de un <strong>documento de identidad del declarante<\/strong>.<\/p>\n<p>Para dicha comunicaci\u00f3n se puede utilizar la siguiente plantilla (<a href=\"https:\/\/conscaracas.esteri.it\/wp-content\/uploads\/2025\/04\/Modulo_di_opzione_Referendum_2025.pdf\">modulo<\/a>), que se encuentra tambi\u00e9n disponible en la p\u00e1gina web del Ministero degli Affari Esteri e della Cooperazione Internazionale (<a href=\"http:\/\/www.esteri.it\/\">www.esteri.it<\/a>).<\/p>\n<p>La planilla, debidamente rellenada, firmada y acompa\u00f1ada del documento de identidad, puede ser enviada a la direcci\u00f3n de correo elettorale.caracas@esteri.it o consignada directamente ante el Consulado general, durante los horarios de atenci\u00f3n al p\u00fablico.<\/p>\n<p>Como contemplado por las disposiciones de ley vigentes, es responsabilidad de los electores verificar que la comunicaci\u00f3n de opci\u00f3n enviada por correspondencia llegue a tiempo a la Oficina consular. Las solicitudes que lleguen superado el mencionado lapso NO podr\u00e1n considerarse v\u00e1lidas.<\/p>\n<p>La opci\u00f3n para votar en Italia puede ser posteriormente REVOCADA con una comunicaci\u00f3n por escrito a enviar o consignar a la Oficina consular con las mismos criterios y plazos contemplados para la opci\u00f3n.<\/p>\n<p>Si se decide regresar a Italia para votar, la Ley NO contempla alg\u00fan tipo de rembolso por los gastos de viaje, sino tarifas favorables en el interior del territorio italiano.<\/p>\n","protected":false},"excerpt":{"rendered":"Se recuerda que el VOTO es un derecho tutelado por la Constituci\u00f3n italiana y que, en virtud de la Ley 459\/2001, los ciudadanos italianos residentes en el extranjero, inscritos en las listas electorales, pueden VOTAR POR CORRESPONDENCIA, recibiendo el material electoral en el propio domicilio de residencia. Para ello, se recomienda revisar y actualizar la [&hellip;]","protected":false},"author":3,"featured_media":0,"parent":205,"menu_order":0,"comment_status":"closed","ping_status":"closed","template":"","meta":{"footnotes":""},"class_list":["post-3260","page","type-page","status-publish","hentry"],"_links":{"self":[{"href":"https:\/\/conscaracas.esteri.it\/es\/wp-json\/wp\/v2\/pages\/3260","targetHints":{"allow":["GET"]}}],"collection":[{"href":"https:\/\/conscaracas.esteri.it\/es\/wp-json\/wp\/v2\/pages"}],"about":[{"href":"https:\/\/conscaracas.esteri.it\/es\/wp-json\/wp\/v2\/types\/page"}],"author":[{"embeddable":true,"href":"https:\/\/conscaracas.esteri.it\/es\/wp-json\/wp\/v2\/users\/3"}],"replies":[{"embeddable":true,"href":"https:\/\/conscaracas.esteri.it\/es\/wp-json\/wp\/v2\/comments?post=3260"}],"version-history":[{"count":1,"href":"https:\/\/conscaracas.esteri.it\/es\/wp-json\/wp\/v2\/pages\/3260\/revisions"}],"predecessor-version":[{"id":3275,"href":"https:\/\/conscaracas.esteri.it\/es\/wp-json\/wp\/v2\/pages\/3260\/revisions\/3275"}],"up":[{"embeddable":true,"href":"https:\/\/conscaracas.esteri.it\/es\/wp-json\/wp\/v2\/pages\/205"}],"wp:attachment":[{"href":"https:\/\/conscaracas.esteri.it\/es\/wp-json\/wp\/v2\/media?parent=3260"}],"curies":[{"name":"wp","href":"https:\/\/api.w.org\/{rel}","templated":true}]}}