{"id":314,"date":"2023-06-13T19:45:07","date_gmt":"2023-06-13T23:45:07","guid":{"rendered":"https:\/\/conscaracas.esteri.it\/?page_id=314"},"modified":"2024-05-15T14:54:15","modified_gmt":"2024-05-15T18:54:15","slug":"hijos-nacidos-fuera-del-matrimonio","status":"publish","type":"page","link":"https:\/\/conscaracas.esteri.it\/es\/servizi-consolari-e-visti\/servizi-per-il-cittadino-italiano\/stato-civile\/hijos-nacidos-fuera-del-matrimonio\/","title":{"rendered":"Hijos nacidos fuera del matrimonio"},"content":{"rendered":"<p>Para informaciones sobre la filiaci\u00f3n fuera del matrimonio es posible consultar la siguiente publicaci\u00f3n del Ministero degli Affari Esteri e della Cooperazione Internazionale <a href=\"https:\/\/www.esteri.it\/it\/servizi-consolari-e-visti\/italiani-all-estero\/stato-civile\/riconoscimento-di-figlio-naturale\/\">Riconoscimento di figlio \u2013 Ministero degli Affari Esteri e della Cooperazione Internazionale<\/a><\/p>\n<p><strong>Elecci\u00f3n de ciudadan\u00eda para los hijos nacidos fuera del matrimonio y reconocidos, durante la mayor\u00eda de edad, por el progenitor italiano<\/strong><\/p>\n<p>En virtud del art. 2, apartado 2, de la Ley 91\/92, las personas reconocidas, durante la mayor\u00eda de edad, por el progenitor italiano o che durante tal per\u00edodo obtienen una declaraci\u00f3n judicial que comprueba la descendencia de un ciudadano italiano, tienen un a\u00f1o de tiempo, a partir de la fecha del reconocimiento, para elegir la ciudadan\u00eda italiana, en caso contrario pierden el derecho.<\/p>\n<p>Para firmar la declaraci\u00f3n de elecci\u00f3n de ciudadan\u00eda italiana, el solicitante &#8211; adem\u00e1s de los documentos descritos en la solicitud de transcripci\u00f3n del acta de nacimiento &#8211; deber\u00e1 realizar un dep\u00f3sito de 250 Euros en la cuenta del Ministero dell&#8217;Interno y deber\u00e1 presentar al Consulado General el comprobante de pago.<\/p>\n<p>Conto corrente della banca Poste Italiane intestato al Ministero dell&#8217;Interno D.L.C.I. &#8211; Cittadinanza.<br \/>\nNel campo \u00abcausale\u00bb l&#8217;interessato dovr\u00e0 indicare: nome e cognome del richiedente &#8211; Elezione di cittadinanza, es. Jose P\u00e9rez &#8211;\u00a0Elezione di cittadinanza.<\/p>\n<p>Cuenta corriente del banco Poste Italiane<br \/>\nTitular: Ministero dell&#8217;Interno D.L.C.I. &#8211; Cittadinanza.<br \/>\nCausale: nombre y apellido del solicitante &#8211; Elezione di cittadinanza (ej. Jos\u00e9 P\u00e9rez &#8211; Elezione di cittadinanza)<\/p>\n<p>IBAN (di 27 caratteri): IT54D0760103200000000809020<br \/>\nBIC\/SWIFT di Poste Italiane:<br \/>\nPara transferencias desde el exterior: BPPIITRRXXX<br \/>\nPara operaciones EUROGIRO: BIPPITRA<\/p>\n","protected":false},"excerpt":{"rendered":"Para informaciones sobre la filiaci\u00f3n fuera del matrimonio es posible consultar la siguiente publicaci\u00f3n del Ministero degli Affari Esteri e della Cooperazione Internazionale Riconoscimento di figlio \u2013 Ministero degli Affari Esteri e della Cooperazione Internazionale Elecci\u00f3n de ciudadan\u00eda para los hijos nacidos fuera del matrimonio y reconocidos, durante la mayor\u00eda de edad, por el progenitor [&hellip;]","protected":false},"author":3,"featured_media":0,"parent":203,"menu_order":0,"comment_status":"closed","ping_status":"closed","template":"","meta":{"footnotes":""},"class_list":["post-314","page","type-page","status-publish","hentry"],"_links":{"self":[{"href":"https:\/\/conscaracas.esteri.it\/es\/wp-json\/wp\/v2\/pages\/314","targetHints":{"allow":["GET"]}}],"collection":[{"href":"https:\/\/conscaracas.esteri.it\/es\/wp-json\/wp\/v2\/pages"}],"about":[{"href":"https:\/\/conscaracas.esteri.it\/es\/wp-json\/wp\/v2\/types\/page"}],"author":[{"embeddable":true,"href":"https:\/\/conscaracas.esteri.it\/es\/wp-json\/wp\/v2\/users\/3"}],"replies":[{"embeddable":true,"href":"https:\/\/conscaracas.esteri.it\/es\/wp-json\/wp\/v2\/comments?post=314"}],"version-history":[{"count":2,"href":"https:\/\/conscaracas.esteri.it\/es\/wp-json\/wp\/v2\/pages\/314\/revisions"}],"predecessor-version":[{"id":1930,"href":"https:\/\/conscaracas.esteri.it\/es\/wp-json\/wp\/v2\/pages\/314\/revisions\/1930"}],"up":[{"embeddable":true,"href":"https:\/\/conscaracas.esteri.it\/es\/wp-json\/wp\/v2\/pages\/203"}],"wp:attachment":[{"href":"https:\/\/conscaracas.esteri.it\/es\/wp-json\/wp\/v2\/media?parent=314"}],"curies":[{"name":"wp","href":"https:\/\/api.w.org\/{rel}","templated":true}]}}