{"id":2689,"date":"2024-10-22T09:59:30","date_gmt":"2024-10-22T13:59:30","guid":{"rendered":"https:\/\/conscaracas.esteri.it\/?page_id=2689"},"modified":"2025-10-06T14:23:06","modified_gmt":"2025-10-06T18:23:06","slug":"preguntas-frecuentes-sobre-las-cedulas-de-indentidad-c-i-e","status":"publish","type":"page","link":"https:\/\/conscaracas.esteri.it\/es\/servizi-consolari-e-visti\/servizi-per-il-cittadino-italiano\/altri-servizi\/albo-consolare\/preguntas-frecuentes-faq\/preguntas-frecuentes-sobre-las-cedulas-de-indentidad-c-i-e\/","title":{"rendered":"Preguntas frecuentes sobre las c\u00e9dulas de identidad (C.I.E.)"},"content":{"rendered":"<ol>\n<li><strong>\u00bfPuedo solicitar la C.I.E. si tengo un viaje planeado?<\/strong><\/li>\n<\/ol>\n<p>Si tiene un viaje programado y no planea regresar, o no sabe en qu\u00e9 fecha podr\u00e1 retornar a Venezuela, abst\u00e9ngase de solicitar la CIE, ya que es imposible predecir un\u00a0 lapso de tiempo para la llegada de la CIE a nuestro Consulado. Tenga en cuenta que <strong>NO<\/strong> es posible bajo ninguna circunstancia enviar el documento a otro Consulado.<\/p>\n<p><strong>2. He solicitado una c\u00e9dula de identidad y no estoy actualmente en Venezuela, \u00bfpueden enviarla al Consulado italiano del pa\u00eds donde estoy ahora?<\/strong><\/p>\n<p><strong>NO<\/strong>, no es posible bajo ninguna circunstancia enviar el documento a otro Consulado. Por lo tanto, tendr\u00e1 que retirarlo cuando est\u00e9 de regreso en Venezuela. Para evitar esta situaci\u00f3n, se invita a leer la primera pregunta.<\/p>\n<p><strong>3. \u00bfC\u00f3mo puedo saber si mi C.I.E. lleg\u00f3 al Consulado?<\/strong><\/p>\n<p>Se ruega abstenerse de hacer esta consulta por correo electr\u00f3nico, ya que el documento es producido en Italia por el Istituto Poligrafico e Zecca dello Stato y posteriormente enviado por correo certificado a trav\u00e9s de Poste Italiane a la Sede del Consulado General de Italia en Caracas. <strong>El ciudadano podr\u00e1 rastrear el env\u00edo en l\u00ednea de forma independiente utilizando el c\u00f3digo de seguimiento<\/strong>.<\/p>\n<p><strong>4. He visto que mi C.I.E. ya lleg\u00f3 al Consulado, \u00bfqu\u00e9 debo hacer ahora?<\/strong><\/p>\n<p>Cuando el Consulado reciba la encomienda, este \u00faltimo proceder\u00e1 a contactar a los solicitantes por correo electr\u00f3nico para efectuar el retiro. Tenga en cuenta que los usuarios podr\u00edan no ser contactados para retirar la C.I.E. inmediatamente cuando esta \u00faltima llegue al Consulado, pues las convocatorias se realizan de forma ordenada seg\u00fan el aforo disponible.<\/p>\n<p>No se permitir\u00e1 el ingreso al Consulado para las personas que a\u00fan no hayan sido convocadas para retirar la C.I.E.<\/p>\n<p><strong>5. \u00bfC\u00f3mo puedo saber si mi acta de nacimiento ya est\u00e1 transcrita por el Comune en Italia?<\/strong><\/p>\n<p>Debe contactar directamente a su Comune para solicitar el <em>estratto dell&#8217;atto di nascita<\/em>. Las direcciones\u00a0 de correo de los Comune se encuentran publicadas en sus proprios sitios web institucionales.<\/p>\n<p>&nbsp;<\/p>\n<p>6. <strong>No recibo el mensaje de texto para realizar la activaci\u00f3n de mi CIE<\/strong><\/p>\n<p>Lamentablemente, no depende de nuestro Consulado General el mecanismo de activaci\u00f3n de la c\u00e9dula de identidad, por lo que escapa de nuestras manos todo aquello que tenga que ver con este procedimiento. Hemos recibido distintas informaciones sobre que algunos sistemas de env\u00edo de OTP o TOKENS no trabajan bien con los n\u00fameros telef\u00f3nicos venezolanos, haciendo que estos \u00faltimos no reciban en el mensaje.<\/p>\n<p>En cualquier caso, la CIE es un documento v\u00e1lido y vigente a pesar de que no haber hecho el proceso de activaci\u00f3n, pues este \u00faltimo es necesario solo para aquellos tr\u00e1mites que requieren una identidad digital.<\/p>\n","protected":false},"excerpt":{"rendered":"\u00bfPuedo solicitar la C.I.E. si tengo un viaje planeado? Si tiene un viaje programado y no planea regresar, o no sabe en qu\u00e9 fecha podr\u00e1 retornar a Venezuela, abst\u00e9ngase de solicitar la CIE, ya que es imposible predecir un\u00a0 lapso de tiempo para la llegada de la CIE a nuestro Consulado. Tenga en cuenta que [&hellip;]","protected":false},"author":3,"featured_media":0,"parent":1007,"menu_order":0,"comment_status":"closed","ping_status":"closed","template":"","meta":{"footnotes":""},"class_list":["post-2689","page","type-page","status-publish","hentry"],"_links":{"self":[{"href":"https:\/\/conscaracas.esteri.it\/es\/wp-json\/wp\/v2\/pages\/2689","targetHints":{"allow":["GET"]}}],"collection":[{"href":"https:\/\/conscaracas.esteri.it\/es\/wp-json\/wp\/v2\/pages"}],"about":[{"href":"https:\/\/conscaracas.esteri.it\/es\/wp-json\/wp\/v2\/types\/page"}],"author":[{"embeddable":true,"href":"https:\/\/conscaracas.esteri.it\/es\/wp-json\/wp\/v2\/users\/3"}],"replies":[{"embeddable":true,"href":"https:\/\/conscaracas.esteri.it\/es\/wp-json\/wp\/v2\/comments?post=2689"}],"version-history":[{"count":7,"href":"https:\/\/conscaracas.esteri.it\/es\/wp-json\/wp\/v2\/pages\/2689\/revisions"}],"predecessor-version":[{"id":4496,"href":"https:\/\/conscaracas.esteri.it\/es\/wp-json\/wp\/v2\/pages\/2689\/revisions\/4496"}],"up":[{"embeddable":true,"href":"https:\/\/conscaracas.esteri.it\/es\/wp-json\/wp\/v2\/pages\/1007"}],"wp:attachment":[{"href":"https:\/\/conscaracas.esteri.it\/es\/wp-json\/wp\/v2\/media?parent=2689"}],"curies":[{"name":"wp","href":"https:\/\/api.w.org\/{rel}","templated":true}]}}