{"id":2480,"date":"2024-08-12T11:40:30","date_gmt":"2024-08-12T15:40:30","guid":{"rendered":"https:\/\/conscaracas.esteri.it\/?page_id=2480"},"modified":"2025-07-24T12:45:04","modified_gmt":"2025-07-24T16:45:04","slug":"preguntas-sobre-anagrafe-y-estado-civil","status":"publish","type":"page","link":"https:\/\/conscaracas.esteri.it\/es\/servizi-consolari-e-visti\/servizi-per-il-cittadino-italiano\/altri-servizi\/albo-consolare\/preguntas-frecuentes-faq\/preguntas-sobre-anagrafe-y-estado-civil\/","title":{"rendered":"Preguntas sobre \u00abanagrafe\u00bb y estado civil"},"content":{"rendered":"<ol>\n<li>\u00bfC\u00f3mo hago la inscripci\u00f3n AIRE o la actualizaci\u00f3n de los datos del registro? (<strong>PORTAL FAST IT)<\/strong><\/li>\n<\/ol>\n<p><a href=\"https:\/\/conscaracas.esteri.it\/es\/servizi-consolari-e-visti\/servizi-per-il-cittadino-italiano\/anagrafe-degli-italiani-residenti-allestero-aire\/\">https:\/\/conscaracas.esteri.it\/es\/servizi-consolari-e-visti\/servizi-per-il-cittadino-italiano\/anagrafe-degli-italiani-residenti-allestero-aire\/<\/a><\/p>\n<p>2) Fui registrado\/a con los dos apellidos de mi padre o con un error en la fecha de y\/o lugar de nacimiento, \u00bfc\u00f3mo puedo solicitar la correcci\u00f3n de mis datos?<\/p>\n<p><a href=\"https:\/\/conscaracas.esteri.it\/es\/servizi-consolari-e-visti\/servizi-per-il-cittadino-italiano\/stato-civile\/\">https:\/\/conscaracas.esteri.it\/es\/servizi-consolari-e-visti\/servizi-per-il-cittadino-italiano\/stato-civile\/<\/a><\/p>\n<p><strong>3) \u00bfEs necesario que mi hijo\/a menor de edad se encuentre presente al momento de introducir su documentaci\u00f3n en el Consulado para su registro como ciudadano italiano? <\/strong><\/p>\n<p>No, no es necesario que los hijos menores de edad se encuentren presentes en el momento en que sea solicitada la transcripci\u00f3n de su acta de nacimiento. Si los progenitores no conviven es necesaria la presencia de ambos para la inscripci\u00f3n AIRE del menor.<\/p>\n<p><strong>4) \u00bfDebo cancelar un arancel para registrar actas de estado civil (nacimiento de hijos menores de edad; matrimonios o divorcios)?<\/strong><\/p>\n<p>No, no debe cancelar ning\u00fan arancel para solicitar el registro de actas de estado civil en Italia.<\/p>\n<p><strong>5)\u00a0Ya entregu\u00e9 mi matrimonio, \u00bfmi conyugue obtiene autom\u00e1ticamente la ciudadan\u00eda italiana?<\/strong><\/p>\n<p>No.<\/p>\n","protected":false},"excerpt":{"rendered":"\u00bfC\u00f3mo hago la inscripci\u00f3n AIRE o la actualizaci\u00f3n de los datos del registro? (PORTAL FAST IT) https:\/\/conscaracas.esteri.it\/es\/servizi-consolari-e-visti\/servizi-per-il-cittadino-italiano\/anagrafe-degli-italiani-residenti-allestero-aire\/ 2) Fui registrado\/a con los dos apellidos de mi padre o con un error en la fecha de y\/o lugar de nacimiento, \u00bfc\u00f3mo puedo solicitar la correcci\u00f3n de mis datos? https:\/\/conscaracas.esteri.it\/es\/servizi-consolari-e-visti\/servizi-per-il-cittadino-italiano\/stato-civile\/ 3) \u00bfEs necesario que mi hijo\/a menor [&hellip;]","protected":false},"author":3,"featured_media":0,"parent":1007,"menu_order":0,"comment_status":"closed","ping_status":"closed","template":"","meta":{"footnotes":""},"class_list":["post-2480","page","type-page","status-publish","hentry"],"_links":{"self":[{"href":"https:\/\/conscaracas.esteri.it\/es\/wp-json\/wp\/v2\/pages\/2480","targetHints":{"allow":["GET"]}}],"collection":[{"href":"https:\/\/conscaracas.esteri.it\/es\/wp-json\/wp\/v2\/pages"}],"about":[{"href":"https:\/\/conscaracas.esteri.it\/es\/wp-json\/wp\/v2\/types\/page"}],"author":[{"embeddable":true,"href":"https:\/\/conscaracas.esteri.it\/es\/wp-json\/wp\/v2\/users\/3"}],"replies":[{"embeddable":true,"href":"https:\/\/conscaracas.esteri.it\/es\/wp-json\/wp\/v2\/comments?post=2480"}],"version-history":[{"count":3,"href":"https:\/\/conscaracas.esteri.it\/es\/wp-json\/wp\/v2\/pages\/2480\/revisions"}],"predecessor-version":[{"id":4141,"href":"https:\/\/conscaracas.esteri.it\/es\/wp-json\/wp\/v2\/pages\/2480\/revisions\/4141"}],"up":[{"embeddable":true,"href":"https:\/\/conscaracas.esteri.it\/es\/wp-json\/wp\/v2\/pages\/1007"}],"wp:attachment":[{"href":"https:\/\/conscaracas.esteri.it\/es\/wp-json\/wp\/v2\/media?parent=2480"}],"curies":[{"name":"wp","href":"https:\/\/api.w.org\/{rel}","templated":true}]}}