{"id":219,"date":"2023-04-03T19:31:10","date_gmt":"2023-04-03T17:31:10","guid":{"rendered":"https:\/\/conscaracas.esteri.it\/servizi-consolari-e-visti\/servizi-per-il-cittadino-straniero\/traduzione-e-legalizzazione-dei-documenti\/"},"modified":"2023-08-09T18:40:26","modified_gmt":"2023-08-09T16:40:26","slug":"traduzione-e-legalizzazione-dei-documenti","status":"publish","type":"page","link":"https:\/\/conscaracas.esteri.it\/es\/traduzione-e-legalizzazione-dei-documenti\/","title":{"rendered":"Traducci\u00f3n y legalizaci\u00f3n de documentos"},"content":{"rendered":"<p style=\"text-align: left;\"><strong>\u00bfC\u00f3mo legalizo la traducci\u00f3n de mis documentos en la oficina de Notarile?<\/strong><\/p>\n<p>Sin excepci\u00f3n, es necesario solicitar cita a trav\u00e9s del correo <a href=\"mailto:caracas.notarile@esteri.it\"> caracas.notarile@esteri.it<\/a> indicando nombre y apellido de la persona que realiza el tr\u00e1mite.<\/p>\n<p>&nbsp;<\/p>\n<p><strong>El documento venezolano que vaya a legalizar debe estar:<\/strong><\/p>\n<ul>\n<li>Legalizado por el ente venezolano.<\/li>\n<li>Apostillado por el Ministerio de Relaciones Exteriores de Venezuela.<\/li>\n<li>Traducido al italiano (traducci\u00f3n integral del documento) realizada preferiblemente por un traductor oficial registrado en nuestro Consulado<\/li>\n<\/ul>\n<p>Consulte aqu\u00ed el listado de los traductores oficiales registrados en el\u00a0 Consulado General de Italia en Caracas.<\/p>\n<p><a href=\"https:\/\/conscaracas.esteri.it\/it\/servizi-consolari-e-visti\/servizi-per-il-cittadino-italiano\/altri-servizi\/albo-consolare\/risorse-informative\/\" target=\"_blank\" rel=\"noopener\">Elenco oficial de Traductores del Consulado<\/a><a href=\"https:\/\/conscaracas.esteri.it\/es\/servizi-consolari-e-visti\/servizi-per-il-cittadino-italiano\/altri-servizi\/albo-consolare\/planillas-y-registros\/\" target=\"_blank\" rel=\"noopener\">.<\/a><\/p>\n<p>&nbsp;<\/p>\n<p><strong>El d\u00eda de la cita debe traer:<\/strong><\/p>\n<ul>\n<li>Copia de un documento de identidad <strong>VIGENTE, <\/strong>si el documento que presenta es de usted.<\/li>\n<li>Autorizaci\u00f3n simple, debidamente firmada por el due\u00f1o\/a del documento y copia del documento de identidad <strong>VIGENTE<\/strong> del titular y el autorizado, si el documento es de otra persona.<\/li>\n<\/ul>\n<p><strong>Es posible legalizar la traducci\u00f3n de los siguientes tipos de documentos:<\/strong><\/p>\n<ul>\n<li>Actas de nacimiento,<\/li>\n<li>Actas de matrimonio,<\/li>\n<li>Actas de defunci\u00f3n,<\/li>\n<li>Actas de divorcio,<\/li>\n<li>Documentos de estudio,<\/li>\n<li>Antecedentes penales,<\/li>\n<li>Poderes venezolanos, etc.<\/li>\n<\/ul>\n<p>Las tarifas que deber\u00e1 pagar se indican el d\u00eda de la entrega de los documentos. Los pagos se realizan el d\u00eda del retiro de los documentos legalizados exclusivamente con tarjeta de d\u00e9bito nacional (venezolana). No se aceptan tarjetas internacionales, cr\u00e9dito o efectivo, SIN EXCEPCIONES.<\/p>\n<p><strong>IMPORTANTE<\/strong>:<\/p>\n<ul>\n<li>Todas las citas son totalmente gratuitas.<\/li>\n<\/ul>\n","protected":false},"excerpt":{"rendered":"\u00bfC\u00f3mo legalizo la traducci\u00f3n de mis documentos en la oficina de Notarile? Sin excepci\u00f3n, es necesario solicitar cita a trav\u00e9s del correo caracas.notarile@esteri.it indicando nombre y apellido de la persona que realiza el tr\u00e1mite. &nbsp; El documento venezolano que vaya a legalizar debe estar: Legalizado por el ente venezolano. Apostillado por el Ministerio de Relaciones [&hellip;]","protected":false},"author":1,"featured_media":0,"parent":0,"menu_order":4,"comment_status":"closed","ping_status":"closed","template":"","meta":{"footnotes":""},"class_list":["post-219","page","type-page","status-publish","hentry"],"_links":{"self":[{"href":"https:\/\/conscaracas.esteri.it\/es\/wp-json\/wp\/v2\/pages\/219","targetHints":{"allow":["GET"]}}],"collection":[{"href":"https:\/\/conscaracas.esteri.it\/es\/wp-json\/wp\/v2\/pages"}],"about":[{"href":"https:\/\/conscaracas.esteri.it\/es\/wp-json\/wp\/v2\/types\/page"}],"author":[{"embeddable":true,"href":"https:\/\/conscaracas.esteri.it\/es\/wp-json\/wp\/v2\/users\/1"}],"replies":[{"embeddable":true,"href":"https:\/\/conscaracas.esteri.it\/es\/wp-json\/wp\/v2\/comments?post=219"}],"version-history":[{"count":0,"href":"https:\/\/conscaracas.esteri.it\/es\/wp-json\/wp\/v2\/pages\/219\/revisions"}],"wp:attachment":[{"href":"https:\/\/conscaracas.esteri.it\/es\/wp-json\/wp\/v2\/media?parent=219"}],"curies":[{"name":"wp","href":"https:\/\/api.w.org\/{rel}","templated":true}]}}