{"id":213,"date":"2023-04-03T19:30:48","date_gmt":"2023-04-03T23:30:48","guid":{"rendered":"https:\/\/conscaracas.esteri.it\/servizi-consolari-e-visti\/servizi-per-il-cittadino-straniero\/visti\/"},"modified":"2023-10-17T12:31:13","modified_gmt":"2023-10-17T10:31:13","slug":"visti","status":"publish","type":"page","link":"https:\/\/conscaracas.esteri.it\/es\/servizi-consolari-e-visti\/servizi-per-il-cittadino-straniero\/visti\/","title":{"rendered":"Visas"},"content":{"rendered":"<p>Los ciudadanos venezolanos no necesitan visa de ingreso para entrar y permanecer en el Territorio Schengen hasta por 90 d\u00edas cada semestre. Los requisitos indispensables son ser titular de un pasaporte con una validez superior en tres meses a la fecha prevista de retorno a Venezuela, boletos de ida y vuelta, un seguro de viaje por un m\u00ednimo de 30.000 euros que cubra todo el per\u00edodo de viaje y permanencia en el Territorio Schengen, y garant\u00edas econ\u00f3micas demostrables por un monto igual o superior al especificado en el Anexo A de la Directiva del Ministerio del Interior del 1.3.2000.<\/p>\n<p>Hay que tener presente que, de todos modos, la Polic\u00eda de frontera de cualquier pa\u00eds puede requerir cualquier otro documento que juzgue necesario y, a pesar de presentar todo lo solicitado, puede decidir no admitir la entrada del extranjero en su territorio. Por lo tanto, es necesario estar preparados y asegurarse de tener consigo todos los documentos que se consideren \u00fatiles para evitar el rechazo en frontera.<\/p>\n<p>Para ulteriores informaciones realtivas a visas, les invitamos a consultar la p\u00e1gina web\u00a0<a href=\"https:\/\/vistoperitalia.esteri.it\/home.aspx\">https:\/\/vistoperitalia.esteri.it\/home.aspx<\/a>\u00a0donde se puede encontrar toda la informaci\u00f3n general relativas a las visas disponibles. Adem\u00e1s, para mayores informaciones, pueden escribirnos a\u00a0<a href=\"mailto:visti.caracas@esteri.it\">visti.caracas@esteri.it<\/a>\u00a0y recibir\u00e1n nuestra respuesta en unas pocas horas.<\/p>\n<p><a href=\"https:\/\/conscaracas.esteri.it\/wp-content\/uploads\/2023\/10\/Formulario-nazionale-Spagnolo.pdf\">Solicitud de Visa Nacional (D)<\/a><\/p>\n<p><a href=\"https:\/\/conscaracas.esteri.it\/wp-content\/uploads\/2023\/10\/Formulario-Schengen-spagnolo.pdf\">Solicitud de visado para los Pa\u00edses Schengen<\/a><\/p>\n","protected":false},"excerpt":{"rendered":"Los ciudadanos venezolanos no necesitan visa de ingreso para entrar y permanecer en el Territorio Schengen hasta por 90 d\u00edas cada semestre. Los requisitos indispensables son ser titular de un pasaporte con una validez superior en tres meses a la fecha prevista de retorno a Venezuela, boletos de ida y vuelta, un seguro de viaje [&hellip;]","protected":false},"author":1,"featured_media":0,"parent":212,"menu_order":0,"comment_status":"closed","ping_status":"closed","template":"","meta":{"footnotes":""},"class_list":["post-213","page","type-page","status-publish","hentry"],"_links":{"self":[{"href":"https:\/\/conscaracas.esteri.it\/es\/wp-json\/wp\/v2\/pages\/213","targetHints":{"allow":["GET"]}}],"collection":[{"href":"https:\/\/conscaracas.esteri.it\/es\/wp-json\/wp\/v2\/pages"}],"about":[{"href":"https:\/\/conscaracas.esteri.it\/es\/wp-json\/wp\/v2\/types\/page"}],"author":[{"embeddable":true,"href":"https:\/\/conscaracas.esteri.it\/es\/wp-json\/wp\/v2\/users\/1"}],"replies":[{"embeddable":true,"href":"https:\/\/conscaracas.esteri.it\/es\/wp-json\/wp\/v2\/comments?post=213"}],"version-history":[{"count":1,"href":"https:\/\/conscaracas.esteri.it\/es\/wp-json\/wp\/v2\/pages\/213\/revisions"}],"predecessor-version":[{"id":1387,"href":"https:\/\/conscaracas.esteri.it\/es\/wp-json\/wp\/v2\/pages\/213\/revisions\/1387"}],"up":[{"embeddable":true,"href":"https:\/\/conscaracas.esteri.it\/es\/wp-json\/wp\/v2\/pages\/212"}],"wp:attachment":[{"href":"https:\/\/conscaracas.esteri.it\/es\/wp-json\/wp\/v2\/media?parent=213"}],"curies":[{"name":"wp","href":"https:\/\/api.w.org\/{rel}","templated":true}]}}