{"id":209,"date":"2023-04-03T19:30:19","date_gmt":"2023-04-03T17:30:19","guid":{"rendered":"https:\/\/conscaracas.esteri.it\/servizi-consolari-e-visti\/servizi-per-il-cittadino-italiano\/pensioni-e-sicurezza-sociale\/"},"modified":"2023-07-06T17:12:00","modified_gmt":"2023-07-06T15:12:00","slug":"pensioni-e-sicurezza-sociale","status":"publish","type":"page","link":"https:\/\/conscaracas.esteri.it\/es\/servizi-consolari-e-visti\/servizi-per-il-cittadino-italiano\/pensioni-e-sicurezza-sociale\/","title":{"rendered":"Pensiones y seguridad social"},"content":{"rendered":"<p><strong>Seguridad social<br \/>\n<\/strong>Se entiende por \u00abseguridad social\u00bb el conjunto de intervenciones con miras a la provisi\u00f3n de medidas asistenciales a favor de los ciudadanos que se encuentran en condiciones de necesidad; dichas intervenciones van desde la atenci\u00f3n m\u00e9dica gratuita para indigentes, hasta el establecimiento e integraci\u00f3n de organismos e institutos que les garanticen el mantenimiento y la asistencia social a los ciudadanos que no pueden trabajar y que no disponen de los medios para vivir y, en el caso de los trabajadores, que les garanticen los medios adecuados para las exigencias de la vida en caso de accidentes, enfermedad, invalidez, vejez y desempleo involuntario.<br \/>\nLa seguridad social incluye lo siguiente:<\/p>\n<ul>\n<li>La asistencia social, que cumple una funci\u00f3n gen\u00e9rica de tutela de los indigentes, extendida a todos los ciudadanos en caso de necesidad.<\/li>\n<li>La previsi\u00f3n social, que cumple la funci\u00f3n espec\u00edfica de tutela de los trabajadores.<\/li>\n<\/ul>\n<p>Para mayores detalles y para conocer los requisitos de las prestaciones previstas por la ley, se recomienda consultar la p\u00e1gina web del INPS.<\/p>\n<p><strong>Pago de las pensiones del INPS en el exterior<br \/>\n<\/strong>Para el pago de las pensiones (m\u00e1s de 411 mil) a los ciudadanos elegibles residentes en el exterior (en 131 pa\u00edses), el INPS emplea un instituto de cr\u00e9dito adjudicatario de una licitaci\u00f3n que se renueva cada tres a\u00f1os. El banco encargado de dicho servicio opera a su vez a trav\u00e9s de institutos de cr\u00e9dito corresponsales en las diferentes \u00e1reas.<br \/>\nLas pensiones se les pagan a los residentes en el exterior de forma mensual. Las pensiones por montos menores a 70 Euros mensuales se pagan con periodicidad semestral, tal como sucede con los pensionados en Italia. El pago de las pensiones se realiza generalmente mediante abono a la cuenta corriente del pensionado.<br \/>\nEl banco encargado del pago tiene la tarea de verificar que el pensionado siga con vida, adem\u00e1s de verificar su direcci\u00f3n y residencia.<br \/>\nDesde febrero de 2012, Citibank se encarga del pago de las pensiones en el exterior.<br \/>\nLas modalidades acordadas entre el INPS y Citibank para la presentaci\u00f3n de una prueba de vida prev\u00e9n que el pensionado llene un \u201cFormulario de Certificaci\u00f3n de Fe de Vida\u201d (que le habr\u00e1 enviado el mismo banco a su domicilio), que firme dicho formulario haciendo autenticar su firma por la Oficina Consular o por un funcionario p\u00fablico reconocido por la legislaci\u00f3n de su pa\u00eds de residencia, y que lo env\u00ede al banco. En la p\u00e1gina web\u00a0<a title=\"Enlace a la p\u00e1gina web de citibank\" href=\"http:\/\/www.citibank.com\/transactionservices\/home\/sa\/a3\/inps\/index.jsp\">www.inps.citi.com<\/a>\u00a0se encuentra disponible toda la informaci\u00f3n necesaria, incluyendo una lista de los Funcionarios P\u00fablicos habilitados para autenticar el Certificado de Fe de Vida en cada pa\u00eds o \u00e1rea geogr\u00e1fica, y los contactos telef\u00f3nicos y correos electr\u00f3nicos dedicados a la asistencia al usuario, a los cuales pueden dirigirse los usuarios directamente.<\/p>\n<p><a title=\"Contactos \u00fatiles para los tr\u00e1mites de pensiones\" href=\"https:\/\/conscaracas.esteri.it\/es\/servizi-consolari-e-visti\/servizi-per-il-cittadino-italiano\/pensioni-e-sicurezza-sociale\/contactos-utiles-para-los-tramites-de-pensiones\/\"><strong>Contactos \u00fatiles para los tr\u00e1mites de pensiones<\/strong><\/a><\/p>\n","protected":false},"excerpt":{"rendered":"Seguridad social Se entiende por \u00abseguridad social\u00bb el conjunto de intervenciones con miras a la provisi\u00f3n de medidas asistenciales a favor de los ciudadanos que se encuentran en condiciones de necesidad; dichas intervenciones van desde la atenci\u00f3n m\u00e9dica gratuita para indigentes, hasta el establecimiento e integraci\u00f3n de organismos e institutos que les garanticen el mantenimiento [&hellip;]","protected":false},"author":1,"featured_media":0,"parent":200,"menu_order":20,"comment_status":"closed","ping_status":"closed","template":"","meta":{"footnotes":""},"class_list":["post-209","page","type-page","status-publish","hentry"],"_links":{"self":[{"href":"https:\/\/conscaracas.esteri.it\/es\/wp-json\/wp\/v2\/pages\/209","targetHints":{"allow":["GET"]}}],"collection":[{"href":"https:\/\/conscaracas.esteri.it\/es\/wp-json\/wp\/v2\/pages"}],"about":[{"href":"https:\/\/conscaracas.esteri.it\/es\/wp-json\/wp\/v2\/types\/page"}],"author":[{"embeddable":true,"href":"https:\/\/conscaracas.esteri.it\/es\/wp-json\/wp\/v2\/users\/1"}],"replies":[{"embeddable":true,"href":"https:\/\/conscaracas.esteri.it\/es\/wp-json\/wp\/v2\/comments?post=209"}],"version-history":[{"count":0,"href":"https:\/\/conscaracas.esteri.it\/es\/wp-json\/wp\/v2\/pages\/209\/revisions"}],"up":[{"embeddable":true,"href":"https:\/\/conscaracas.esteri.it\/es\/wp-json\/wp\/v2\/pages\/200"}],"wp:attachment":[{"href":"https:\/\/conscaracas.esteri.it\/es\/wp-json\/wp\/v2\/media?parent=209"}],"curies":[{"name":"wp","href":"https:\/\/api.w.org\/{rel}","templated":true}]}}