{"id":208,"date":"2023-04-03T19:30:10","date_gmt":"2023-04-03T23:30:10","guid":{"rendered":"https:\/\/conscaracas.esteri.it\/servizi-consolari-e-visti\/servizi-per-il-cittadino-italiano\/codice-fiscale\/"},"modified":"2025-07-21T13:02:05","modified_gmt":"2025-07-21T17:02:05","slug":"codice-fiscale","status":"publish","type":"page","link":"https:\/\/conscaracas.esteri.it\/es\/codice-fiscale\/","title":{"rendered":"C\u00f3digo Fiscal"},"content":{"rendered":"<p style=\"text-align: justify;\">El C\u00f3digo Fiscal es el instrumento de identificaci\u00f3n del ciudadano en las relaciones con los entes y las administraciones p\u00fablicas italiana, es otorgado por L\u2019Agenzia delle Entrate. El c\u00f3digo contiene 16 caracteres que identifican el apellido y el nombre del titular, a\u00f1o, mes y d\u00eda de nacimiento, sexo y lugar de nacimiento y puede ser solicitado a trav\u00e9s del Consulado General. Siendo un servicio es gratuito.<\/p>\n<p style=\"text-align: justify;\">El C\u00f3digo Fiscal es imprescindible para quienes desean realizar operaciones financieras en Italia, especialmente en el sector inmobiliario y\/o en caso de herencia, y por lo tanto se expide tambi\u00e9n a los ciudadanos extranjeros.<\/p>\n<p style=\"text-align: justify;\"><strong>Las empresas o sociedades tienen que solicitar el c\u00f3digo fiscal en Italia a la sede de L\u2019Agenzia delle Entrate responsable<\/strong> por la zona de registro\/sede de la empresa\/sociedad.<\/p>\n<p style=\"text-align: justify;\"><strong>Los ciudadanos italianos<\/strong>, que residen en la demarcaci\u00f3n consular de este Consulado General (inscritos en el AIRE), pueden pedir un C\u00f3digo Fiscal si nunca lo han tenido o un certificado del que ya tienen, por ejemplo, para acceder a los servicios relacionados con la identidad digital (SPID-solo para ciudadanos italianos).<\/p>\n<p style=\"text-align: justify;\">El c\u00f3digo fiscal puede ser solicitado\u00a0enviando a\u00a0<a href=\"mailto:caracas.cf@esteri.it\">caracas.cf@esteri.it<\/a>\u00a0la siguiente documentaci\u00f3n:<\/p>\n<p style=\"text-align: justify;\">&#8211; El <a href=\"https:\/\/conscaracas.esteri.it\/wp-content\/uploads\/2023\/08\/Planilla-solicitud-C.F.pdf\" target=\"_blank\" rel=\"noopener\">m\u00f3dulo <\/a>debidamente rellenado.<\/p>\n<p style=\"text-align: justify;\">&#8211; Fotocopia del Pasaporte italiano o del Pasaporte venezolano vigente.<\/p>\n<p style=\"text-align: justify;\">&#8211; Constancia de residencia emitida por el CNE. De lo contrario, en caso de no poder obtener el certificado por parte del CNE, ser\u00e1 posible presentar: constancia de residencia emitida por (a) Consejo Comunal; (b) Alcald\u00eda; (c) factura de servicio.<\/p>\n<p style=\"text-align: justify;\">En el caso que la solicitud sea para un menor de edad, el modulo deber\u00e1 ser firmado por ambos padres y se tendr\u00e1n que anexar documento de identidad italiano del menor y tambi\u00e9n el de los padres. En caso de que el menor de edad no tenga un documento italiano, es necesario adjuntar una copia del pasaporte venezolano y acta de nacimiento.<\/p>\n<p style=\"text-align: justify;\">Este Consulado General podr\u00e1 solicitar al interesado ulterior documentaci\u00f3n en el caso en que los documentos presentados sean insuficientes. Se recuerda que, para los ciudadanos italianos, las generalidades escritas en el m\u00f3dulo tienen que coincidir con las de nuestro registro consular.<\/p>\n<p style=\"text-align: justify;\"><strong>Los ciudadanos extranjeros<\/strong>, que residen en esta demarcaci\u00f3n consular, pueden pedir un C\u00f3digo Fiscal a este Consulado General. La solicitud v\u00eda mail, tambi\u00e9n tendr\u00e1n que adjuntar documentaci\u00f3n reciente y fehaciente del tr\u00e1mite legal\/notarial\/administrativo para el que necesitan el C\u00f3digo o bien el periodo de estudio o la actividad laboral que han de prestar en Italia. La Oficina Codici Fiscali se encargar\u00e1 de comprobar dicha documentaci\u00f3n.<\/p>\n<p style=\"text-align: justify;\"><strong>\u00a1ATENCI\u00d3N!<\/strong>\u00a0El C\u00f3digo Fiscal se expide en base a los datos personales: nombre, apellido, fecha y lugar de nacimiento. En el caso de personas que la Administraci\u00f3n P\u00fablica italiana ya conoce, estos datos tienen que ser los mismos que la Administraci\u00f3n P\u00fablica italiana ya posee.<\/p>\n<p style=\"text-align: justify;\">L\u2019Agenzia delle Entrate ya no expide tarjetas de pl\u00e1stico, el C\u00f3digo Fiscal no caduca y no cambia por mudarse al extranjero. Esta oficina no tiene la posibilidad de corregir un C\u00f3digo Fiscal incorrecto o de modificar el nombre. En ese caso, es necesario dirigirse a L\u2019Agenzia delle Entrate en Italia.<\/p>\n<p style=\"text-align: justify;\">Hay que rellenar todas las partes de la solicitud indicando exactamente los datos del solicitante tal y como aparecen en el documento de identidad. Los ciudadanos italianos tienen que indicar el nombre que aparece en el documento italiano, aunque tengan otra ciudadan\u00eda. La direcci\u00f3n en Italia puede estar limitada a la indicaci\u00f3n del Comune de referencia AIRE en Italia. Quienes solicitan un certificado de C\u00f3digo Fiscal preexistente <strong>DEBEN<\/strong> especificar qu\u00e9 servicio solicitan y, si lo saben, poner su c\u00f3digo fiscal en la \u201cSezione II\u201d del formulario de solicitud.<\/p>\n<p style=\"text-align: justify;\">El certificado expedido por este Consulado General da fe del c\u00f3digo fiscal y de los datos relacionados con \u00e9ste, registrados en la Anagrafe Tributaria. La impresi\u00f3n del c\u00f3digo fiscal en formato bar-code (c\u00f3digo de barras) permite su adquisici\u00f3n \u00f3ptica, as\u00ed como la tarjeta de pl\u00e1stico del c\u00f3digo fiscal y la tarjeta sanitaria italiana.<\/p>\n<p style=\"text-align: justify;\">Para mayores\u00a0informaciones consultar la p\u00e1gina web del\u00a0<a href=\"http:\/\/www.esteri.it\/mae\/it\/ministero\/servizi\">Ministerio de los Asuntos Exteriores y de la Cooperaci\u00f3n Internacional<\/a>.<\/p>\n","protected":false},"excerpt":{"rendered":"El C\u00f3digo Fiscal es el instrumento de identificaci\u00f3n del ciudadano en las relaciones con los entes y las administraciones p\u00fablicas italiana, es otorgado por L\u2019Agenzia delle Entrate. El c\u00f3digo contiene 16 caracteres que identifican el apellido y el nombre del titular, a\u00f1o, mes y d\u00eda de nacimiento, sexo y lugar de nacimiento y puede ser [&hellip;]","protected":false},"author":1,"featured_media":0,"parent":0,"menu_order":18,"comment_status":"closed","ping_status":"closed","template":"","meta":{"footnotes":""},"class_list":["post-208","page","type-page","status-publish","hentry"],"_links":{"self":[{"href":"https:\/\/conscaracas.esteri.it\/es\/wp-json\/wp\/v2\/pages\/208","targetHints":{"allow":["GET"]}}],"collection":[{"href":"https:\/\/conscaracas.esteri.it\/es\/wp-json\/wp\/v2\/pages"}],"about":[{"href":"https:\/\/conscaracas.esteri.it\/es\/wp-json\/wp\/v2\/types\/page"}],"author":[{"embeddable":true,"href":"https:\/\/conscaracas.esteri.it\/es\/wp-json\/wp\/v2\/users\/1"}],"replies":[{"embeddable":true,"href":"https:\/\/conscaracas.esteri.it\/es\/wp-json\/wp\/v2\/comments?post=208"}],"version-history":[{"count":2,"href":"https:\/\/conscaracas.esteri.it\/es\/wp-json\/wp\/v2\/pages\/208\/revisions"}],"predecessor-version":[{"id":3870,"href":"https:\/\/conscaracas.esteri.it\/es\/wp-json\/wp\/v2\/pages\/208\/revisions\/3870"}],"wp:attachment":[{"href":"https:\/\/conscaracas.esteri.it\/es\/wp-json\/wp\/v2\/media?parent=208"}],"curies":[{"name":"wp","href":"https:\/\/api.w.org\/{rel}","templated":true}]}}