{"id":207,"date":"2023-04-03T19:29:59","date_gmt":"2023-04-03T17:29:59","guid":{"rendered":"https:\/\/conscaracas.esteri.it\/servizi-consolari-e-visti\/servizi-per-il-cittadino-italiano\/autoveicoli-e-patenti-di-guida\/"},"modified":"2023-08-01T20:42:03","modified_gmt":"2023-08-01T18:42:03","slug":"autoveicoli-e-patenti-di-guida","status":"publish","type":"page","link":"https:\/\/conscaracas.esteri.it\/es\/autoveicoli-e-patenti-di-guida\/","title":{"rendered":"Renovaci\u00f3n de licencia de conducir"},"content":{"rendered":"<p style=\"text-align: justify;\"><strong>Licencias de conducir<\/strong><\/p>\n<p style=\"text-align: justify;\">La renovaci\u00f3n de la licencia de conducir italiana puede ser solicitada exclusivamente por ciudadanos italianos residentes en la circunscripci\u00f3n Consular de Caracas y regularmente inscritos en el AIRE, as\u00ed como por ciudadanos establecidos en el exterior por un per\u00edodo de al menos 6 meses.<\/p>\n<p style=\"text-align: justify;\">La licencia de conducir debe tener un m\u00e1ximo de 5 a\u00f1os de vencimiento.<\/p>\n<p>Los documentos que debe presentar son:<\/p>\n<p style=\"text-align: justify;\">&#8211; <a href=\"https:\/\/conscaracas.esteri.it\/wp-content\/uploads\/2023\/08\/Modulo-richiesta-patente.pdf\" target=\"_blank\" rel=\"noopener\">Solicitud<\/a>\u00a0de renovaci\u00f3n, debidamente rellenado y firmado;<br \/>\n&#8211; <a href=\"https:\/\/conscaracas.esteri.it\/wp-content\/uploads\/2023\/08\/Certificato-medico-per-patente.pdf\" target=\"_blank\" rel=\"noopener\">Certificado m\u00e9dico<\/a> expedido por un m\u00e9dico reconocido por este Consulado General;<br \/>\n&#8211;\u00a0Licencia de conducir vencida, en buenas condiciones,\u00a0original\u00a0y copia;<br \/>\n&#8211; 2 fotos (fondo blanco tipo pasaporte);<br \/>\n&#8211;\u00a0Pasaporte italiano vigente, original y copia;<br \/>\n&#8211;\u00a0Rif (venezolano)\u00a0actualizado o cualquier documento que compruebe la direcci\u00f3n de residencia.<\/p>\n<p>Si desea renovar su licencia de conducir italiana, por favor, escriba un correo a caracas.notarile@esteri.it para solicitar cita.<\/p>\n<p style=\"text-align: justify;\">El costo del certificado m\u00e9dico es a cargo del solicitante y se le cancela directamente al m\u00e9dico.<\/p>\n<p>El costo de la renovaci\u00f3n se le indicar\u00e1 en el correo de la cita.<\/p>\n<p style=\"text-align: justify;\"><a href=\"https:\/\/conscaracas.esteri.it\/wp-content\/uploads\/2023\/06\/Elenco-Medici-Noti-al-Consolato.pdf\" target=\"_blank\" rel=\"noopener\">Elenco Medici Noti al Consolato<\/a><\/p>\n","protected":false},"excerpt":{"rendered":"Licencias de conducir La renovaci\u00f3n de la licencia de conducir italiana puede ser solicitada exclusivamente por ciudadanos italianos residentes en la circunscripci\u00f3n Consular de Caracas y regularmente inscritos en el AIRE, as\u00ed como por ciudadanos establecidos en el exterior por un per\u00edodo de al menos 6 meses. La licencia de conducir debe tener un m\u00e1ximo [&hellip;]","protected":false},"author":1,"featured_media":0,"parent":0,"menu_order":16,"comment_status":"closed","ping_status":"closed","template":"","meta":{"footnotes":""},"class_list":["post-207","page","type-page","status-publish","hentry"],"_links":{"self":[{"href":"https:\/\/conscaracas.esteri.it\/es\/wp-json\/wp\/v2\/pages\/207","targetHints":{"allow":["GET"]}}],"collection":[{"href":"https:\/\/conscaracas.esteri.it\/es\/wp-json\/wp\/v2\/pages"}],"about":[{"href":"https:\/\/conscaracas.esteri.it\/es\/wp-json\/wp\/v2\/types\/page"}],"author":[{"embeddable":true,"href":"https:\/\/conscaracas.esteri.it\/es\/wp-json\/wp\/v2\/users\/1"}],"replies":[{"embeddable":true,"href":"https:\/\/conscaracas.esteri.it\/es\/wp-json\/wp\/v2\/comments?post=207"}],"version-history":[{"count":0,"href":"https:\/\/conscaracas.esteri.it\/es\/wp-json\/wp\/v2\/pages\/207\/revisions"}],"wp:attachment":[{"href":"https:\/\/conscaracas.esteri.it\/es\/wp-json\/wp\/v2\/media?parent=207"}],"curies":[{"name":"wp","href":"https:\/\/api.w.org\/{rel}","templated":true}]}}