{"id":2014,"date":"2024-06-27T15:15:59","date_gmt":"2024-06-27T19:15:59","guid":{"rendered":"https:\/\/conscaracas.esteri.it\/?page_id=2014"},"modified":"2025-03-05T13:07:28","modified_gmt":"2025-03-05T17:07:28","slug":"carta-didentita-elettronica-c-i-e","status":"publish","type":"page","link":"https:\/\/conscaracas.esteri.it\/es\/servizi-consolari-e-visti\/servizi-per-il-cittadino-italiano\/documentos-de-viaje-e-identidad-2\/carta-didentita-elettronica-c-i-e\/","title":{"rendered":"Carta d&#8217;Identit\u00e0 Elettronica &#8211; C.I.E."},"content":{"rendered":"<p>Estimado usuario, hacemos presente que los correos de solicitud de informaciones que ya se encuentran en la p\u00e1gina web no ser\u00e1n respondidos. Si tiene dudas despues de haber le\u00eddo las <a href=\"https:\/\/conscaracas.esteri.it\/es\/servizi-consolari-e-visti\/servizi-per-il-cittadino-italiano\/altri-servizi\/albo-consolare\/preguntas-frecuentes-faq\/preguntas-frecuentes-sobre-las-cedulas-de-indentidad-c-i-e\/\">preguntas frecuentes<\/a> y la presente secci\u00f3n, puede escribir un correo a <a href=\"mailto:caracas.cie@esteri.it\">caracas.cie@esteri.it<\/a>.<\/p>\n<p>&nbsp;<\/p>\n<p><strong>\u00bfQu\u00e9 es la c\u00e9dula de identidad electr\u00f3nica (C.I.E.)?<\/strong><\/p>\n<p>La C.I.E. es un documento personal de identificaci\u00f3n v\u00e1lido para identificarse y circular en la Uni\u00f3n Europea, en algunos Estados adheridos al acuerdo de Schengen (por ejemplo, Islandia, Noruega y Suiza) y en otros Estados con los que se han alcanzado acuerdos bilaterales (consulte las \u00abfichas de pa\u00eds\u00bb individuales en el sitio web <a href=\"http:\/\/www.viaggiaresicuri.it\/\">www.viaggiaresicuri.it<\/a>). La C.I.E. <strong>NO<\/strong> se puede utilizar para salir de Venezuela.<\/p>\n<p><strong>\u00bfA qui\u00e9n se le puede emitir la c\u00e9dula de identidad electr\u00f3nica? <\/strong><\/p>\n<p>Para la emisi\u00f3n de la C.I.E., es indispensable que el solicitante:<\/p>\n<ul>\n<li>Sea ciudadano italiano residente regularmente en la circunscripci\u00f3n consular de Caracas.<\/li>\n<li>Est\u00e9 debidamente inscrito en el AIRE por su municipio (Comune).<\/li>\n<li>Tenga su acta de nacimiento transcrita en Italia, ya que los datos de la transcripci\u00f3n deben figurar en la C.I.E.<\/li>\n<li>Haya actualizado su direcci\u00f3n en caso de haber cambiado de residencia.<\/li>\n<\/ul>\n<p>En caso de no cumplir al menos uno de los requisitos mencionados, el solicitante deber\u00e1 ponerse en contacto con la Oficina de Servicios Demogr\u00e1ficos antes de solicitar la Carta de Identidad.<\/p>\n<p><strong>\u00bfC\u00f3mo puedo inscribirme en el AIRE o actualizar mi direcci\u00f3n?<\/strong><\/p>\n<p>La inscripci\u00f3n y actualizaci\u00f3n del A.I.R.E. debe realizarse <strong>\u00fanicamente <\/strong>a trav\u00e9s del portal <a href=\"https:\/\/conscaracas.esteri.it\/es\/servizi-consolari-e-visti\/servizi-per-il-cittadino-italiano\/anagrafe-degli-italiani-residenti-allestero-aire\/\">Fast It. <\/a><\/p>\n<p>&nbsp;<\/p>\n<p><strong>\u00bfC\u00f3mo se solicita la c\u00e9dula de identidad electr\u00f3nica (C.I.E.)?<\/strong><\/p>\n<p>La solicitud de la cita para la emisi\u00f3n de la c\u00e9dula de identidad electr\u00f3nica debe presentarse utilizando exclusivamente el portal <a href=\"http:\/\/prenotami.esteri.it\">Prenot@Mi<\/a>. Posteriormente, la solicitud ser\u00e1 revisada por un funcionario consular para verificar el cumplimiento de los requisitos mencionados. En caso de que el solicitante cumpla con todos los requisitos, la cita ser\u00e1 confirmada.<\/p>\n<p>Si, despu\u00e9s de las verificaciones, no es posible emitir la C.I.E., la cita ser\u00e1 anulada. En este caso, se informar\u00e1 al solicitante por correo sobre las razones del rechazo y deber\u00e1 repetir el procedimiento una vez que haya regularizado su situaci\u00f3n, seg\u00fan lo comunicado por el Consulado General.<\/p>\n<p>&nbsp;<\/p>\n<p><strong>\u00bfEs posible solicitar la emisi\u00f3n de la C.I.E. para hijos menores?<\/strong><\/p>\n<p>S\u00ed. Durante la reservaci<span class=\"ReactMarkdownParser_TextContainer__RodgY\" data-testid=\"youchat-text\">\u00f3<\/span>n de la cita se podr\u00e1 escoger la opci\u00f3n \u00abreservaci<span class=\"ReactMarkdownParser_TextContainer__RodgY\" data-testid=\"youchat-text\">\u00f3<\/span>n multiple\u00bb para incluir a los hijos menores para los cuales se desea solicitar la emisi\u00f3n de la C.I.E.<\/p>\n<p>Recuerde que el d\u00eda de la cita es necesaria la presencia tanto del menor de edad como de sus padres.<\/p>\n<p><strong>Nota:<\/strong> se recuerda que, de acuerdo con el D.L. 69\/2023, a partir del 14 de junio de 2023, los ciudadanos, padres de hijos menores, ya no deben presentar el consentimiento del otro progenitor para la emisi\u00f3n de su documento de identidad (pasaporte o C.I.E.). Para la emisi\u00f3n de documentos para menores; sin embargo, sigue siendo obligatorio el consentimiento firmado por ambos padres o por quien ejerza la responsabilidad parental.<\/p>\n<p><span class=\"ReactMarkdownParser_TextContainer__RodgY\" data-testid=\"youchat-text\">El consentimiento para la emisi\u00f3n del pasaporte de un menor puede manifestarse de las siguientes formas:<\/span><\/p>\n<ul>\n<li class=\"ReactMarkdownParser_ListItem__PLpU7\">Personalmente en este Consulado el d\u00eda de la cita (se recuerda que quien otorga el consentimiento debe estar provisto de un documento de identidad vigente, original y copia simple).<\/li>\n<li class=\"ReactMarkdownParser_ListItem__PLpU7\">Personalmente en cualquier Oficina de la Administraci\u00f3n P\u00fablica Italiana (habilitada para autenticar firmas, como la Questura u otras representaciones diplom\u00e1tico-consulares).<\/li>\n<li class=\"ReactMarkdownParser_ListItem__PLpU7\">Mediante un poder notariado, con Apostilla y traducci\u00f3n al italiano.<\/li>\n<\/ul>\n<p><span class=\"ReactMarkdownParser_TextContainer__RodgY\" data-testid=\"youchat-text\">Los ciudadanos de la Uni\u00f3n Europea tambi\u00e9n pueden manifestar su consentimiento completando y firmando el <a href=\"https:\/\/conscaracas.esteri.it\/it\/servizi-consolari-e-visti\/servizi-per-il-cittadino-italiano\/passaporti-e-carte-didentita\/carta-didentita-elettronica-c-i-e\/\">formulario correspondiente<\/a> y adjuntando una copia de un documento de identificaci\u00f3n emitido por un pa\u00eds de la Uni\u00f3n Europea en el que aparezca la firma del declarante.<\/span><\/p>\n<p><span class=\"ReactMarkdownParser_TextContainer__RodgY\" data-testid=\"youchat-text\">El art\u00edculo 3-bis de la Ley 1185\/1967 establece que cuando exista un peligro concreto y actual de que, debido a un viaje al extranjero, un padre pueda eludir sus obligaciones hacia sus hijos, el otro padre podr\u00e1 solicitar una medida inhibitoria para la emisi\u00f3n del documento. La solicitud se podr\u00e1 presentar ante el juez competente en el Tribunal ordinario en el que el menor tenga su residencia habitual, o si el menor reside en el extranjero, en el Tribunal del distrito en el que se encuentre su municipio de inscripci\u00f3n en el AIRE.<\/span><\/p>\n<p>&nbsp;<\/p>\n<p><strong>\u00bfCu\u00e1les son los documentos necesarios que se deben llevar a la cita para solicitar la C.I.E.? <\/strong><\/p>\n<p>En la cita, el ciudadano deber\u00e1 presentarse con los siguientes documentos:<\/p>\n<ol>\n<li><a href=\"https:\/\/conscaracas.esteri.it\/it\/servizi-consolari-e-visti\/servizi-per-il-cittadino-italiano\/passaporti-e-carte-didentita\/carta-didentita-elettronica-c-i-e\/\">Planilla de solicitud de C.I.E. debidamente firmada.<\/a><\/li>\n<li><a href=\"https:\/\/conscaracas.esteri.it\/it\/servizi-consolari-e-visti\/servizi-per-il-cittadino-italiano\/altri-servizi\/albo-consolare\/risorse-informative\/\">Planilla de \u00abautocertificazione\u00bb para la emisi\u00f3n de C.I.E. debidamente llenada y firmada.<\/a><\/li>\n<li>Comprobante de residencia del solicitante emitido por el CNE (no puede ser emitido con base en el RIF). En su defecto, puede presentar un certificado de residencia emitido por la Alcald\u00eda y el comprobante de pago de un servicio a nombre del solicitante.<\/li>\n<li>Si la C.I.E. es para menores de 6 a\u00f1os, se debe llevar una foto tomada en un estudio fotogr\u00e1fico (foto a color, tipo pasaporte 3,5 x 4 cm, fondo blanco).<\/li>\n<li><em>\u201cCarta d\u2019identit\u00e0<\/em>\u201c anterior (en caso de renovaci\u00f3n).<\/li>\n<li>Declaraci\u00f3n de p\u00e9rdida\/robo de la \u201ccarta d\u2019identit\u00e0\u201c anterior, si corresponde.<\/li>\n<li>Documento de identificaci\u00f3n vigente (pasaporte italiano, c\u00e9dula de identidad venezolana o pasaporte venezolano) y una fotocopia del mismo.<\/li>\n<li><a href=\"https:\/\/conscaracas.esteri.it\/it\/servizi-consolari-e-visti\/servizi-per-il-cittadino-italiano\/altri-servizi\/albo-consolare\/risorse-informative\/\">En caso de solicitud para menores de 18 a\u00f1os, consentimiento de ambos padres y formulario de solicitud para la emisi\u00f3n de la C.I.E. para menores de edad<\/a>.<\/li>\n<\/ol>\n<p>&nbsp;<\/p>\n<p><strong>\u00bfQu\u00e9 operaciones se realizar\u00e1n el d\u00eda de la cita?<\/strong><\/p>\n<p>El d\u00eda de la cita, el funcionario consular recibir\u00e1 la documentaci\u00f3n anteriormente mencionada, tomar\u00e1 las huellas dactilares y la fotografia (si corresponde) y recoger\u00e1 la firma.<\/p>\n<p>Tenga en cuenta que el d\u00eda de la cita, se anular\u00e1 la carta de identidad en papel o electr\u00f3nica anterior (incluso si est\u00e1 vigente). Dicha anulaci\u00f3n tambi\u00e9n se realizar\u00e1 en caso de que el solicitante no tenga otros documentos de identidad. Por lo tanto, si no tiene otro documento de identidad, se recomienda encarecidamente informarlo al funcionario consular.<\/p>\n<p>&nbsp;<\/p>\n<p><strong>\u00bfC\u00f3mo se recibe la C.I.E.?<\/strong><\/p>\n<p>El documento no se entrega en el acto el d\u00eda de la cita, ya que es producido por el <em>Istituto Poligrafico e Zecca dello Stato<\/em> y posteriormente enviado por correo certificado a trav\u00e9s de <em>Poste Italiane<\/em> a la Sede del Consulado General de Italia en Caracas. El ciudadano podr\u00e1 rastrear el env\u00edo en l\u00ednea de forma independiente utilizando el c\u00f3digo de seguimiento.<\/p>\n<p>Posteriormente, el solicitante ser\u00e1 convocado a la Sede del Consulado para retirar la C.I.E.<\/p>\n<p>&nbsp;<\/p>\n<p><strong>\u00bfCu\u00e1l es la duraci\u00f3n de la C.I.E.?<\/strong><\/p>\n<p>La validez de la C.I.E. var\u00eda seg\u00fan la edad del titular y es de:<\/p>\n<ul>\n<li>3 a\u00f1os para menores de 0 a 3 a\u00f1os.<\/li>\n<li>5 a\u00f1os para menores de 4 a 18 a\u00f1os.<\/li>\n<li>10 a\u00f1os para personas mayores de 18 a\u00f1os.<\/li>\n<\/ul>\n<p>&nbsp;<\/p>\n<p><strong>\u00bfCu\u00e1l es el costo de la C.I.E.?<\/strong><\/p>\n<p>Consulte el art\u00edculo 28C de la tabla de derechos consulares. Se recuerda que el pago debe realizarse en bol\u00edvares, SOLO con tarjeta de d\u00e9bito venezolana.<\/p>\n<p>&nbsp;<\/p>\n<p><strong>\u00bfDebo solicitar una nueva carta d&#8217;identit\u00e0 si cambio de direcci\u00f3n?<\/strong><\/p>\n<p>No.<\/p>\n<p>&nbsp;<\/p>\n<p><strong>Soy mayor de 65 a\u00f1os, \u00bfpuedo acudir sin cita al Consulado para solicitar la C.I.E?<\/strong><\/p>\n<p><span style=\"text-decoration: underline;\"><strong>No<\/strong><\/span>, la solicitud de la C.I.E. debe llevarse a cabo respetando el procedimiento anteriormente descrito, independiente de la edad del solicitante.<\/p>\n<p>&nbsp;<\/p>\n<p><strong>Consideraciones finales:<\/strong><\/p>\n<ol>\n<li>En caso de haber obtenido recientemente el reconocimiento de su ciudadan\u00eda italiana, es decir, hace menos de seis meses, <span style=\"text-decoration: underline;\"><strong>se desaconseja<\/strong> solicitar la emisi\u00f3n de la C.I.E., ya que es posible que el acta de nacimiento a\u00fan no haya sido transcrita por el municipio (Comune) italiano.<\/span><\/li>\n<li>Si usted tiene un viaje en puertas y no tiene previsto regresar a Venezuela, o bien desconoce en qu\u00e9 fecha estar\u00eda regresando al pa\u00eds, abst\u00e9ngase de solicitar la CIE en este momento, pues el tiempo en que esta \u00faltima llegar\u00e1 al Consulado es imprevisible. <strong>No es posible bajo ninguna circunstancia enviar el documento a otro Consulado o autorizar a un tercero para retirarlo.<\/strong><\/li>\n<\/ol>\n","protected":false},"excerpt":{"rendered":"Estimado usuario, hacemos presente que los correos de solicitud de informaciones que ya se encuentran en la p\u00e1gina web no ser\u00e1n respondidos. Si tiene dudas despues de haber le\u00eddo las preguntas frecuentes y la presente secci\u00f3n, puede escribir un correo a caracas.cie@esteri.it. &nbsp; \u00bfQu\u00e9 es la c\u00e9dula de identidad electr\u00f3nica (C.I.E.)? La C.I.E. es un [&hellip;]","protected":false},"author":3,"featured_media":0,"parent":3083,"menu_order":0,"comment_status":"closed","ping_status":"closed","template":"","meta":{"footnotes":""},"class_list":["post-2014","page","type-page","status-publish","hentry"],"_links":{"self":[{"href":"https:\/\/conscaracas.esteri.it\/es\/wp-json\/wp\/v2\/pages\/2014","targetHints":{"allow":["GET"]}}],"collection":[{"href":"https:\/\/conscaracas.esteri.it\/es\/wp-json\/wp\/v2\/pages"}],"about":[{"href":"https:\/\/conscaracas.esteri.it\/es\/wp-json\/wp\/v2\/types\/page"}],"author":[{"embeddable":true,"href":"https:\/\/conscaracas.esteri.it\/es\/wp-json\/wp\/v2\/users\/3"}],"replies":[{"embeddable":true,"href":"https:\/\/conscaracas.esteri.it\/es\/wp-json\/wp\/v2\/comments?post=2014"}],"version-history":[{"count":6,"href":"https:\/\/conscaracas.esteri.it\/es\/wp-json\/wp\/v2\/pages\/2014\/revisions"}],"predecessor-version":[{"id":3031,"href":"https:\/\/conscaracas.esteri.it\/es\/wp-json\/wp\/v2\/pages\/2014\/revisions\/3031"}],"up":[{"embeddable":true,"href":"https:\/\/conscaracas.esteri.it\/es\/wp-json\/wp\/v2\/pages\/3083"}],"wp:attachment":[{"href":"https:\/\/conscaracas.esteri.it\/es\/wp-json\/wp\/v2\/media?parent=2014"}],"curies":[{"name":"wp","href":"https:\/\/api.w.org\/{rel}","templated":true}]}}