{"id":1968,"date":"2024-05-21T10:14:30","date_gmt":"2024-05-21T14:14:30","guid":{"rendered":"https:\/\/conscaracas.esteri.it\/?page_id=1968"},"modified":"2024-05-21T10:18:14","modified_gmt":"2024-05-21T14:18:14","slug":"1968-2","status":"publish","type":"page","link":"https:\/\/conscaracas.esteri.it\/es\/1968-2\/","title":{"rendered":"Jurisdicci\u00f3n Voluntaria"},"content":{"rendered":"<p>Para obtener informaci\u00f3n sobre las funciones y disposiciones en materia de jurisdicci\u00f3n voluntaria, consulte por favor el Decreto Legislativo n.\u00ba 71 de 3 de febrero de 2011 sobre los poderes y funciones consulares: <a href=\"https:\/\/www.normattiva.it\/uri-res\/N2Ls?urn:nir:stato:decreto.legislativo:2011;71~art55\">D.Lgs 71\/2011<\/a><\/p>\n","protected":false},"excerpt":{"rendered":"Para obtener informaci\u00f3n sobre las funciones y disposiciones en materia de jurisdicci\u00f3n voluntaria, consulte por favor el Decreto Legislativo n.\u00ba 71 de 3 de febrero de 2011 sobre los poderes y funciones consulares: D.Lgs 71\/2011","protected":false},"author":3,"featured_media":0,"parent":0,"menu_order":0,"comment_status":"closed","ping_status":"closed","template":"","meta":{"footnotes":""},"class_list":["post-1968","page","type-page","status-publish","hentry"],"_links":{"self":[{"href":"https:\/\/conscaracas.esteri.it\/es\/wp-json\/wp\/v2\/pages\/1968","targetHints":{"allow":["GET"]}}],"collection":[{"href":"https:\/\/conscaracas.esteri.it\/es\/wp-json\/wp\/v2\/pages"}],"about":[{"href":"https:\/\/conscaracas.esteri.it\/es\/wp-json\/wp\/v2\/types\/page"}],"author":[{"embeddable":true,"href":"https:\/\/conscaracas.esteri.it\/es\/wp-json\/wp\/v2\/users\/3"}],"replies":[{"embeddable":true,"href":"https:\/\/conscaracas.esteri.it\/es\/wp-json\/wp\/v2\/comments?post=1968"}],"version-history":[{"count":3,"href":"https:\/\/conscaracas.esteri.it\/es\/wp-json\/wp\/v2\/pages\/1968\/revisions"}],"predecessor-version":[{"id":1975,"href":"https:\/\/conscaracas.esteri.it\/es\/wp-json\/wp\/v2\/pages\/1968\/revisions\/1975"}],"wp:attachment":[{"href":"https:\/\/conscaracas.esteri.it\/es\/wp-json\/wp\/v2\/media?parent=1968"}],"curies":[{"name":"wp","href":"https:\/\/api.w.org\/{rel}","templated":true}]}}