{"id":175,"date":"2023-04-03T19:27:59","date_gmt":"2023-04-03T23:27:59","guid":{"rendered":"https:\/\/conscaracas.esteri.it\/passaporti-e-carte-didentita\/"},"modified":"2026-04-02T14:09:35","modified_gmt":"2026-04-02T18:09:35","slug":"passaporti-e-carte-didentita","status":"publish","type":"page","link":"https:\/\/conscaracas.esteri.it\/es\/servizi-consolari-e-visti\/servizi-per-il-cittadino-italiano\/documentos-de-viaje-e-identidad-2\/passaporti-e-carte-didentita\/","title":{"rendered":"Pasaportes"},"content":{"rendered":"<h5><a href=\"https:\/\/conscaracas.esteri.it\/es\/news\/dal_consolato\/2023\/07\/innovazioni-nella-procedura-di-assenso-al-rilascio-del-passaporto-a-favore-di-genitori-di-figli-minori\/\"><strong>SE RECUERDA:<\/strong> que para la emisi\u00f3n del pasaporte a favor de un adulto con hijos menores de edad ya NO se requiere el consentimiento del otro progenitor.<\/a><\/h5>\n<p><strong>Las citas para el sector de pasaportes con completamente gratuitas y se agendan exclusivamente por medio del portal: Prenot@Mi. <\/strong>Sin embargo, quien sea<strong> SOLO CIUDADANO ITALIANO <\/strong>podr\u00e1 pedir su cita escribiendo un correo a passaporti.caracas@esteri.it. Le rogamos escribir en el asunto del correo \u00abcita para ciudadano solo italiano\u00bb y adjuntar copia de la c\u00e9dula o de la visa de residencia venezolana. A partir del 03\/04\/2026 y todos los viernes siguientes, se pondr\u00e1n a disposici\u00f3n semanalmente 100 citas adicionales en el portal Prenot@mi. Una vez agotados los turnos disponibles, ser\u00e1 necesario esperar la nueva apertura del viernes siguiente. Se ruega a los usuarios aprovechar esta oportunidad para solicitudes de emergencia.<\/p>\n<p>&nbsp;<\/p>\n<p>En caso de dudas, le invitamos a consultar la secci\u00f3n de preguntas frecuentes dedicada a pasaportes: <a href=\"https:\/\/conscaracas.esteri.it\/es\/servizi-consolari-e-visti\/servizi-per-il-cittadino-italiano\/altri-servizi\/albo-consolare\/preguntas-frecuentes-faq\/preguntas-sobre-pasaportes-2\/\"><button type=\"button\" data-url=\"https:\/\/conscaracas.esteri.it\/es\/servizi-consolari-e-visti\/servizi-per-il-cittadino-italiano\/documentos-de-viaje-e-identidad-2\/passaporti-e-carte-didentita\/.html\">Preguntas frecuentes sobre pasaportes<\/button><\/a><\/p>\n<table width=\"0\">\n<tbody>\n<tr>\n<td width=\"704\">&nbsp;<\/p>\n<p><strong>REQUISITOS PARA SOLICITUD DE PASAPORTES PARA CIUDADANOS <u>MAYORES DE 18 A\u00d1OS<\/u> <\/strong><\/p>\n<p>&nbsp;<\/td>\n<\/tr>\n<\/tbody>\n<\/table>\n<ul>\n<li>El correo impreso correspondiente a la cita<\/li>\n<li>Copia de la c\u00e9dula de identidad venezolana o documento de identidad del pa\u00eds de origen<\/li>\n<li>Constancia de residencia emitida a trav\u00e9s del portal del <strong>CNE,<\/strong> debidamente firmada y sellada. De lo contrario, en caso de no poder obtener el certificado por parte del CNE, ser\u00e1 posible presentar: constancia de residencia emitida por (a) Consejo Comunal; (b) Alcald\u00eda; (c) factura de servicio.<\/li>\n<li>La foto ser\u00e1 tomada en la sede del Consulado<\/li>\n<li>En caso de extrav\u00edo, hurto o robo del pasaporte, presentar la denuncia ante el cuerpo policial<\/li>\n<li>Efectuar el d\u00eda de la cita ante nuestra sede, el pago del pasaporte por la cantidad equivalente al art. 27A del <a href=\"https:\/\/conscaracas.esteri.it\/es\/servizi-consolari-e-visti\/servizi-per-il-cittadino-italiano\/altri-servizi\/albo-consolare\/planillas-y-registros\/\">tabl\u00f3n de derechos consulares<\/a>, en Bol\u00edvares, <u>UNICAMENTE<\/u> con tarjeta de d\u00e9bito venezolana<\/li>\n<li>Si se trata de renovaci\u00f3n, presentar el pasaporte italiano precedente con los requisitos antes mencionados<\/li>\n<\/ul>\n<table width=\"0\">\n<tbody>\n<tr>\n<td width=\"699\">&nbsp;<\/p>\n<p><strong>REQUISITOS PARA SOLICITUD DE PASAPORTES PARA CIUDADANOS <u>MENORES DE 18 A\u00d1OS<\/u><\/strong><\/p>\n<p>&nbsp;<\/td>\n<\/tr>\n<\/tbody>\n<\/table>\n<ul>\n<li>El correo impreso correspondiente a la cita<\/li>\n<li>Copia de la c\u00e9dula de identidad venezolana, o pasaporte venezolano o documento de identidad del pa\u00eds de origen del menor de edad (no se aceptar\u00e1 la presentaci\u00f3n de la partida de nacimiento para sustituir este requisito)<\/li>\n<li>Copia de la c\u00e9dula de identidad venezolana o documento de identidad del pa\u00eds de origen de ambos padres o del representante legal del menor de edad<\/li>\n<li>Constancia de residencia emitida a trav\u00e9s del portal del <strong>CNE,<\/strong> debidamente firmada y sellada por la Alcald\u00eda del lugar de residencia del progenitor con quien reside el menor de edad; si reside con ambos, el del progenitor italiano; o si fuere el caso, del representante legal del menor de edad. De lo contrario, en caso de no poder obtener el certificado por parte del CNE, ser\u00e1 posible presentar: constancia de residencia emitida por (a) Consejo Comunal; (b) Alcald\u00eda; (c) factura de servicio.<\/li>\n<li>Si el pasaporte es para menores de 6 a\u00f1os de edad, deber\u00e1n llevar una foto tomada en un estudio fotogr\u00e1fico (foto a color, tipo pasaporte 3,5 x 4 cm, fondo blanco)<\/li>\n<li>En caso de extrav\u00edo, hurto o robo del pasaporte, presentar la denuncia ante el cuerpo policial<\/li>\n<li>Efectuar el d\u00eda de la cita ante nuestra sede, el pago del pasaporte por la cantidad equivalente al art. 27A del <a href=\"https:\/\/conscaracas.esteri.it\/es\/servizi-consolari-e-visti\/servizi-per-il-cittadino-italiano\/altri-servizi\/albo-consolare\/planillas-y-registros\/\">tabl\u00f3n de derechos consulares<\/a>, en Bol\u00edvares, <u>UNICAMENTE<\/u> con tarjeta de d\u00e9bito venezolana<\/li>\n<li>Si se trata de renovaci\u00f3n, presentar el pasaporte italiano precedente con los requisitos antes mencionados<\/li>\n<li>Es necesaria la presencia del menor de edad y de ambos padres o su representante legal, para la firma de la autorizaci\u00f3n (atto di assenso) para la emisi\u00f3n del pasaporte. En el caso que uno de los padres no asista el d\u00eda de la cita por encontrarse en el interior o exterior del pa\u00eds, para la obtenci\u00f3n de dicha autorizaci\u00f3n se deber\u00e1 proceder de la siguiente manera:<\/li>\n<\/ul>\n<p>&nbsp;<\/p>\n<ol>\n<li><strong><u>Si el progenitor es ciudadano de la Uni\u00f3n Europea<\/u><\/strong>: la planilla de autorizaci\u00f3n (atto di assenso), debe ser llenada y firmada por este, que deber\u00e1 descargar desde el siguiente <a href=\"https:\/\/conscaracas.esteri.it\/wp-content\/uploads\/2023\/11\/ATTO-ASSENSO-Minori.docx\">link<\/a>, acompa\u00f1ado con la copia de un documento de identidad italiano o de la respectiva ciudadan\u00eda europea, y ser\u00e1 consignada el d\u00eda de la cita por el progenitor que acompa\u00f1e al menor de edad, junto a los dem\u00e1s requisitos.<\/li>\n<li><strong><u>Si el progenitor NO es ciudadano de la Uni\u00f3n Europea<\/u><\/strong>: la firma en la planilla de autorizaci\u00f3n (atto di assenso), que puede descargar desde el siguiente <a href=\"https:\/\/conscaracas.esteri.it\/wp-content\/uploads\/2023\/11\/ATTO-ASSENSO-Minori.docx\">link<\/a>, deber\u00e1 ser autenticada ante una Questura, para quien se encuentre en Italia; ante un Consulado Honorario, para quien se encuentre en el interior del pa\u00eds o ante una Representaci\u00f3n diplom\u00e1tico-consular m\u00e1s cercana de su residencia, para quienes se encuentren en el exterior, acompa\u00f1ado con la copia de un documento de identidad en todos los casos.<\/li>\n<\/ol>\n<p><strong><u>IMPORTANTE<\/u><\/strong>: La autorizaci\u00f3n (Atto di assenso) debe ser actual, es decir, con vigencia pr\u00f3xima a la fecha de la cita para el tr\u00e1mite del pasaporte. NO se aceptar\u00e1n autorizaciones (atto di assenso) con fecha de emisi\u00f3n superior a dos (2) meses.<\/p>\n<p><strong><u>SE RECUERDA<\/u><\/strong>:<\/p>\n<p>Para la emisi\u00f3n del pasaporte a favor de un <u>adulto con hijos menores de edad<\/u> ya NO se requiere el consentimiento del otro progenitor.<\/p>\n<p>Ante la ausencia de cualquiera de los requisitos mencionados el d\u00eda de la cita, NO se procesar\u00e1 solicitud de pasaporte alguno, sin excepci\u00f3n.<\/p>\n<p>Si la cita corresponde a un grupo familiar, cada uno de los integrantes deber\u00e1 consignar sus propios requisitos.<\/p>\n<p>&nbsp;<\/p>\n<p><strong>El horario de atenci\u00f3n al p\u00fablico de la Oficina de Pasaportes, es de lunes a viernes, de 8:00 am a 12:00 pm.<\/strong><\/p>\n<p style=\"text-align: center;\"><strong><u>LAS CITAS OTORGADAS POR ESTE CONSULADO GENERAL DE ITALIA SON GRATUITAS<\/u><\/strong><\/p>\n<p style=\"text-align: center;\"><strong><u>DILE NO AL FRAUDE<\/u><\/strong><\/p>\n","protected":false},"excerpt":{"rendered":"SE RECUERDA: que para la emisi\u00f3n del pasaporte a favor de un adulto con hijos menores de edad ya NO se requiere el consentimiento del otro progenitor. Las citas para el sector de pasaportes con completamente gratuitas y se agendan exclusivamente por medio del portal: Prenot@Mi. Sin embargo, quien sea SOLO CIUDADANO ITALIANO podr\u00e1 pedir [&hellip;]","protected":false},"author":1,"featured_media":0,"parent":3083,"menu_order":0,"comment_status":"closed","ping_status":"closed","template":"","meta":{"footnotes":""},"class_list":["post-175","page","type-page","status-publish","hentry"],"_links":{"self":[{"href":"https:\/\/conscaracas.esteri.it\/es\/wp-json\/wp\/v2\/pages\/175","targetHints":{"allow":["GET"]}}],"collection":[{"href":"https:\/\/conscaracas.esteri.it\/es\/wp-json\/wp\/v2\/pages"}],"about":[{"href":"https:\/\/conscaracas.esteri.it\/es\/wp-json\/wp\/v2\/types\/page"}],"author":[{"embeddable":true,"href":"https:\/\/conscaracas.esteri.it\/es\/wp-json\/wp\/v2\/users\/1"}],"replies":[{"embeddable":true,"href":"https:\/\/conscaracas.esteri.it\/es\/wp-json\/wp\/v2\/comments?post=175"}],"version-history":[{"count":6,"href":"https:\/\/conscaracas.esteri.it\/es\/wp-json\/wp\/v2\/pages\/175\/revisions"}],"predecessor-version":[{"id":4921,"href":"https:\/\/conscaracas.esteri.it\/es\/wp-json\/wp\/v2\/pages\/175\/revisions\/4921"}],"up":[{"embeddable":true,"href":"https:\/\/conscaracas.esteri.it\/es\/wp-json\/wp\/v2\/pages\/3083"}],"wp:attachment":[{"href":"https:\/\/conscaracas.esteri.it\/es\/wp-json\/wp\/v2\/media?parent=175"}],"curies":[{"name":"wp","href":"https:\/\/api.w.org\/{rel}","templated":true}]}}