{"id":174,"date":"2023-04-03T18:24:11","date_gmt":"2023-04-03T22:24:11","guid":{"rendered":"https:\/\/conscaracas.esteri.it\/servizi-consolari-e-visti\/"},"modified":"2026-03-05T14:26:56","modified_gmt":"2026-03-05T18:26:56","slug":"servizi-consolari-e-visti","status":"publish","type":"page","link":"https:\/\/conscaracas.esteri.it\/es\/servizi-consolari-e-visti\/","title":{"rendered":"Servicios consulares y de visados"},"content":{"rendered":"<p><a href=\"https:\/\/conscaracas.esteri.it\/wp-content\/uploads\/2026\/03\/informativa_cittadinanza__jure_sanguinis_e_naturalizzazione_.docx\">Informativa\u00a0 trattamento dei dati personali ai fini del riconoscimento della cittadinanza italiana iure sanguinis o della sua acquisizione per naturalizzazione (artt. 5 e 7, nonch\u00e9 art. 9, comma 1, lettera c, e comma 2 della legge n. 91\/1992) (Regolamento Generale sulla Protezione dei Dati (UE) 2016\/679, art. 13)<\/a><\/p>\n<p><a href=\"https:\/\/conscaracas.esteri.it\/wp-content\/uploads\/2026\/03\/informativa_servizi_consolari__ex_visti_e_cittadinanza_-CARACAS-1.docx\">Informativa sulla protezione delle persone fisiche con riguardo al trattamento dei dati personali ai fini dell\u2019erogazione dei servizi consolari (ad esclusione del rilascio dei visti e delle pratiche di cittadinanza) (Regolamento Generale sulla Protezione dei Dati (UE) 2016\/679, art. 13)<\/a><\/p>\n<p>las citas para los servicios de Ciudadan\u00eda, Pasaportes, Estado Civil y CIE se toman a trav\u00e9s del portal <a href=\"https:\/\/prenotami.esteri.it\/\">Prenot@MI<\/a>, para los dem\u00e1s servicios consulares se obtienen escribiendo por correo a la <a href=\"https:\/\/conscaracas.esteri.it\/es\/chi-siamo\/\">OFICINA COMPETENTE<\/a>. Se ruega a los usuarios que deseen solicitar una cita por correo electr\u00f3nico escribir a una sola de las direcciones del Consulado General y esperar. Asimismo, tenga en cuenta que si la cita solicitada es para los departamentos de <strong>Ciudadan\u00eda o Estado Civil<\/strong>, <strong><span style=\"text-decoration: underline;\">debe confirmar su asistencia a trav\u00e9s del portal Prenot@Mi en un lapso de tres (3) a diez (10) d\u00edas antes de la fecha de la cita<\/span><\/strong>. En caso de no confirmar su asistencia, su cita ser\u00e1 anulada y puesta a disposici\u00f3n de otros usuarios.<\/p>\n<p><strong>ATENCI\u00d3N: Las citas para Pasaporte y C\u00e9dula de Identidad Electr\u00f3nica (CIE) son las \u00fanicas NO deben ser confirmadas por el usuario<\/strong>. Estas \u00faltimas ser\u00e1n confirmadas por el Consulado (siempre a trav\u00e9s de Prenot@Mi) despu\u00e9s de realizar las verificaciones correspondientes.<\/p>\n<p>&nbsp;<\/p>\n<p><span style=\"color: #000000;\"><strong>Para m\u00e1s informaci\u00f3n sobre las citas, consulte la secci\u00f3n de <\/strong><\/span><strong><a href=\"https:\/\/conscaracas.esteri.it\/es\/servizi-consolari-e-visti\/servizi-per-il-cittadino-italiano\/altri-servizi\/albo-consolare\/preguntas-frecuentes-faq\/preguntas-sobre-prenotmi\/\">preguntas frecuentes sobre Prenot@Mi.<\/a><\/strong><\/p>\n<p>&nbsp;<\/p>\n<p><strong>Se ruega leer los requisitos antes de solicitar la cita.<\/strong><\/p>\n<p>Se recuerda a los usuarios que las informaciones se actualizan constantemente, por lo tanto es recomendable consultar la p\u00e1gina web antes de ir al Consulado, para poder completar los tr\u00e1mites de manera r\u00e1pida.\u00a0Debido a los numerosos correos que recibe este Consulado General, no ser\u00e1 posible contestar a las solicitudes de informaciones que se encuentran ya disponibles en la p\u00e1gina web.<\/p>\n<table class=\"consular-table\">\n<thead>\n<tr>\n<th colspan=\"3\">Servicios Consulares<\/th>\n<\/tr>\n<\/thead>\n<tbody>\n<tr>\n<td><a href=\"https:\/\/conscaracas.esteri.it\/es\/servizi-consolari-e-visti\/servizi-per-il-cittadino-italiano\/documentos-de-viaje-e-identidad-2\/\">Pasaportes y C.I.E.<\/a><\/td>\n<td><a href=\"https:\/\/conscaracas.esteri.it\/es\/servizi-consolari-e-visti\/servizi-per-il-cittadino-straniero\/cittadinanza\/\">Ciudadan\u00eda<\/a><\/td>\n<td><a href=\"https:\/\/conscaracas.esteri.it\/es\/servizi-consolari-e-visti\/servizi-per-il-cittadino-italiano\/anagrafe-degli-italiani-residenti-allestero-aire\/\">AIRE<\/a><\/td>\n<\/tr>\n<tr>\n<td><a href=\"https:\/\/conscaracas.esteri.it\/es\/servizi-consolari-e-visti\/servizi-per-il-cittadino-italiano\/stato-civile\/\">Estado Civil<\/a><\/td>\n<td><a href=\"https:\/\/conscaracas.esteri.it\/it\/servizi-consolari-e-visti\/servizi-per-il-cittadino-italiano\/servizi-notarili\/\">Notar\u00eda<\/a><\/td>\n<td><a href=\"https:\/\/conscaracas.esteri.it\/es\/servizi-consolari-e-visti\/servizi-per-il-cittadino-italiano\/pensioni-e-sicurezza-sociale\/\">Pensiones<\/a><\/td>\n<\/tr>\n<tr>\n<td><a href=\"https:\/\/conscaracas.esteri.it\/es\/servizi-consolari-e-visti\/servizi-per-il-cittadino-italiano\/assistenza-ai-cittadini-allestero\/\">Asistencia<\/a><\/td>\n<td><a href=\"https:\/\/conscaracas.esteri.it\/es\/servizi-consolari-e-visti\/servizi-per-il-cittadino-straniero\/visti\/\">Visas<\/a><\/td>\n<td><a href=\"https:\/\/conscaracas.esteri.it\/es\/studi\/\">Estudios<\/a><\/td>\n<\/tr>\n<tr>\n<td><a href=\"https:\/\/conscaracas.esteri.it\/es\/codice-fiscale\/\">C\u00f3digo Fiscal<\/a><\/td>\n<td><a href=\"https:\/\/conscaracas.esteri.it\/es\/servizi-consolari-e-visti\/servizi-per-il-cittadino-italiano\/altri-servizi\/albo-consolare\/planillas-y-registros\/\">Planillas y registros<\/a><\/td>\n<td><a href=\"https:\/\/conscaracas.esteri.it\/es\/servizi-consolari-e-visti\/servizi-per-il-cittadino-italiano\/altri-servizi\/albo-consolare\/preguntas-frecuentes-faq\/\">Domande Frequenti<\/a><\/td>\n<\/tr>\n<\/tbody>\n<\/table>\n<style>\n  .consular-table {<br \/>    width: 100%;<br \/>    border-collapse: collapse;<br \/>    background-color: #ffffff;<br \/>    box-shadow: 0 4px 8px rgba(0,0,0,0.1);<br \/>    border-radius: 8px;<br \/>    overflow: hidden;<br \/>    font-family: 'Segoe UI', sans-serif;<br \/>  }<br \/>  .consular-table th {<br \/>    background-color: #004080; \/* blu MAECI *\/<br \/>    color: #ffffff;<br \/>    font-size: 1.4em;<br \/>    text-align: center;<br \/>    padding: 20px;<br \/>  }<br \/>  .consular-table td {<br \/>    text-align: center;<br \/>    padding: 20px;<br \/>    font-size: 1.1em;<br \/>    border-top: 1px solid #eeeeee;<br \/>  }<br \/>  .consular-table td a {<br \/>    text-decoration: none;<br \/>    color: #004080;<br \/>    transition: color 0.3s ease;<br \/>  }<br \/>  .consular-table td a:hover {<br \/>    color: #002855;<br \/>  }<br \/>  @media (max-width: 768px) {<br \/>    .consular-table td,<br \/>    .consular-table th {<br \/>      padding: 12px;<br \/>      font-size: 1em;<br \/>    }<br \/>  }<br \/><\/style>\n","protected":false},"excerpt":{"rendered":"Informativa\u00a0 trattamento dei dati personali ai fini del riconoscimento della cittadinanza italiana iure sanguinis o della sua acquisizione per naturalizzazione (artt. 5 e 7, nonch\u00e9 art. 9, comma 1, lettera c, e comma 2 della legge n. 91\/1992) (Regolamento Generale sulla Protezione dei Dati (UE) 2016\/679, art. 13) Informativa sulla protezione delle persone fisiche con [&hellip;]","protected":false},"author":1,"featured_media":0,"parent":0,"menu_order":6,"comment_status":"closed","ping_status":"closed","template":"","meta":{"footnotes":""},"class_list":["post-174","page","type-page","status-publish","hentry"],"_links":{"self":[{"href":"https:\/\/conscaracas.esteri.it\/es\/wp-json\/wp\/v2\/pages\/174","targetHints":{"allow":["GET"]}}],"collection":[{"href":"https:\/\/conscaracas.esteri.it\/es\/wp-json\/wp\/v2\/pages"}],"about":[{"href":"https:\/\/conscaracas.esteri.it\/es\/wp-json\/wp\/v2\/types\/page"}],"author":[{"embeddable":true,"href":"https:\/\/conscaracas.esteri.it\/es\/wp-json\/wp\/v2\/users\/1"}],"replies":[{"embeddable":true,"href":"https:\/\/conscaracas.esteri.it\/es\/wp-json\/wp\/v2\/comments?post=174"}],"version-history":[{"count":7,"href":"https:\/\/conscaracas.esteri.it\/es\/wp-json\/wp\/v2\/pages\/174\/revisions"}],"predecessor-version":[{"id":4790,"href":"https:\/\/conscaracas.esteri.it\/es\/wp-json\/wp\/v2\/pages\/174\/revisions\/4790"}],"wp:attachment":[{"href":"https:\/\/conscaracas.esteri.it\/es\/wp-json\/wp\/v2\/media?parent=174"}],"curies":[{"name":"wp","href":"https:\/\/api.w.org\/{rel}","templated":true}]}}