{"id":164,"date":"2023-04-03T19:16:29","date_gmt":"2023-04-03T23:16:29","guid":{"rendered":"https:\/\/conscaracas.esteri.it\/chi-siamo\/la-rete-consolare\/"},"modified":"2025-07-25T10:45:38","modified_gmt":"2025-07-25T14:45:38","slug":"la-rete-consolare","status":"publish","type":"page","link":"https:\/\/conscaracas.esteri.it\/es\/chi-siamo\/la-rete-consolare\/","title":{"rendered":"La Red Consular"},"content":{"rendered":"<h3><strong>CIRCUNSCRIPCI\u00d3N CONSULAR<\/strong><\/h3>\n<p>La circunscripci\u00f3n territorial del Consulado General de Italia en Caracas comprende el territorio de la Rep\u00fablica Bolivariana de Venezuela (a excepci\u00f3n de los estados Zulia, M\u00e9rida, T\u00e1chira, Trujillo, Falc\u00f3n, que pertenecen a la Circunscripci\u00f3n del Consulado de Italia en Maracaibo).<\/p>\n<p>&nbsp;<\/p>\n<p><img decoding=\"async\" class=\"alignnone size-medium wp-image-131 img-fluid\" src=\"https:\/\/conscaracas.esteri.it\/wp-content\/uploads\/2023\/04\/cartina-circoscrizioni.png\" alt=\"cartina-circoscrizioni\" width=\"600\" srcset=\"https:\/\/conscaracas.esteri.it\/wp-content\/uploads\/2023\/04\/cartina-circoscrizioni.png 791w, https:\/\/conscaracas.esteri.it\/wp-content\/uploads\/2023\/04\/cartina-circoscrizioni-300x237.png 300w, https:\/\/conscaracas.esteri.it\/wp-content\/uploads\/2023\/04\/cartina-circoscrizioni-768x607.png 768w\" sizes=\"(max-width: 791px) 100vw, 791px\" \/><\/p>\n<p>&nbsp;<\/p>\n<h3><strong>CONSULADOS DE CARRERA<\/strong><\/h3>\n<p>En Venezuela operan dos Consulados de carrera:<\/p>\n<ul>\n<li>Consulado General de Italia en Caracas<\/li>\n<li>Consulado de Italia en Maracaibo<\/li>\n<\/ul>\n<h3><strong>RED CONSULAR HONORARIA<\/strong><\/h3>\n<p>En la circunscripci\u00f3n consular del Consulado General de Italia en Caracas operan, adem\u00e1s del Consulado General, algunas oficinas consulares honorarias (c\u00f3nsules honHorarios, agentes consulares o correspondientes consulares). Las Representaciones honorarias solo pueden recibir conciudadanos residentes en su territorio.<\/p>\n<p>&nbsp;<\/p>\n<p>Contactos de la Red honoraria<\/p>\n<h4>OFICINAS CONSULARES DE II CATEGOR\u00cdA QUE DEPENDEN DEL CONSULADO GENERAL DE ITALIA EN CARACAS<\/h4>\n<div style=\"overflow-x: auto; max-width: 100%;\">\n<table style=\"width: 100%; border-collapse: collapse; font-size: 14px;\">\n<thead style=\"background-color: #f0f0f0;\">\n<tr>\n<th style=\"width: 8%; padding: 6px;\">Ciudad<\/th>\n<th style=\"width: 15%; padding: 6px;\">Oficina<\/th>\n<th style=\"width: 20%; padding: 6px;\">Jurisdicci\u00f3n<\/th>\n<th style=\"width: 18%; padding: 6px;\">Direcci\u00f3n<\/th>\n<th style=\"width: 12%; padding: 6px;\">Contactos<\/th>\n<th style=\"width: 10%; padding: 6px;\">Titular<\/th>\n<th style=\"width: 10%; padding: 6px;\">Horario<\/th>\n<th style=\"width: 7%; padding: 6px;\">Decreto<\/th>\n<\/tr>\n<\/thead>\n<tbody>\n<tr>\n<td>Acarigua<\/td>\n<td>Vice consolato onorario d\u2019Italia Acarigua (Portuguesa)<\/td>\n<td>Stato Portuguesa e Distretto Anzoategui dello Stato Cojedes<\/td>\n<td>Av.da 13 de Junio, al lado de la Agencia de Viajes Verne, Sector La Espiga, Municipio Araure, Stato Portuguesa<\/td>\n<td>Tel. Sede: 0255-621.47.61 \/ 6210253 \/ 6214240 \/ Cell.: 0414-355.05.06 \/ E-mail: raffaelamolinari@gmail.com<\/td>\n<td>Sig.ra Raffaela MOLINARI<\/td>\n<td>da luned\u00ed a venerd\u00ed, dalle 10.00 alle 13.00<\/td>\n<td>\u2014<\/td>\n<\/tr>\n<tr>\n<td>Puerto La Cruz<\/td>\n<td>Vice consolato onorario d\u2019Italia Puerto La Cruz (Anzoategui)<\/td>\n<td>Stato Anzoategui (con l\u2019esclusione del Distretto Independencia) e Stato Sucre<\/td>\n<td>Centro Comercial Plaza Mayor, Edificio Amarillo, Piso 2, Of. 206, Lecher\u00eda<\/td>\n<td>Tel. Sede: 0281-281.53.90 \/ Fax: 0281-281.61.66 \/ Cell.: 0414-820.58.06 \/ E-mail: viceconspuertolacruz@hotmail.com<\/td>\n<td>Dott.ssa Sina ARENA<\/td>\n<td>da luned\u00ed a gioved\u00ed, dalle 8.00 alle 12.00<\/td>\n<td><a title=\"Decreto limitazione funzioni\" href=\"https:\/\/conscaracas.esteri.it\/consolato_caracas\/resource\/doc\/2019\/09\/decreto_limitazione_funzioni_-_arena.pdf\" target=\"_parent\" rel=\"noopener\">Decreto di limitazione delle funzioni consolari Puerto La Cruz\u00a0Puerto La Cruz<\/a><\/td>\n<\/tr>\n<tr>\n<td>Cuman\u00e1<\/td>\n<td>Corrispondente consolare a Cuman\u00e1 (Edo. Sucre)<\/td>\n<td>\u2014<\/td>\n<td>\u2014<\/td>\n<td>Tel.: 0414-393.01.12 \/ E-mail: analiber15@gmail.com<\/td>\n<td>Signora Ana Maria LIBERTELLA<\/td>\n<td>\u2014<\/td>\n<td>\u2014<\/td>\n<\/tr>\n<tr>\n<td>Car\u00fapano<\/td>\n<td>Corrispondente consolare a Car\u00fapano (Edo. Sucre)<\/td>\n<td>\u2014<\/td>\n<td>\u2014<\/td>\n<td>VACANTE<\/td>\n<td>\u2014<\/td>\n<td>\u2014<\/td>\n<td>\u2014<\/td>\n<\/tr>\n<tr>\n<td>Barinas<\/td>\n<td>Agenzia consolare onoraria d\u2019Italia Barinas (Barinas)<\/td>\n<td>Stato Barinas \u2013 Stato Apure (distretti di Paez, Mu\u00f1oz, R\u00f3mulo Gallegos)<\/td>\n<td>Club Italo-Venezolano, Avenida 23 de Enero (frente Residencia del Governador), Barinas<\/td>\n<td>Tel. Sede: 0414-573.87.79 \/ Fax: 0273-552.15.02 \/ Cell.: 0414-568.13.85 \/ E-mail: gherardip@gmail.com \/ ac.italia.barinas@gmail.com<\/td>\n<td>Sig. Giuseppe GHERARDI<\/td>\n<td>da luned\u00ed a gioved\u00ed, dalle 9.00 alle 12.30<\/td>\n<td><a href=\"https:\/\/conscaracas.esteri.it\/wp-content\/uploads\/2023\/06\/DLF-Gherardi.pdf\">Decreto di limitazione delle funzioni consolari Barinas<\/a><\/td>\n<\/tr>\n<tr>\n<td>Baquisimeto<\/td>\n<td>Vice Consolato onorario d\u2019Italia Barquisimeto (Lara)<\/td>\n<td>Stato Lara e Stato Yaracuy (Distretti Bruzual, Nirgua, Urachiche e Yaritagua)<\/td>\n<td>Club Italo Venezolano De Barquisimeto. Carretera vi\u0301a el Ujano, Edificio Club Italo, Urbanizacio\u0301n La Floresta, Barquisimeto, Edo. Lara.<\/td>\n<td>Tel. Sede. 0412 6740099 \u2013 0412-5120099 \/ E-mail: vc.italia.barquisimeto@gmail.com<\/td>\n<td>Corrispondente consolare: Dott. Fernando Glauco De Filippo<\/td>\n<td>da luned\u00ed a mercoled\u00ed, dalle 9.00 alle 12.00<\/td>\n<td>\u2014<\/td>\n<\/tr>\n<tr>\n<td>Ciudad Bol\u00edvar<\/td>\n<td>Agenzia consolare onoraria d\u2019Italia Ciudad Bol\u00edvar (Bol\u00edvar)<\/td>\n<td>Stato Bol\u00edvar (esclusi i Distretti di Piar, Roscio e Caron\u00ed) \u2013 Stato Anzoategui (Distretto Independencia)<\/td>\n<td>Calle Concordia con Av. Cuman\u00e0, n.2, Edf. Lux (detr\u00e1s de Fotolux), Ciudad Bol\u00edvar<\/td>\n<td>Tel. Sede: (0285) 761.37.06 \/ Cell.: 0412-320.46.77 \/ E-mail: agenciaconsularciudadbolivar@yahoo.com<\/td>\n<td>Dott.ssa Anna Francesca CAZZADORE<\/td>\n<td>da luned\u00ed a gioved\u00ed, dalle 14.00 alle 17.00<\/td>\n<td>\u2014<\/td>\n<\/tr>\n<tr>\n<td>Maracay<\/td>\n<td>Vice consolato onorario d\u2019Italia Maracay (Aragua)<\/td>\n<td>Stato Aragua (con esclusione della citt\u00e1 di Tejer\u00edas e i Distretti di San Sebastian, San Casimiro, Urdaneta) \u2013 Stato Carabobo (citt\u00e1 di Mariara)<\/td>\n<td>presso la Casa d\u2019Italia di Maracay (Av.da Los Caobos, Urb.La Floresta), Maracay<\/td>\n<td>Cell.: 0414-454.41.81 \/ E-mail: ana_michelangelo@yahoo.com \/ viceconsul.italmcy@gmail.com<\/td>\n<td>Dot.ssa Ana Maria MICHELANGELO<\/td>\n<td>da luned\u00ed a gioved\u00ed, dalle 9.00 alle 12.00<\/td>\n<td><a href=\"https:\/\/conscaracas.esteri.it\/consolato_caracas\/resource\/doc\/2019\/11\/estratto_dlf_michelangelo_rasetta_vco_maracay_venezuela.doc\" target=\"_parent\" rel=\"noopener\">Decreto di limitazione delle funzioni consolari &#8211; Dott.ssa Michelangelo<\/a><\/td>\n<\/tr>\n<tr>\n<td>Matur\u00edn<\/td>\n<td>Agenzia consolare onoraria d\u2019Italia Matur\u00edn (Monagas)<\/td>\n<td>Stato Monagas e Territorio Federal Delta Amacuro<\/td>\n<td>Av.Libertador, Centro Comercial Fiorca, Piso 1, Local 18, Matur\u00edn<\/td>\n<td>Tel. Sede: 0291-642.67.70 \/ Fax: 0291-642.69.11 \/ Cell.: 0416-692.02.88 \/ E-mail: fgiovany64@hotmail.com<\/td>\n<td>Sig. Giovanny Salvador FIORELLO<\/td>\n<td>da luned\u00ed a gioved\u00ed, dalle 8.00 alle 12.00<\/td>\n<td><a href=\"https:\/\/conscaracas.esteri.it\/consolato_caracas\/resource\/doc\/2020\/02\/estratto_dlf_fiorello_aco_maturin_venezuela.doc\" target=\"_parent\" rel=\"noopener\">Decreto di limitazione delle funzioni consolari &#8211; Dott. Fiorello<\/a><\/td>\n<\/tr>\n<tr>\n<td style=\"padding: 6px; line-height: 1.3;\">Porlamar<\/td>\n<td style=\"padding: 6px; line-height: 1.3;\">Vice consolato onorario d\u2019Italia Porlamar (Nueva Esparta)<\/td>\n<td style=\"padding: 6px; line-height: 1.3;\">Stato Nueva Esparta<\/td>\n<td style=\"padding: 6px; line-height: 1.3;\">Calle Malav\u00e9 entre Jes\u00fas Maria Pati\u00f1o y Cede\u00f1o, Res. Mar\u00eda Virginia, Loc. n\u00ba 5 PB, Porlamar<\/td>\n<td style=\"padding: 6px; line-height: 1.3;\">Tel. Sede: 0295-264.26.15 \/ Cell.: 0414-188.22.03 \/ E-mail: citas.consitaliaporlamar@gmail.com<\/td>\n<td style=\"padding: 6px; line-height: 1.3;\">Avv. Piero D\u2019ELISIO<\/td>\n<td style=\"padding: 6px; line-height: 1.3;\">da luned\u00ed a venerd\u00ed, dalle 8.30 alle 13.00<\/td>\n<td style=\"padding: 6px; line-height: 1.3;\"><a href=\"https:\/\/conscaracas.esteri.it\/wp-content\/uploads\/2023\/06\/DLF-DElisio.pdf\">Decreto di limitazione delle funzioni consolari Porlamar<\/a><\/td>\n<\/tr>\n<tr>\n<td>Puerto Cabello<\/td>\n<td>Vice consolato onorario d\u2019Italia Puerto Cabello (Carabobo)<\/td>\n<td>Stato Carabobo (Distretto di Puerto Cabello) e Stato Yaracuy (Distretti di San Felipe, Sucre e Bol\u00edvar)<\/td>\n<td>presso il Centro Italo Venezelano, Urb.Cumboto, Final Av.da La Playa, Puerto Cabello<\/td>\n<td>Tel. Sede: 0242-364.82.97 \/ 0242-364.85.48 \/ Cell.: 0412-532.13.22 \/ E-mail: mariateresalopilato@gmail.com<\/td>\n<td>Dott.ssa.a Maria Teresa LO PILATO<\/td>\n<td>luned\u00ed, martedi e gioved\u00ed, dalle 8.30 alle 12.00<\/td>\n<td>\u2014<\/td>\n<\/tr>\n<tr>\n<td>Puerto Ordaz<\/td>\n<td>Vice consolato onorario d\u2019Italia Puerto Ordaz (Bol\u00edvar)<\/td>\n<td>Stato Bol\u00edvar (Distretti Piar, Roscio, Caron\u00ed)<\/td>\n<td>presso Calzado Fion, C.A.,Calle Hermandad, Urb. Castillito<\/td>\n<td>Tel. Sede: 0286-9239108 \/ Cell.: 0412-9291010 \/ 0414-862.57.40 \/ E-mail: viceconsolatoitaliapzo@gmail.com<\/td>\n<td>Ing. Paulo PADOVAN<\/td>\n<td>da marted\u00ed a venerd\u00ed, dalle 8.30 alle 12.30<\/td>\n<td><a href=\"https:\/\/conscaracas.esteri.it\/consolato_caracas\/resource\/doc\/2019\/11\/estratto_dlf_padovan_pio_vco_puerto_ordaz_venezuela.doc\" target=\"_parent\" rel=\"noopener\">Decreto di limitazione delle funzioni consolari &#8211; Dott. Padovan<\/a><\/td>\n<\/tr>\n<tr>\n<td>San Juan de los Morros<\/td>\n<td>Vice consolato onorario d\u2019Italia San Juan de los Morros (Guarico)<\/td>\n<td>Stato Guarico \u2013 Stato Apure (Distretti di Achagua, San Fernando, Pedro Camejo) \u2013 Stato Aragua ( Distretti San Sebastian, Casimiro e Urdaneta)<\/td>\n<td>Avenida Bolivar Centro Comercial Via Veneto primer piso oficina N 25 San Juan de los Morros \u2013 Gu\u00e1rico<\/td>\n<td>Cell.: 0412-469.30.22 \/ E-mail: nskdnn@gmail.com<\/td>\n<td>Dott.ssa Ninoska DONNARUMMA<\/td>\n<td>da luned\u00ed a mercoled\u00ed, dalle 9.00 a.m. alle ore 11.00 a.m. (gioved\u00ed, venerd\u00ed e sabato previo appuntamento fissato telefonicamente per le persone dell\u2019interno degli Stati Guarico, Apure e sud dello Stato Aragua)<\/td>\n<td><a href=\"https:\/\/conscaracas.esteri.it\/wp-content\/uploads\/2023\/06\/DLF-Donnarumma.pdf\">Decreto di limitazione delle funzioni consolari &#8211; Dott.ssa Donnarumma<\/a><\/td>\n<\/tr>\n<tr>\n<td>Valencia<\/td>\n<td>Vice consolato onorario d\u2019Italia Valencia (Carabobo)<\/td>\n<td>Stato Carabobo (esclusi il distretto di Puerto Cabello e la citt\u00e1 di Mariara) \u2013 Stato Cojedes (tranne il Distretto Anzoategui)<\/td>\n<td>\u2014<\/td>\n<td>\u2014<\/td>\n<td>VACANTE<\/td>\n<td>\u2014<\/td>\n<td>\u2014<\/td>\n<\/tr>\n<\/tbody>\n<\/table>\n<\/div>\n","protected":false},"excerpt":{"rendered":"CIRCUNSCRIPCI\u00d3N CONSULAR La circunscripci\u00f3n territorial del Consulado General de Italia en Caracas comprende el territorio de la Rep\u00fablica Bolivariana de Venezuela (a excepci\u00f3n de los estados Zulia, M\u00e9rida, T\u00e1chira, Trujillo, Falc\u00f3n, que pertenecen a la Circunscripci\u00f3n del Consulado de Italia en Maracaibo). &nbsp; &nbsp; CONSULADOS DE CARRERA En Venezuela operan dos Consulados de carrera: Consulado [&hellip;]","protected":false},"author":1,"featured_media":0,"parent":158,"menu_order":12,"comment_status":"closed","ping_status":"closed","template":"","meta":{"footnotes":""},"class_list":["post-164","page","type-page","status-publish","hentry"],"_links":{"self":[{"href":"https:\/\/conscaracas.esteri.it\/es\/wp-json\/wp\/v2\/pages\/164","targetHints":{"allow":["GET"]}}],"collection":[{"href":"https:\/\/conscaracas.esteri.it\/es\/wp-json\/wp\/v2\/pages"}],"about":[{"href":"https:\/\/conscaracas.esteri.it\/es\/wp-json\/wp\/v2\/types\/page"}],"author":[{"embeddable":true,"href":"https:\/\/conscaracas.esteri.it\/es\/wp-json\/wp\/v2\/users\/1"}],"replies":[{"embeddable":true,"href":"https:\/\/conscaracas.esteri.it\/es\/wp-json\/wp\/v2\/comments?post=164"}],"version-history":[{"count":6,"href":"https:\/\/conscaracas.esteri.it\/es\/wp-json\/wp\/v2\/pages\/164\/revisions"}],"predecessor-version":[{"id":4243,"href":"https:\/\/conscaracas.esteri.it\/es\/wp-json\/wp\/v2\/pages\/164\/revisions\/4243"}],"up":[{"embeddable":true,"href":"https:\/\/conscaracas.esteri.it\/es\/wp-json\/wp\/v2\/pages\/158"}],"wp:attachment":[{"href":"https:\/\/conscaracas.esteri.it\/es\/wp-json\/wp\/v2\/media?parent=164"}],"curies":[{"name":"wp","href":"https:\/\/api.w.org\/{rel}","templated":true}]}}