{"id":163,"date":"2023-04-03T19:16:15","date_gmt":"2023-04-03T23:16:15","guid":{"rendered":"https:\/\/conscaracas.esteri.it\/chi-siamo\/numeri-di-emergenza\/"},"modified":"2025-07-25T09:05:19","modified_gmt":"2025-07-25T13:05:19","slug":"numeri-di-emergenza","status":"publish","type":"page","link":"https:\/\/conscaracas.esteri.it\/es\/chi-siamo\/numeri-di-emergenza\/","title":{"rendered":"N\u00fameros de emergencia"},"content":{"rendered":"<p>Los contactos telef\u00f3nicos y de correo electr\u00f3nico, y asimismo las informaciones sobre los horarios de apertura y los d\u00edas de cierre del Consulado, se encuentran en la p\u00e1gina dedicada a los <a title=\"Enlace a la p\u00e1gina web de los contactos\" href=\"https:\/\/conscaracas.esteri.it\/es\/chi-siamo\/contatti\/\">contactos<\/a>.<\/p>\n<p>Fuera del horario de oficina y en los d\u00edas festivos, s\u00f3lo para asuntos de comprobada emergencia, urgentes e impostergables (por ejemplo accidentes o arrestos), es posible llamar al celular de emergencia n\u00famero: +58 414 210 1699. <strong><span style=\"text-decoration: underline;\">Las llamadas para tr\u00e1mites consulares ordinarios, para solicitudes de informaciones o solicitudes de citas para los servicios consulares NO ser\u00e1n tomadas en consideraci\u00f3n.<\/span><\/strong><\/p>\n","protected":false},"excerpt":{"rendered":"Los contactos telef\u00f3nicos y de correo electr\u00f3nico, y asimismo las informaciones sobre los horarios de apertura y los d\u00edas de cierre del Consulado, se encuentran en la p\u00e1gina dedicada a los contactos. Fuera del horario de oficina y en los d\u00edas festivos, s\u00f3lo para asuntos de comprobada emergencia, urgentes e impostergables (por ejemplo accidentes o [&hellip;]","protected":false},"author":1,"featured_media":0,"parent":158,"menu_order":10,"comment_status":"closed","ping_status":"closed","template":"","meta":{"footnotes":""},"class_list":["post-163","page","type-page","status-publish","hentry"],"_links":{"self":[{"href":"https:\/\/conscaracas.esteri.it\/es\/wp-json\/wp\/v2\/pages\/163","targetHints":{"allow":["GET"]}}],"collection":[{"href":"https:\/\/conscaracas.esteri.it\/es\/wp-json\/wp\/v2\/pages"}],"about":[{"href":"https:\/\/conscaracas.esteri.it\/es\/wp-json\/wp\/v2\/types\/page"}],"author":[{"embeddable":true,"href":"https:\/\/conscaracas.esteri.it\/es\/wp-json\/wp\/v2\/users\/1"}],"replies":[{"embeddable":true,"href":"https:\/\/conscaracas.esteri.it\/es\/wp-json\/wp\/v2\/comments?post=163"}],"version-history":[{"count":5,"href":"https:\/\/conscaracas.esteri.it\/es\/wp-json\/wp\/v2\/pages\/163\/revisions"}],"predecessor-version":[{"id":4221,"href":"https:\/\/conscaracas.esteri.it\/es\/wp-json\/wp\/v2\/pages\/163\/revisions\/4221"}],"up":[{"embeddable":true,"href":"https:\/\/conscaracas.esteri.it\/es\/wp-json\/wp\/v2\/pages\/158"}],"wp:attachment":[{"href":"https:\/\/conscaracas.esteri.it\/es\/wp-json\/wp\/v2\/media?parent=163"}],"curies":[{"name":"wp","href":"https:\/\/api.w.org\/{rel}","templated":true}]}}