{"id":159,"date":"2023-04-03T19:15:16","date_gmt":"2023-04-03T23:15:16","guid":{"rendered":"https:\/\/conscaracas.esteri.it\/chi-siamo\/il-console-generale\/"},"modified":"2024-07-17T15:33:24","modified_gmt":"2024-07-17T19:33:24","slug":"il-console-generale","status":"publish","type":"page","link":"https:\/\/conscaracas.esteri.it\/es\/chi-siamo\/il-console-generale\/","title":{"rendered":"El C\u00f3nsul General"},"content":{"rendered":"<p><strong>Jacopo Martino<\/strong><\/p>\n<p>El consejero Jacopo Martino es C\u00f3nsul general de Italia en Caracas a partir del 8 de julio del 2024. Su circunscripci\u00f3n consular comprende el territorio de la Rep\u00fablica Bolivariana de Venezuela, exceptuando los estados federales de Zulia, M\u00e9rida, T\u00e1chira, Trujillo y Falc\u00f3n.<\/p>\n","protected":false},"excerpt":{"rendered":"Jacopo Martino El consejero Jacopo Martino es C\u00f3nsul general de Italia en Caracas a partir del 8 de julio del 2024. Su circunscripci\u00f3n consular comprende el territorio de la Rep\u00fablica Bolivariana de Venezuela, exceptuando los estados federales de Zulia, M\u00e9rida, T\u00e1chira, Trujillo y Falc\u00f3n.","protected":false},"author":1,"featured_media":0,"parent":158,"menu_order":0,"comment_status":"closed","ping_status":"closed","template":"","meta":{"footnotes":""},"class_list":["post-159","page","type-page","status-publish","hentry"],"_links":{"self":[{"href":"https:\/\/conscaracas.esteri.it\/es\/wp-json\/wp\/v2\/pages\/159","targetHints":{"allow":["GET"]}}],"collection":[{"href":"https:\/\/conscaracas.esteri.it\/es\/wp-json\/wp\/v2\/pages"}],"about":[{"href":"https:\/\/conscaracas.esteri.it\/es\/wp-json\/wp\/v2\/types\/page"}],"author":[{"embeddable":true,"href":"https:\/\/conscaracas.esteri.it\/es\/wp-json\/wp\/v2\/users\/1"}],"replies":[{"embeddable":true,"href":"https:\/\/conscaracas.esteri.it\/es\/wp-json\/wp\/v2\/comments?post=159"}],"version-history":[{"count":2,"href":"https:\/\/conscaracas.esteri.it\/es\/wp-json\/wp\/v2\/pages\/159\/revisions"}],"predecessor-version":[{"id":2373,"href":"https:\/\/conscaracas.esteri.it\/es\/wp-json\/wp\/v2\/pages\/159\/revisions\/2373"}],"up":[{"embeddable":true,"href":"https:\/\/conscaracas.esteri.it\/es\/wp-json\/wp\/v2\/pages\/158"}],"wp:attachment":[{"href":"https:\/\/conscaracas.esteri.it\/es\/wp-json\/wp\/v2\/media?parent=159"}],"curies":[{"name":"wp","href":"https:\/\/api.w.org\/{rel}","templated":true}]}}