{"id":1162,"date":"2023-08-01T20:50:56","date_gmt":"2023-08-01T18:50:56","guid":{"rendered":"https:\/\/conscaracas.esteri.it\/?page_id=1162"},"modified":"2023-08-01T20:56:20","modified_gmt":"2023-08-01T18:56:20","slug":"copia-conforme-de-pasaportes","status":"publish","type":"page","link":"https:\/\/conscaracas.esteri.it\/es\/servizi-consolari-e-visti\/servizi-per-il-cittadino-italiano\/servicios-de-notaria\/copia-conforme-de-pasaportes\/","title":{"rendered":"Copia conforme de pasaportes"},"content":{"rendered":"<p>Requisitos:<\/p>\n<ul>\n<li>Original y copia de las p\u00e1ginas 2,3, 4 y 5 del pasaporte.<\/li>\n<\/ul>\n<p>Es necesario solicitar cita a trav\u00e9s del correo electr\u00f3nico <a href=\"mailto:caracas.notarile@esteri.it\">caracas.notarile@esteri.it<\/a><\/p>\n<p>El costo se especifica en el correo de la cita.<\/p>\n","protected":false},"excerpt":{"rendered":"Requisitos: Original y copia de las p\u00e1ginas 2,3, 4 y 5 del pasaporte. Es necesario solicitar cita a trav\u00e9s del correo electr\u00f3nico caracas.notarile@esteri.it El costo se especifica en el correo de la cita.","protected":false},"author":8,"featured_media":0,"parent":386,"menu_order":0,"comment_status":"closed","ping_status":"closed","template":"","meta":{"footnotes":""},"class_list":["post-1162","page","type-page","status-publish","hentry"],"_links":{"self":[{"href":"https:\/\/conscaracas.esteri.it\/es\/wp-json\/wp\/v2\/pages\/1162","targetHints":{"allow":["GET"]}}],"collection":[{"href":"https:\/\/conscaracas.esteri.it\/es\/wp-json\/wp\/v2\/pages"}],"about":[{"href":"https:\/\/conscaracas.esteri.it\/es\/wp-json\/wp\/v2\/types\/page"}],"author":[{"embeddable":true,"href":"https:\/\/conscaracas.esteri.it\/es\/wp-json\/wp\/v2\/users\/8"}],"replies":[{"embeddable":true,"href":"https:\/\/conscaracas.esteri.it\/es\/wp-json\/wp\/v2\/comments?post=1162"}],"version-history":[{"count":0,"href":"https:\/\/conscaracas.esteri.it\/es\/wp-json\/wp\/v2\/pages\/1162\/revisions"}],"up":[{"embeddable":true,"href":"https:\/\/conscaracas.esteri.it\/es\/wp-json\/wp\/v2\/pages\/386"}],"wp:attachment":[{"href":"https:\/\/conscaracas.esteri.it\/es\/wp-json\/wp\/v2\/media?parent=1162"}],"curies":[{"name":"wp","href":"https:\/\/api.w.org\/{rel}","templated":true}]}}