{"id":1154,"date":"2023-08-01T20:46:00","date_gmt":"2023-08-01T18:46:00","guid":{"rendered":"https:\/\/conscaracas.esteri.it\/?page_id=1154"},"modified":"2024-02-09T19:17:45","modified_gmt":"2024-02-09T18:17:45","slug":"copia-integral-de-expediente","status":"publish","type":"page","link":"https:\/\/conscaracas.esteri.it\/es\/servizi-consolari-e-visti\/servizi-per-il-cittadino-italiano\/servicios-de-notaria\/copia-integral-de-expediente\/","title":{"rendered":"Copia integral de expediente"},"content":{"rendered":"<ul>\n<li>Completar las siguientes planillas:<\/li>\n<li><a href=\"https:\/\/conscaracas.esteri.it\/wp-content\/uploads\/2023\/08\/Richiesta-fascicolo-ES.pdf\" target=\"_blank\" rel=\"noopener\">m\u00f3dulo\u00a0<\/a><\/li>\n<li><a href=\"https:\/\/conscaracas.esteri.it\/wp-content\/uploads\/2023\/07\/Albero-genealogico.pdf\">Albero genealogico<\/a><\/li>\n<li>Enviar correo a <a href=\"mailto:caracas.notarile@esteri.it\" target=\"_blank\" rel=\"noopener\">caracas.notarile@esteri.it<\/a> con las planillas debidamente firmadas.<\/li>\n<li>Es indispensable enviar autorizaci\u00f3n y copia del documento de identidad <strong>vigente<\/strong> del titular del expediente.<\/li>\n<\/ul>\n<p>Una vez examinado el expediente solicitado se le enviar\u00e1 un correo especificando su contenido y el costo de las copias. Luego de su confirmaci\u00f3n, se le asignar\u00e1 cita.<\/p>\n","protected":false},"excerpt":{"rendered":"Completar las siguientes planillas: m\u00f3dulo\u00a0 Albero genealogico Enviar correo a caracas.notarile@esteri.it con las planillas debidamente firmadas. Es indispensable enviar autorizaci\u00f3n y copia del documento de identidad vigente del titular del expediente. Una vez examinado el expediente solicitado se le enviar\u00e1 un correo especificando su contenido y el costo de las copias. Luego de su confirmaci\u00f3n, [&hellip;]","protected":false},"author":8,"featured_media":0,"parent":386,"menu_order":0,"comment_status":"closed","ping_status":"closed","template":"","meta":{"footnotes":""},"class_list":["post-1154","page","type-page","status-publish","hentry"],"_links":{"self":[{"href":"https:\/\/conscaracas.esteri.it\/es\/wp-json\/wp\/v2\/pages\/1154","targetHints":{"allow":["GET"]}}],"collection":[{"href":"https:\/\/conscaracas.esteri.it\/es\/wp-json\/wp\/v2\/pages"}],"about":[{"href":"https:\/\/conscaracas.esteri.it\/es\/wp-json\/wp\/v2\/types\/page"}],"author":[{"embeddable":true,"href":"https:\/\/conscaracas.esteri.it\/es\/wp-json\/wp\/v2\/users\/8"}],"replies":[{"embeddable":true,"href":"https:\/\/conscaracas.esteri.it\/es\/wp-json\/wp\/v2\/comments?post=1154"}],"version-history":[{"count":1,"href":"https:\/\/conscaracas.esteri.it\/es\/wp-json\/wp\/v2\/pages\/1154\/revisions"}],"predecessor-version":[{"id":1644,"href":"https:\/\/conscaracas.esteri.it\/es\/wp-json\/wp\/v2\/pages\/1154\/revisions\/1644"}],"up":[{"embeddable":true,"href":"https:\/\/conscaracas.esteri.it\/es\/wp-json\/wp\/v2\/pages\/386"}],"wp:attachment":[{"href":"https:\/\/conscaracas.esteri.it\/es\/wp-json\/wp\/v2\/media?parent=1154"}],"curies":[{"name":"wp","href":"https:\/\/api.w.org\/{rel}","templated":true}]}}