{"id":1014,"date":"2023-07-13T14:27:43","date_gmt":"2023-07-13T18:27:43","guid":{"rendered":"https:\/\/conscaracas.esteri.it\/?page_id=1014"},"modified":"2025-07-24T12:41:33","modified_gmt":"2025-07-24T16:41:33","slug":"servicios-demograficos","status":"publish","type":"page","link":"https:\/\/conscaracas.esteri.it\/es\/servizi-consolari-e-visti\/servizi-per-il-cittadino-italiano\/altri-servizi\/albo-consolare\/preguntas-frecuentes-faq\/servicios-demograficos\/","title":{"rendered":"preguntas sobre ciudadan\u00eda"},"content":{"rendered":"<h3><strong>Solicitud y estado de la ciudadan\u00eda italiana<\/strong><\/h3>\n<ol>\n<li><strong>Hace poco present\u00e9 una solicitud de ciudadan\u00eda en el Consulado General en Caracas. \u00bfC\u00f3mo puedo conocer el estatus de mi solicitud?<\/strong> \u2192 Usted debe esperar a recibir la copia del mensaje de Posta Elettronica Certificata que se env\u00eda al Comune competente en Italia. Cuando reciba dicho correo, podr\u00e1 solicitar su cita para la oficina de pasaportes. Recuerde que la ley establece un plazo de 730 d\u00edas para reconocer la ciudadan\u00eda italiana iure sanguinis. \u2192 Si existen sentencias de filiaci\u00f3n o adopci\u00f3n asociadas a su solicitud, debe esperar la respuesta del Comune competente.<\/li>\n<li><strong>Necesito saber el estado de mi solicitud de ciudadan\u00eda por matrimonio, \u00bfpueden ayudarme?<\/strong> \u2192 Le rogamos entrar al portal del Ministerio del Interior utilizando el mismo usuario y contrase\u00f1a creados para cargar los documentos, y revisar personalmente su solicitud. Hacemos presente que es necesario utilizar una VPN si se conecta desde Venezuela, puesto que las IP venezolanas se encuentran bloqueadas. En caso de no poseer sus credenciales de acceso al portal, le solicitamos contactar directamente al Ministerio del Interior o, si hizo la solicitud por medio de un gestor, contactar a la persona en cuesti\u00f3n. Recordamos que est\u00e1 prohibido compartir el usuario y las credenciales del Portal con gestores.<\/li>\n<\/ol>\n<h3><strong>Ciudadan\u00eda iure sanguinis (Recuerde que se aplican las nuevas disposiciones de la ley 74\/2025, en particular el art. 3 bis)<\/strong><\/h3>\n<ol>\n<li><strong>\u00bfCu\u00e1les son los requisitos para que los menores de edad obtengan la ciudadan\u00eda?<\/strong> \u2192 <a href=\"https:\/\/conscaracas.esteri.it\/es\/servizi-consolari-e-visti\/servizi-per-il-cittadino-straniero\/cittadinanza\/adquisicion-de-la-ciudadania-por-beneficio-de-ley-hijos-menores-nacidos-en-el-exterior\/\">Adquisici\u00f3n de la ciudadan\u00eda por \u201cbeneficio de ley\u201d (hijos menores nacidos en el exterior) \u2013 Consolato Generale d&#8217;Italia Caracas<\/a><\/li>\n<li><strong>\u00bfCu\u00e1les son los requisitos para el reconocimiento de la ciudadan\u00eda iure sanguinis de mayores de edad?<\/strong> \u2192\u00a0<a title=\"ciudadan\u00eda por iure sanguinis\" href=\"https:\/\/conscaracas.esteri.it\/es\/servizi-consolari-e-visti\/servizi-per-il-cittadino-straniero\/cittadinanza\/cittadinanza-iure-sanguinis\/\" target=\"_parent\" rel=\"noopener\">Ciudadan\u00eda iure sanguinis<\/a><\/li>\n<li><strong>Necesito hacer una reconstrucci\u00f3n, pero mi ciudadan\u00eda es por l\u00ednea materna. Es decir, soy descendiente de una ciudadana italiana y nac\u00ed antes de 1948. \u00bfPuedo solicitar la ciudadan\u00eda en el Consulado?<\/strong> \u2192 Los descendientes de una ciudadana italiana nacidos antes del 01\/01\/1948 pueden solicitar el reconocimiento de la ciudadan\u00eda italiana solo por v\u00eda judicial (el juicio que se lleva a cabo en Italia). Para m\u00e1s informaci\u00f3n deber\u00e1 consultar a un abogado.<\/li>\n<li><strong>Fui reconocido por un progenitor italiano cuando era mayor de edad, \u00bfpuedo solicitar la ciudadan\u00eda iure sanguinis?<\/strong> \u2192 De conformidad con el art\u00edculo 2, p\u00e1rrafo 2, de la Ley 91\/92, las personas reconocidas por el progenitor italiano durante la mayor\u00eda de edad o que durante dicho periodo obtengan una declaraci\u00f3n judicial probatoria de la descendencia de un ciudadano italiano, tienen un a\u00f1o de tiempo, a partir del reconocimiento o de la declaraci\u00f3n judicial, para elegir la ciudadan\u00eda italiana, so pena de perder el derecho. \u2192 Para mayor informaci\u00f3n, visiten la secci\u00f3n correspondiente de nuestro sitio web: <button type=\"button\" data-url=\"https:\/\/conscaracas.esteri.it\/es\/servizi-consolari-e-visti\/servizi-per-il-cittadino-italiano\/stato-civile\/figli-nati-fuori-dal-matrimonio\/\">https:\/\/conscaracas.esteri.it\/es\/servizi-consolari-e-visti\/servizi-per-il-cittadino-italiano\/stato-civile\/figli-nati-fuori-dal-matrimonio\/<\/button><\/li>\n<\/ol>\n<p>&nbsp;<\/p>\n<h3><strong>Ciudadan\u00eda por matrimonio<\/strong><\/h3>\n<ol>\n<li><strong>\u00bfSe puede hacer excepciones para el certificado de conocimiento del idioma italiano para la solicitud de ciudadan\u00eda por matrimonio?<\/strong> \u2192 La ley vigente NO contempla excepciones.<\/li>\n<li><strong>Ya entregu\u00e9 mi matrimonio, \u00bfmi c\u00f3nyuge obtiene autom\u00e1ticamente la ciudadan\u00eda italiana?<\/strong> \u2192 Solo si el matrimonio tuvo lugar antes del 27 de abril de 1983 y si el ciudadano italiano es el hombre. Las mujeres no transmiten la ciudadan\u00eda por matrimonio de forma autom\u00e1tica.<\/li>\n<\/ol>\n<p>&nbsp;<\/p>\n<h3><strong>Readquisici\u00f3n de la ciudadan\u00eda<\/strong><\/h3>\n<ol>\n<li><strong>Nac\u00ed en Italia, pero me naturalic\u00e9 venezolano antes del 92, \u00bfc\u00f3mo puedo readquirir mi ciudadan\u00eda italiana?<\/strong> \u2192 <a href=\"https:\/\/conscaracas.esteri.it\/Consolato_Caracas\/es\/i_servizi\/cittadinanza_0\/riacquisto-della-cittadinanza\/\"><button type=\"button\" data-url=\"https:\/\/conscaracas.esteri.it\/es\/servizi-consolari-e-visti\/servizi-per-il-cittadino-straniero\/cittadinanza\/riacquisto-della-cittadinanza-italiana\/\">Readqusici\u00f3n de ciudadania<\/button><\/a><\/li>\n<\/ol>\n<p>&nbsp;<\/p>\n<h3><strong>Documentaci\u00f3n y citas<\/strong><\/h3>\n<ol>\n<li><strong>Tengo toda la documentaci\u00f3n completa, \u00bfc\u00f3mo puedo acordar una cita para entregar los requisitos?<\/strong> \u2192 Visite el portal Prenot@Mi para reservar una cita. Para m\u00e1s info. sobre <a href=\"https:\/\/prenotami.esteri.it\/\">Prneot@Mi<\/a>, consulte la secci\u00f3n<a href=\"https:\/\/conscaracas.esteri.it\/it\/servizi-consolari-e-visti\/servizi-per-il-cittadino-italiano\/altri-servizi\/albo-consolare\/domande-frequenti-faq\/domande-su-prenotmi\/\"> de preguntas frecuentes sobre el portal.<\/a><\/li>\n<li><strong>\u00bfCu\u00e1nto se paga por el reconocimiento de la ciudadan\u00eda iure sanguinis de un adulto?<\/strong> \u2192 Deber\u00e1 consultar el art\u00edculo 7 bis del tabl\u00f3n de los derechos consulares, el cual podr\u00e1 encontrar en el siguiente link: Planillas y registros<\/li>\n<li><strong>\u00bfCu\u00e1nto se paga por la transcripci\u00f3n de un matrimonio\/divorcio o acta de defunci\u00f3n?<\/strong> \u2192 La transcripci\u00f3n de las actas de estado civil es gratuita.<\/li>\n<li><strong>\u00bfSe paga por las citas?<\/strong> \u2192 LAS CITAS SON SIEMPRE GRATUITAS y deben ser reservadas a trav\u00e9s del portal <a href=\"https:\/\/prenotami.esteri.it\/\">Prenot@Mi<\/a>.<\/li>\n<li><strong>Necesito una cita para obtener el pasaporte por primera vez, \u00bfc\u00f3mo puedo hacer?<\/strong> \u2192 Si usted ya es ciudadano\/a italiano\/a y necesita el documento de viaje, visite el portal <a href=\"https:\/\/prenotami.esteri.it\/\">Prenot@Mi<\/a> para reservar una cita. \u2192 Si en realidad se refiere a la ciudadan\u00eda italiana, se ruega leer las preguntas 1 y 2.<\/li>\n<li><strong>Necesito el acta de nacimiento, matrimonio o defunci\u00f3n italiana (\u201cestratto\u201d), \u00bfpueden envi\u00e1rmela?<\/strong> \u2192 No, no es posible, pues el Consulado General no puede obtener actas de estado civil para los interesados. Por lo tanto, debe dirigir su solicitud al Comune correspondiente en Italia.<\/li>\n<li><strong>Me pueden dar la direcci\u00f3n de correo electr\u00f3nico del Comune en Italia para solicitar un extracto de un acta de nacimiento\/matrimonio, etc.?<\/strong> \u2192 Las direcciones se encuentran publicadas en los sitios web institucionales de los Comune.<\/li>\n<\/ol>\n<p>&nbsp;<\/p>\n<h3><strong>Estado civil<\/strong><\/h3>\n<ol>\n<li><strong>\u00bfCu\u00e1les son los requisitos para consignar actas de estado civil (matrimonios, divorcios, defunciones)?<\/strong> \u2192<a href=\"https:\/\/conscaracas.esteri.it\/es\/servizi-consolari-e-visti\/servizi-per-il-cittadino-italiano\/stato-civile\/\"> https:\/\/conscaracas.esteri.it\/es\/servizi-consolari-e-visti\/servizi-per-il-cittadino-italiano\/stato-civile\/<\/a><\/li>\n<li><strong>\u00bfCu\u00e1nto se paga por la transcripci\u00f3n de un matrimonio\/divorcio o acta de defunci\u00f3n?<\/strong> \u2192 La transcripci\u00f3n de las actas de estado civil es gratuita.<\/li>\n<\/ol>\n<p>&nbsp;<\/p>\n<h3><strong>Autocertificaciones<\/strong><\/h3>\n<ol>\n<li><strong>Quiero\/necesito un certificado de ciudadan\u00eda italiana para presentarlo ante un Consulado\/Embajada de Italia en otro pa\u00eds u otro ente de la Administraci\u00f3n p\u00fablica italiana, \u00bfpueden emitirlo?<\/strong> \u2192 No. Si usted es ciudadano italiano, el DPR 445\/2000 proh\u00edbe expresamente la pretensi\u00f3n del certificado de ciudadan\u00eda por parte de la Administraci\u00f3n p\u00fablica italiana (art. 74). \u2192 Para demostrar su condici\u00f3n de ciudadano, usted puede hacer uso de la \u201cautocertificazione\u201d, que consiste en un instrumento a trav\u00e9s del cual usted puede, bajo su responsabilidad, declarar que posee la ciudadan\u00eda italiana (art. 46). La Administraci\u00f3n italiana receptora de la declaraci\u00f3n est\u00e1 obligada a constatar su contenido, contact\u00e1ndonos a nosotros si es necesario (art. 43). En el <a href=\"https:\/\/conscaracas.esteri.it\/es\/servizi-consolari-e-visti\/servizi-per-il-cittadino-italiano\/altri-servizi\/albo-consolare\/risorse-informative\/\">siguiente enlace<\/a>, puede encontrar un modelo de \u201cautocertificazione\u201d. \u2192 Es oportuno subrayar que la Administraci\u00f3n p\u00fablica italiana que se niegue a recibir las \u201cautocertificazioni\u201d de un ciudadano italiano incurre tambi\u00e9n en una violaci\u00f3n de sus deberes de oficio (art. 74).<\/li>\n<\/ol>\n<h3><\/h3>\n<h3><strong>Asesor\u00edas<\/strong><\/h3>\n<ol>\n<li><strong> Mi caso es el siguiente (\u2026). \u00bfTengo derecho a la ciudadan\u00eda italiana?<\/strong> \u2192 Los Consulados no brindan asesor\u00edas sobre el derecho a la ciudadan\u00eda, sino que se limitan a publicar en su sitio web: <button type=\"button\" data-url=\"https:\/\/conscaracas.esteri.it\">https:\/\/conscaracas.esteri.it\/<\/button>\u00a0los requisitos para acceder a los servicios consulares. \u2192 Para asesor\u00edas sobre el derecho a la ciudadan\u00eda, debe dirigirse a un bufete de abogados. Para ello, en el sitio web del Consulado es posible encontrar el listado de abogados inscritos en esta Sede. Se subraya que el Consulado General no tiene v\u00ednculos ni relaciones con los abogados presentes en dicho listado.<\/li>\n<\/ol>\n<p>&nbsp;<\/p>\n<div><\/div>\n","protected":false},"excerpt":{"rendered":"Solicitud y estado de la ciudadan\u00eda italiana Hace poco present\u00e9 una solicitud de ciudadan\u00eda en el Consulado General en Caracas. \u00bfC\u00f3mo puedo conocer el estatus de mi solicitud? \u2192 Usted debe esperar a recibir la copia del mensaje de Posta Elettronica Certificata que se env\u00eda al Comune competente en Italia. Cuando reciba dicho correo, podr\u00e1 [&hellip;]","protected":false},"author":3,"featured_media":0,"parent":1007,"menu_order":0,"comment_status":"closed","ping_status":"closed","template":"","meta":{"footnotes":""},"class_list":["post-1014","page","type-page","status-publish","hentry"],"_links":{"self":[{"href":"https:\/\/conscaracas.esteri.it\/es\/wp-json\/wp\/v2\/pages\/1014","targetHints":{"allow":["GET"]}}],"collection":[{"href":"https:\/\/conscaracas.esteri.it\/es\/wp-json\/wp\/v2\/pages"}],"about":[{"href":"https:\/\/conscaracas.esteri.it\/es\/wp-json\/wp\/v2\/types\/page"}],"author":[{"embeddable":true,"href":"https:\/\/conscaracas.esteri.it\/es\/wp-json\/wp\/v2\/users\/3"}],"replies":[{"embeddable":true,"href":"https:\/\/conscaracas.esteri.it\/es\/wp-json\/wp\/v2\/comments?post=1014"}],"version-history":[{"count":6,"href":"https:\/\/conscaracas.esteri.it\/es\/wp-json\/wp\/v2\/pages\/1014\/revisions"}],"predecessor-version":[{"id":4134,"href":"https:\/\/conscaracas.esteri.it\/es\/wp-json\/wp\/v2\/pages\/1014\/revisions\/4134"}],"up":[{"embeddable":true,"href":"https:\/\/conscaracas.esteri.it\/es\/wp-json\/wp\/v2\/pages\/1007"}],"wp:attachment":[{"href":"https:\/\/conscaracas.esteri.it\/es\/wp-json\/wp\/v2\/media?parent=1014"}],"curies":[{"name":"wp","href":"https:\/\/api.w.org\/{rel}","templated":true}]}}